{"id":36049,"date":"2025-03-27T15:16:50","date_gmt":"2025-03-27T14:16:50","guid":{"rendered":"https:\/\/arena-ticket.com\/?p=36049&#038;post_type=product&#038;preview_id=36049"},"modified":"2025-03-27T16:48:49","modified_gmt":"2025-03-27T15:48:49","slug":"helene-bockhorst-nimm-mich-ernst-2025-leipzig-kupfersaal-24-04-2025-2000-uhr","status":"publish","type":"product","link":"https:\/\/arena-ticket.com\/en\/product\/helene-bockhorst-nimm-mich-ernst-2025-leipzig-kupfersaal-24-04-2025-2000-uhr\/","title":{"rendered":"Helene Bockhorst - NIMM MICH ernst! 2025"},"content":{"rendered":"<section class=\"artist-portfolio component-inverted c-full c-narrow\" data-c=\"artistportfolio\">\n<section id=\"portfolio-biography\" class=\"c-inner c-narrow component-inverted biography\" data-c=\"artistportfolio\" data-qa=\"artistportfolio-biography\">\n<div class=\"container\">\n<div class=\"u-position-relative js-moretext-wrapper\">\n<div class=\"moretext js-moretext with-image expanded\" data-qa=\"readMoreText\">\n<div class=\"moretext-teaser\">\n<div class=\"external-content\">\n<p>Ob man \u00fcber jedes Thema Witze machen darf, ist in den letzten Jahren hei\u00df diskutiert worden. Die viel interessantere Frage ist aber eigentlich, darf man auch mal keine Witze machen? Wie viel emotionale Bandbreite vertr\u00e4gt ein Comedy- Programm?<br \/>\nHelene Bockhorst probiert es aus - und wagt den Spagat zwischen Humor und Tiefgang. In ihrer Genre-sprengenden One-Woman-Freakshow f\u00fchrt sie sich selber vor. Hereinspaziert, Manege frei - nehmen Sie Platz im erquickendsten Wechselbad, seit es Gef\u00fchle gibt! Nur hier sehen Sie die st\u00e4rkste Frau der Welt, die Frau mit dem Unterleib und den Drahtseilakt der deutschen Comedy. Sie balanciert auf der feinen Linie zwischen Fremdscham und Erleuchtung. H\u00fcpft vom Trapez der guten Laune und verl\u00e4sst sich darauf, dass das Publikum sie f\u00e4ngt. Und wirft treffsicher Messer in die Herzen der Zuschauer.<br \/>\nKeine Angst, es wird an diesem Abend viel gelacht und das Leben gefeiert. Es wird aber auch erz\u00e4hlt, gestaunt und mitgelitten. Denn am Ende wollen wir doch alle nur das Eine: Geliebt werden, so, wie wir sind. In gl\u00fccklichen genauso wie in melancholischen Momenten. Und warum sollte eine K\u00fcnstlerin sich mit weniger zufriedengeben.<\/p>\n<\/div>\n<\/div>\n<\/div>\n<div class=\"link moretext-toggle\"><\/div>\n<\/div>\n<\/div>\n<\/section>\n<\/section>\n<section class=\"c-narrow c-full c-inner\" data-c=\"artistbazaarvoicewidget\">\n<div id=\"ratingListing\" class=\"container\">\n<h2 class=\"default-headline with-line\"><\/h2>\n<\/div>\n<\/section>","protected":false},"excerpt":{"rendered":"<p>Get your tickets now!<\/p>","protected":false},"featured_media":36053,"template":"","meta":{"_acf_changed":false,"inline_featured_image":false},"product_brand":[],"product_cat":[6725,31,95,922,430,86,6764,35,21,58],"product_tag":[954,941,5268,942,951,968,943,5269,944,947,948],"class_list":{"0":"post-36049","1":"product","2":"type-product","3":"status-publish","4":"has-post-thumbnail","6":"product_cat-comedy","7":"product_cat-events","8":"product_cat-humor","9":"product_cat-kultur","10":"product_cat-kupfersaal","11":"product_cat-leipzig","12":"product_cat-lesung","13":"product_cat-orte","14":"product_cat-ticket","15":"product_cat-veranstaltung","16":"product_tag-comedy","17":"product_tag-events","18":"product_tag-helene-bockhorst","19":"product_tag-konzert","20":"product_tag-kultur","21":"product_tag-kupfersaal","22":"product_tag-leipzig","23":"product_tag-nimm-mich-ernst-2025","24":"product_tag-orte","25":"product_tag-ticket","26":"product_tag-veranstaltung","27":"product_shipping_class-nur_paketversand","28":"pa_discount-ermaessigt","29":"pa_discount-normalpreis","30":"pa_preiskategorie-freie-platzwahl","32":"first","33":"instock","34":"taxable","35":"shipping-taxable","36":"purchasable","37":"product-type-variable"},"group_of_quantity":0,"min_quantity":0,"max_quantity":"","exclude_order_quantity_value_rules":"no","exclude_category_quantity_rules":"no","combine_variations":"no","acf":[],"_links":{"self":[{"href":"https:\/\/arena-ticket.com\/en\/wp-json\/wp\/v2\/product\/36049","targetHints":{"allow":["GET"]}}],"collection":[{"href":"https:\/\/arena-ticket.com\/en\/wp-json\/wp\/v2\/product"}],"about":[{"href":"https:\/\/arena-ticket.com\/en\/wp-json\/wp\/v2\/types\/product"}],"wp:featuredmedia":[{"embeddable":true,"href":"https:\/\/arena-ticket.com\/en\/wp-json\/wp\/v2\/media\/36053"}],"wp:attachment":[{"href":"https:\/\/arena-ticket.com\/en\/wp-json\/wp\/v2\/media?parent=36049"}],"wp:term":[{"taxonomy":"product_brand","embeddable":true,"href":"https:\/\/arena-ticket.com\/en\/wp-json\/wp\/v2\/product_brand?post=36049"},{"taxonomy":"product_cat","embeddable":true,"href":"https:\/\/arena-ticket.com\/en\/wp-json\/wp\/v2\/product_cat?post=36049"},{"taxonomy":"product_tag","embeddable":true,"href":"https:\/\/arena-ticket.com\/en\/wp-json\/wp\/v2\/product_tag?post=36049"}],"curies":[{"name":"wp","href":"https:\/\/api.w.org\/{rel}","templated":true}]}}