{"id":36054,"date":"2025-03-27T15:28:04","date_gmt":"2025-03-27T14:28:04","guid":{"rendered":"https:\/\/arena-ticket.com\/?p=36054&#038;post_type=product&#038;preview_id=36054"},"modified":"2025-03-29T11:06:39","modified_gmt":"2025-03-29T10:06:39","slug":"anna-ternheim-premonitions-tour-leipzig-parkbuehne-geyserhaus-23-09-2025-1930-uhr","status":"publish","type":"product","link":"https:\/\/arena-ticket.com\/en\/product\/anna-ternheim-premonitions-tour-leipzig-parkbuehne-geyserhaus-23-09-2025-1930-uhr\/","title":{"rendered":"Anna Ternheim  - Premonitions Tour"},"content":{"rendered":"<p>\u201eComedians faszinieren mich. Bevor sie ein neues Programm auf die gro\u00dfe B\u00fchne bringen, probieren sie es und sich aus. Vor echten Menschen. In kleinen Clubs wird gefeilt, gescheitert, es entsteht Magie oder andere unvorhergesehene Dinge. Das ist Teil des Prozesses. Verfeinern, \u00fcberarbeiten und alles nochmal von vorne beginnen. Es erinnert mich an meine Anf\u00e4nge, lange vor der Ver\u00f6ffentlichung meines ersten Albums. Ich trat auf und spielte Lieder, die keiner kannte und merkte, was ankam und was nicht. So entstand mein erstes Album mit Songs, die ich jahrelang gespielt hatte und danach erst aufnahm. Jedes weitere Album entstand genau umgekehrt. Mit der PREMONITIONS Tour gehe ich zur\u00fcck in die Zeit, in der es kein Netz oder doppelten Boden gab. Was ich nicht habe, sind 10 hochglanzpolierte und produzierte Songs, die ich vortrage. Ich komme mit Unfertigem, ich bin auf dem Weg und einer Reise, auf die Ich das Publikum mitnehmen m\u00f6chte. Ich lade es ein auf einen Abend, der vielleicht ein wenig unerwartet oder seltsam, aber auch magisch sein wird, auf jeden Fall wird es ein Anfang sein. Ein Anfang, den ich gemeinsam mit echten Menschen beginnen m\u00f6chte. Und ja, nat\u00fcrlich darf an einem so besonderen Abend der ein oder andere all time favorite nicht fehlen.\u201c<\/p>","protected":false},"excerpt":{"rendered":"<p class=\"detail-item__titel\">Secure your tickets!<\/p>","protected":false},"featured_media":36056,"template":"","meta":{"_acf_changed":false,"inline_featured_image":false},"product_brand":[],"product_cat":[31,69,86,35,461,6733,21,58],"product_tag":[3390,941,942,943,944,969,5270,947,948],"class_list":{"0":"post-36054","1":"product","2":"type-product","3":"status-publish","4":"has-post-thumbnail","6":"product_cat-events","7":"product_cat-konzert","8":"product_cat-leipzig","9":"product_cat-orte","10":"product_cat-parkbuehne-geyserhaus","11":"product_cat-pop","12":"product_cat-ticket","13":"product_cat-veranstaltung","14":"product_tag-anna-ternheim","15":"product_tag-events","16":"product_tag-konzert","17":"product_tag-leipzig","18":"product_tag-orte","19":"product_tag-parkbuehne-geyserhaus","20":"product_tag-premonitions-tour","21":"product_tag-ticket","22":"product_tag-veranstaltung","23":"product_shipping_class-nur_paketversand","24":"pa_discount-leipzig-pass-inhaber","25":"pa_discount-normalpreis","26":"pa_preiskategorie-freie-platzwahl","28":"first","29":"instock","30":"taxable","31":"shipping-taxable","32":"purchasable","33":"product-type-variable"},"group_of_quantity":0,"min_quantity":0,"max_quantity":"","exclude_order_quantity_value_rules":"no","exclude_category_quantity_rules":"no","combine_variations":"no","acf":[],"_links":{"self":[{"href":"https:\/\/arena-ticket.com\/en\/wp-json\/wp\/v2\/product\/36054","targetHints":{"allow":["GET"]}}],"collection":[{"href":"https:\/\/arena-ticket.com\/en\/wp-json\/wp\/v2\/product"}],"about":[{"href":"https:\/\/arena-ticket.com\/en\/wp-json\/wp\/v2\/types\/product"}],"wp:featuredmedia":[{"embeddable":true,"href":"https:\/\/arena-ticket.com\/en\/wp-json\/wp\/v2\/media\/36056"}],"wp:attachment":[{"href":"https:\/\/arena-ticket.com\/en\/wp-json\/wp\/v2\/media?parent=36054"}],"wp:term":[{"taxonomy":"product_brand","embeddable":true,"href":"https:\/\/arena-ticket.com\/en\/wp-json\/wp\/v2\/product_brand?post=36054"},{"taxonomy":"product_cat","embeddable":true,"href":"https:\/\/arena-ticket.com\/en\/wp-json\/wp\/v2\/product_cat?post=36054"},{"taxonomy":"product_tag","embeddable":true,"href":"https:\/\/arena-ticket.com\/en\/wp-json\/wp\/v2\/product_tag?post=36054"}],"curies":[{"name":"wp","href":"https:\/\/api.w.org\/{rel}","templated":true}]}}