{"id":36057,"date":"2025-03-27T15:36:08","date_gmt":"2025-03-27T14:36:08","guid":{"rendered":"https:\/\/arena-ticket.com\/?p=36057&#038;post_type=product&#038;preview_id=36057"},"modified":"2025-05-21T10:48:19","modified_gmt":"2025-05-21T08:48:19","slug":"maite-kelly-band-open-air-2025-singen-tanzen-sommernacht-freilichtbuehne-landsberg-09-08-2025-2100-uhr","status":"publish","type":"product","link":"https:\/\/arena-ticket.com\/en\/product\/maite-kelly-band-open-air-2025-singen-tanzen-sommernacht-freilichtbuehne-landsberg-09-08-2025-2100-uhr\/","title":{"rendered":"MAITE KELLY &amp; BAND  - Singen. Tanzen. Sommernacht"},"content":{"rendered":"<h2 class=\"default-headline with-line\">Biografie - Maite Kelly<\/h2>\n<div class=\"u-position-relative js-moretext-wrapper\">\n<div class=\"moretext js-moretext with-image expanded\" data-qa=\"readMoreText\">\n<div class=\"moretext-teaser\">\n<div class=\"artist-image\">Maite Kelly steht schon ihr ganzes Leben lang auf der B\u00fchne: als Kind mit ihren Geschwistern als Teil der ber\u00fchmten Kelly Family, sp\u00e4ter als Solo-K\u00fcnstlerin. Inzwischen ist die S\u00e4ngerin mit irisch-amerikanischen Wurzeln musikalisch im modernen Pop-Schlager angekommen \u2013 mit gro\u00dfem Erfolg.<\/div>\n<div class=\"external-content\">\n<p>&nbsp;<\/p>\n<h3>Erste Erfolge mit der Kelly Family<\/h3>\n<p>Geboren wird Maite Star Kelly am 4. Dezember 1979 in Berlin. Sie kommt als vorletzte Tochter von insgesamt 12 Kindern zur Welt \u2013 als einziges Kind der Kelly Family in Deutschland. Gemeinsam mit ihrem Vater und ihren Geschwistern feiert sie bereits fr\u00fch gro\u00dfe Erfolge in der Musikbranche. Den H\u00f6hepunkt ihres Erfolges feiert die Kelly Family im Jahr 1994 mit dem Album \u201eOver The Hump\u201c, das gleich neun Mal mit Gold ausgezeichnet wird.<\/p>\n<p>&nbsp;<\/p>\n<h3>Maite Kelly als Solo-K\u00fcnstlerin<\/h3>\n<p>Nach dem gro\u00dfen Ruhm und Erfolg der Kelly Family zieht sich Maite Kelly wie viele andere Familienmitglieder zun\u00e4chst aus dem Rampenlicht zur\u00fcck, zwischenzeitlich arbeitet sie als Erzieherin. 2005 heiratet sie das Model Florent Michel Raimond, das Paar hat zusammen drei Kinder. Nach 12 Jahren als Ehepaar geben die beiden 2017 ihre Trennung bekannt, die Ehe wird sp\u00e4ter annulliert.<\/p>\n<p>&nbsp;<\/p>\n<p>Im Jahr 2007 konzipiert Maite Kelly ihr erstes Soloalbum. Die ersten Songs schreibt sie noch in englischer Sprache, steigt aber schon bald auf die deutsche Sprache um. W\u00e4hrend sie ihre Solo-Karriere vorantreibt, spielt sie in Musicals mit, singt Lieder im Disney-Film \u201eTinkerbell \u2013 Die Suche nach dem verlorenen Schatz\u201c und gewinnt bei der RTL-Tanzshow \u201eLet\u2019s Dance\u201c, wo sie sp\u00e4ter Juror Harald Gl\u00f6\u00f6ckler in der Jury ersetzt.<\/p>\n<p>&nbsp;<\/p>\n<p>Doch nicht nur ihre Gesangskarriere ist Maite Kelly wichtig: Sie setzt sich auch immer wieder f\u00fcr den guten Zweck ein. So unterst\u00fctzt sie unter anderem ein soziales Projekt in Togo, sowohl finanziell als auch durch ihren Einsatz vor Ort. Au\u00dferdem engagiert sie sich f\u00fcr die Deutsche Krebshilfe.<\/p>\n<p>&nbsp;<\/p>\n<p>Parallel dazu entwirft das Multitalent Mode f\u00fcr Bon Prix und ver\u00f6ffentlicht zusammen mit Britta Sabbag die Kinderbuchreihe \u201eDie kleine Hummel Bommel\u201c, deren erster Band im Jahr 2015 mit dem LovelyBooks-Leserpreis ausgezeichnet wurde.<\/p>\n<p>&nbsp;<\/p>\n<p>Das sind Maite Kellys als Solo-K\u00fcnstlerin ver\u00f6ffentlichte Alben:<\/p>\n<ul>\n<li>2009: \u201eThe Unofficial Album\u201c<\/li>\n<li>2011: \u201eDas volle Programm\u201c<\/li>\n<li>2013: \u201eWie ich bin\u201c<\/li>\n<li>2016: \u201eSieben Leben f\u00fcr dich\u201c<\/li>\n<li>2018: \u201eDie Liebe siegt sowieso\u201c<\/li>\n<li>2021: \u201eHello!\u201c<\/li>\n<\/ul>\n<h3>Erfolgs-Duett mit Roland Kaiser<\/h3>\n<p>Besonders erfolgreich ist im Jahr 2014 die Single \u201eWarum hast du nicht nein gesagt\u201c, ein Duett von Maite Kelly und Roland Kaiser. Bei Live-Shows kann Maite Kelly gemeinsam mit dem Schlager-Urgestein die Massen begeistern. Die Single h\u00e4lt sich 12 Wochen in den deutschen Charts, wird f\u00fcr \u00fcber 300.000 verkaufte Exemplare mit Platin ausgezeichnet und geh\u00f6rt damit zu den meistverkauften Schlagern in Deutschland.<\/p>\n<p>&nbsp;<\/p>\n<p>Sp\u00e4testens seit diesem Riesenerfolg ist Maite Kelly nicht mehr aufzuhalten: Sie geh\u00f6rt mittlerweile fest zum Establishment des deutschen Pop-Schlagers. F\u00fcr Fans bedeutet das: Schnell sein, um sich eines der beliebten Tickets f\u00fcr eine Maite-Kelly-Tour zu sichern \u2013 denn die sind bekanntlich binnen kurzer Zeit ausverkauft.<\/p>\n<\/div>\n<\/div>\n<\/div>\n<\/div>","protected":false},"excerpt":{"rendered":"<p>Get your tickets now!<\/p>","protected":false},"featured_media":36062,"template":"","meta":{"_acf_changed":false,"inline_featured_image":false},"product_brand":[],"product_cat":[31,404,102,69,35,6734,21,58],"product_tag":[941,3430,999,942,5271,944,5272,947,948],"class_list":{"0":"post-36057","1":"product","2":"type-product","3":"status-publish","4":"has-post-thumbnail","6":"product_cat-events","7":"product_cat-freilichtbuehne-landsberg","8":"product_cat-halle","9":"product_cat-konzert","10":"product_cat-orte","11":"product_cat-schlager","12":"product_cat-ticket","13":"product_cat-veranstaltung","14":"product_tag-events","15":"product_tag-freilichtbuehne-landsberg","16":"product_tag-halle","17":"product_tag-konzert","18":"product_tag-maite-kelly-band","19":"product_tag-orte","20":"product_tag-singen-tanzen-sommernacht","21":"product_tag-ticket","22":"product_tag-veranstaltung","23":"product_shipping_class-nur_paketversand","24":"pa_discount-normalpreis","25":"pa_preiskategorie-stehplatz","27":"first","28":"instock","29":"taxable","30":"shipping-taxable","31":"purchasable","32":"product-type-variable"},"group_of_quantity":0,"min_quantity":0,"max_quantity":"","exclude_order_quantity_value_rules":"no","exclude_category_quantity_rules":"no","combine_variations":"no","acf":[],"_links":{"self":[{"href":"https:\/\/arena-ticket.com\/en\/wp-json\/wp\/v2\/product\/36057","targetHints":{"allow":["GET"]}}],"collection":[{"href":"https:\/\/arena-ticket.com\/en\/wp-json\/wp\/v2\/product"}],"about":[{"href":"https:\/\/arena-ticket.com\/en\/wp-json\/wp\/v2\/types\/product"}],"wp:featuredmedia":[{"embeddable":true,"href":"https:\/\/arena-ticket.com\/en\/wp-json\/wp\/v2\/media\/36062"}],"wp:attachment":[{"href":"https:\/\/arena-ticket.com\/en\/wp-json\/wp\/v2\/media?parent=36057"}],"wp:term":[{"taxonomy":"product_brand","embeddable":true,"href":"https:\/\/arena-ticket.com\/en\/wp-json\/wp\/v2\/product_brand?post=36057"},{"taxonomy":"product_cat","embeddable":true,"href":"https:\/\/arena-ticket.com\/en\/wp-json\/wp\/v2\/product_cat?post=36057"},{"taxonomy":"product_tag","embeddable":true,"href":"https:\/\/arena-ticket.com\/en\/wp-json\/wp\/v2\/product_tag?post=36057"}],"curies":[{"name":"wp","href":"https:\/\/api.w.org\/{rel}","templated":true}]}}