{"id":36087,"date":"2025-03-27T16:50:20","date_gmt":"2025-03-27T15:50:20","guid":{"rendered":"https:\/\/arena-ticket.com\/?p=36087&#038;post_type=product&#038;preview_id=36087"},"modified":"2025-10-07T14:32:08","modified_gmt":"2025-10-07T12:32:08","slug":"sophie-hunger-walzer-fuer-niemand-leipzig-kupfersaal-17-11-2025-2000-uhr","status":"publish","type":"product","link":"https:\/\/arena-ticket.com\/en\/product\/sophie-hunger-walzer-fuer-niemand-leipzig-kupfersaal-17-11-2025-2000-uhr\/","title":{"rendered":"Sophie Hunger  - \"Walzer f\u00fcr Niemand\""},"content":{"rendered":"<section class=\"artist-portfolio component-inverted c-full c-narrow\" data-c=\"artistportfolio\">\n<section id=\"portfolio-biography\" class=\"c-inner c-narrow component-inverted biography\" data-c=\"artistportfolio\" data-qa=\"artistportfolio-biography\">\n<div class=\"container\">\n<div class=\"u-position-relative js-moretext-wrapper\">\n<div class=\"moretext js-moretext with-image expanded\" data-qa=\"readMoreText\">\n<div class=\"moretext-teaser\">\n<div class=\"external-content\">\n<p>Ein Aufwachsen im Herzen der Musik - und die Geschichte einer Freundschaft, deren Innigkeit zerst\u00f6rerisch ist. Sophie Hunger legt mit \"Walzer f\u00fcr Niemand\" einen abgr\u00fcndigen wie poetischen, einen tragikomischen und raffinierten Coming-of-Age-Roman vor. Freuen oder f\u00fcrchten Sie sich vor einem musikalischen Abend, der unbarmherzig und zart vom Elementaren der Musik erz\u00e4hlt.<\/p>\n<\/div>\n<\/div>\n<\/div>\n<\/div>\n<\/div>\n<\/section>\n<\/section>","protected":false},"excerpt":{"rendered":"<p>Freuen oder f\u00fcrchten Sie sich vor einem musikalischen Abend, der unbarmherzig und zart vom Elementaren der Musik erz\u00e4hlt. Jetzt schon Tickets sichern!<\/p>","protected":false},"featured_media":50951,"template":"","meta":{"_acf_changed":false,"inline_featured_image":false},"product_brand":[],"product_cat":[31,6748,69,922,430,86,6764,35,21,58],"product_tag":[5278,941,942,951,968,943,944,5277,947,948],"class_list":{"0":"post-36087","1":"product","2":"type-product","3":"status-publish","4":"has-post-thumbnail","6":"product_cat-events","7":"product_cat-indie","8":"product_cat-konzert","9":"product_cat-kultur","10":"product_cat-kupfersaal","11":"product_cat-leipzig","12":"product_cat-lesung","13":"product_cat-orte","14":"product_cat-ticket","15":"product_cat-veranstaltung","16":"product_tag-walzer-fuer-niemand","17":"product_tag-events","18":"product_tag-konzert","19":"product_tag-kultur","20":"product_tag-kupfersaal","21":"product_tag-leipzig","22":"product_tag-orte","23":"product_tag-sophie-hunger","24":"product_tag-ticket","25":"product_tag-veranstaltung","26":"product_shipping_class-nur_paketversand","27":"pa_discount-ermaessigt","28":"pa_discount-normalpreis","29":"pa_preiskategorie-freie-platzwahl","31":"first","32":"outofstock","33":"taxable","34":"shipping-taxable","35":"purchasable","36":"product-type-variable"},"group_of_quantity":0,"min_quantity":0,"max_quantity":"","exclude_order_quantity_value_rules":"no","exclude_category_quantity_rules":"no","combine_variations":"no","acf":[],"_links":{"self":[{"href":"https:\/\/arena-ticket.com\/en\/wp-json\/wp\/v2\/product\/36087","targetHints":{"allow":["GET"]}}],"collection":[{"href":"https:\/\/arena-ticket.com\/en\/wp-json\/wp\/v2\/product"}],"about":[{"href":"https:\/\/arena-ticket.com\/en\/wp-json\/wp\/v2\/types\/product"}],"wp:featuredmedia":[{"embeddable":true,"href":"https:\/\/arena-ticket.com\/en\/wp-json\/wp\/v2\/media\/50951"}],"wp:attachment":[{"href":"https:\/\/arena-ticket.com\/en\/wp-json\/wp\/v2\/media?parent=36087"}],"wp:term":[{"taxonomy":"product_brand","embeddable":true,"href":"https:\/\/arena-ticket.com\/en\/wp-json\/wp\/v2\/product_brand?post=36087"},{"taxonomy":"product_cat","embeddable":true,"href":"https:\/\/arena-ticket.com\/en\/wp-json\/wp\/v2\/product_cat?post=36087"},{"taxonomy":"product_tag","embeddable":true,"href":"https:\/\/arena-ticket.com\/en\/wp-json\/wp\/v2\/product_tag?post=36087"}],"curies":[{"name":"wp","href":"https:\/\/api.w.org\/{rel}","templated":true}]}}