{"id":36102,"date":"2025-03-27T17:29:30","date_gmt":"2025-03-27T16:29:30","guid":{"rendered":"https:\/\/arena-ticket.com\/?p=36102&#038;post_type=product&#038;preview_id=36102"},"modified":"2025-07-03T14:46:21","modified_gmt":"2025-07-03T12:46:21","slug":"santana-oneness-tour-2025-berlin-uber-arena-13-06-2025-2000-uhr","status":"publish","type":"product","link":"https:\/\/arena-ticket.com\/en\/product\/santana-oneness-tour-2025-berlin-uber-arena-13-06-2025-2000-uhr\/","title":{"rendered":"Santana - Oneness Tour 2025"},"content":{"rendered":"<p style=\"font-weight: 400\">Seit mehr als sechs Jahrzehnten begeistert\u00a0<b><strong>Carlos Santana<\/strong><\/b>\u00a0mit seiner vision\u00e4ren Kreativit\u00e4t, die musikalische Genres verbindet und weit \u00fcber kulturelle wie geographische Grenzen hinausgeht. Der 10-fache Grammy Gewinner\u00a0<b><strong>Santana<\/strong><\/b>\u00a0kommt im Sommer 25 nach Deutschland. Der ikonische Rock-Gitarrist und Latin-Rock Superstar tritt zwischen dem 13. Juni und 9. August in Berlin, Hamburg, Rosenheim, K\u00f6ln und Hannover auf.<\/p>\n<p style=\"font-weight: 400\">Auf seiner\u00a0<b><strong>Oneness Tour<\/strong><\/b>\u00a0zelebriert Carlos\u00a0<b><strong>Santana<\/strong><\/b>\u00a0die Songs seiner \u00fcber 60-j\u00e4hrigen Karriere, darunter Meilensteine und Fan-Favoriten von\u00a0<b><strong>\u201eAbraxas\u201c bis \u201eSupernatural\u201c<\/strong><\/b>\u00a0und viele mehr. In jeder Dekade hatte\u00a0<b><strong>Carlos Santana<\/strong><\/b>\u00a0einen Tophit in den internationalen Charts.<\/p>\n<p style=\"font-weight: 400\">Mit \u00fcbernat\u00fcrlichen Kr\u00e4ften oder schwarzer Magie hat der Erfolg von\u00a0<b><strong>Carlos Santana<\/strong><\/b>\u00a0wahrlich nichts zu tun, trotz Megahits wie\u00a0<b><strong>\u201eBlack Magic Woman\u201c<\/strong><\/b>\u00a0and\u00a0<b><strong>Woodstock<\/strong><\/b>\u00a0bis\u00a0<b><strong>\u201eSupernatural\u201c<\/strong><\/b>. \u00dcber f\u00fcnf turbulente Jahrzehnte erstreckt sich die einzigartige Laufbahn des aus Mexiko stammenden Ausnahmek\u00fcnstlers, der den Latin-Rock aus seiner Gitarre zaubert, bereits.\u00a0<b><strong>Carlos Santana<\/strong><\/b>\u00a0geh\u00f6rt mit genialem Stil und unverwechselbarem Sound zu einem ganz illustren Kreis von Rockvirtuosen, deren Popularit\u00e4t Zeitenwenden und Moden trotzte.<\/p>\n<p style=\"font-weight: 400\">Alben wie\u00a0<b><strong>\u201eSantana\u201c<\/strong><\/b>,\u00a0<b><strong>\u201eAbraxas\u201c<\/strong><\/b>, \u201e<b><strong>Supernatural\u201c<\/strong><\/b>\u00a0oder\u00a0<b><strong>\u201eUltimate Santana\u201c<\/strong><\/b>\u00a0mit einer Auflage von insgesamt weit mehr als 100 Millionen spannen einen Bogen von Woodstock bis in die Gegenwart.\u00a0<b><strong>Santanas<\/strong><\/b>\u00a0Faszination als einzigartige Live-Band haben rekordverd\u00e4chtige 100 Millionen Zuschauer erlebt. Bei ihnen verschmelzen auf kongeniale Weise verschiedene Musikstile, sie bestechen mit ihrer Fusion aus Pop, Rock, Latin, Jazz und Soul.<\/p>\n<p style=\"font-weight: 400\">Der 1947 im mexikanischen Dorf Autlan de Navarro geborene\u00a0<b><strong>Carlos Santana<\/strong><\/b>\u00a0hat im Verlauf seiner bemerkenswerten Karriere immer wieder wichtige Akzente gesetzt. Bereits mit f\u00fcnf Jahren wurde\u00a0<b><strong>Carlos<\/strong><\/b>\u00a0von seinem Vater Jos\u00e9, einem Mariachi-Violinisten, mit der traditionellen mexikanischen Folklore vertraut gemacht. Seine eigentliche Musikgeschichte begann beim Umzug in die Grenzstadt Tijuana. Dort entdeckte er seine Passion f\u00fcr die Gitarre, inspiriert durch BB King, John Lee Hooker und T-Bone Walker, und seine Liebe zur Rockmusik.<\/p>\n<p style=\"font-weight: 400\">1961 zog\u00a0<b><strong>Carlos<\/strong><\/b>\u00a0nach San Francisco, in den 60er Jahren das kulturelle Zentrum der USA. Die einflussreiche lokale Musikszene vereinnahmte ihn und 1966 gab die\u00a0<b><strong>Santana-Blues-Band<\/strong><\/b>\u00a0in der Hauptstadt der Hippie-Bewegung ihr Deb\u00fct. Die Legende und der Erfolg von Woodstock sind eng mit\u00a0<b><strong>Santana<\/strong><\/b>\u00a0verkn\u00fcpft, denen bei diesem Festival, das die Welt ver\u00e4nderte, der ganz gro\u00dfe Durchbruch gelang. Hymnen wie\u00a0<b><strong>\u201eEvil Ways\u201c<\/strong><\/b>,\u00a0<b><strong>\u201eOye Como Va\u201c<\/strong><\/b>\u00a0and\u00a0<b><strong>\u201eBlack Magic Woman\u201c<\/strong><\/b>\u00a0stammen aus dieser Bl\u00fctezeit. Sie pr\u00e4gten das Bewusstsein der Fans, bis\u00a0<b><strong>Supernatural<\/strong><\/b>-Hits wie\u00a0<b><strong>\u201eMaria, Maria\u201c<\/strong><\/b>,\u00a0<b><strong>\u201eSmooth\u201c<\/strong><\/b>\u00a0and\u00a0<b><strong>\u201eCorazon Espinado\u201c<\/strong><\/b>\u00a0ein grandioses\u00a0<b><strong>Santana<\/strong><\/b>-Revival einleiteten. Galten\u00a0<b><strong>Santana<\/strong><\/b>\u00a0bis zu diesem Zeitpunkt bereits als Heroen des Rockzeitalters, mit\u00a0<b><strong>Supernatural<\/strong><\/b>\u00a0definierten sie eine neue, kaum f\u00fcr m\u00f6glich gehaltene Erfolgsdimension, die sich in fast 30 Millionen verkauften Alben dokumentierte.<\/p>\n<p style=\"font-weight: 400\">\u201eWenn man ein Santana Konzert besucht, geschieht etwas wundersames\u201c, erkl\u00e4rt\u00a0<b><strong>Carlos Santana<\/strong><\/b>. \u201eAuf der B\u00fchne mit dieser Band f\u00fchle ich mit wie ein zwanzigj\u00e4hriger und wir geben alle Energie bei jedem Song.\u201c<\/p>\n<p style=\"font-weight: 400\"><b><strong>Santana<\/strong><\/b>-Auftritte sind leidenschaftliche Feste der Latin Music, bei denen s\u00fcdamerikanische Lebensfreude und Rhythmen mit Blues und Rock verschmelzen. Immer springt der Funke auf das Publikum \u00fcber, das mit\u00a0<b><strong>Carlos<\/strong><\/b>\u00a0und seiner Band eine \u00fcberschw\u00e4ngliche Rock-Fiesta feiert. Sein humanit\u00e4res Engagement, Eintreten f\u00fcr den Frieden und subtile spirituelle Botschaften, die auf Verst\u00e4ndnis, Anteilnahme und Mitgef\u00fchl hinwirken, haben die Menschen tief ber\u00fchrt.\u00a0<b><strong>Carlos Santana\u00a0<\/strong><\/b>inspirierte die Welt mit seiner Musik und seiner Menschlichkeit und die Welt umarmte\u00a0<b><strong>Carlos Santana<\/strong><\/b>.<\/p>","protected":false},"excerpt":{"rendered":"<div><\/div>\n<div>\n<p>Carlos Santana im Sommer 25 auf Tour -\u00a0Mit allen Hits von Abraxas bis Supernatural und dar\u00fcber hinaus - Nicht verpassen!<\/p>\n<p style=\"font-weight: 400\">\n<\/div>","protected":false},"featured_media":36108,"template":"","meta":{"_acf_changed":false,"inline_featured_image":false},"product_brand":[],"product_cat":[31,315,69,35,6732,517,58],"product_tag":[1332,941,942,5282,944,5281,3638,948],"class_list":{"0":"post-36102","1":"product","2":"type-product","3":"status-publish","4":"has-post-thumbnail","6":"product_cat-events","7":"product_cat-berlin","8":"product_cat-konzert","9":"product_cat-orte","10":"product_cat-rock-hard-rock","11":"product_cat-uber-arena","12":"product_cat-veranstaltung","13":"product_tag-berlin","14":"product_tag-events","15":"product_tag-konzert","16":"product_tag-oneness-tour-2025","17":"product_tag-orte","18":"product_tag-santana","19":"product_tag-uber-arena","20":"product_tag-veranstaltung","21":"product_shipping_class-nur_paketversand","22":"pa_discount-inklusive-begleitperson","23":"pa_discount-normalpreis","24":"pa_preiskategorie-pk-i","25":"pa_preiskategorie-pk-ii","26":"pa_preiskategorie-pk-iii","27":"pa_preiskategorie-pk-iv","29":"first","30":"instock","31":"taxable","32":"shipping-taxable","33":"purchasable","34":"product-type-variable","35":"has-default-attributes"},"group_of_quantity":0,"min_quantity":0,"max_quantity":"","exclude_order_quantity_value_rules":"no","exclude_category_quantity_rules":"no","combine_variations":"no","acf":[],"_links":{"self":[{"href":"https:\/\/arena-ticket.com\/en\/wp-json\/wp\/v2\/product\/36102","targetHints":{"allow":["GET"]}}],"collection":[{"href":"https:\/\/arena-ticket.com\/en\/wp-json\/wp\/v2\/product"}],"about":[{"href":"https:\/\/arena-ticket.com\/en\/wp-json\/wp\/v2\/types\/product"}],"wp:featuredmedia":[{"embeddable":true,"href":"https:\/\/arena-ticket.com\/en\/wp-json\/wp\/v2\/media\/36108"}],"wp:attachment":[{"href":"https:\/\/arena-ticket.com\/en\/wp-json\/wp\/v2\/media?parent=36102"}],"wp:term":[{"taxonomy":"product_brand","embeddable":true,"href":"https:\/\/arena-ticket.com\/en\/wp-json\/wp\/v2\/product_brand?post=36102"},{"taxonomy":"product_cat","embeddable":true,"href":"https:\/\/arena-ticket.com\/en\/wp-json\/wp\/v2\/product_cat?post=36102"},{"taxonomy":"product_tag","embeddable":true,"href":"https:\/\/arena-ticket.com\/en\/wp-json\/wp\/v2\/product_tag?post=36102"}],"curies":[{"name":"wp","href":"https:\/\/api.w.org\/{rel}","templated":true}]}}