{"id":36254,"date":"2025-03-28T12:10:34","date_gmt":"2025-03-28T11:10:34","guid":{"rendered":"https:\/\/arena-ticket.com\/?p=36254&#038;post_type=product&#038;preview_id=36254"},"modified":"2026-03-09T16:39:17","modified_gmt":"2026-03-09T15:39:17","slug":"buelent-ceylan-diktatuerk-leipzig-haus-auensee-18-09-2026-2000-uhr","status":"publish","type":"product","link":"https:\/\/arena-ticket.com\/en\/product\/buelent-ceylan-diktatuerk-leipzig-haus-auensee-18-09-2026-2000-uhr\/","title":{"rendered":"B\u00fclent Ceylan  - Diktat\u00fcrk"},"content":{"rendered":"<p>But not with B\u00fclent. From today on, we&#039;ll be dictating back!<\/p>\n<p>Thor becomes Dicta-Thor.<br \/>\nMompfreed&#039;s wife Waltraut also urgently needs a message again.<br \/>\nAnneliese, of course, has long been the perfect leader. Harald lives in his own world, where only his own rules apply. And Hasan would love to be a dictator. But of course, he wouldn&#039;t occupy neighboring countries, but at most, he&#039;d spend three hours in the toilet.<\/p>\n<p>Yes, and at B\u00fclent&#039;s house, family rule reigns supreme. Even B\u00fclent has to stand to attention sometimes. Metal and marching music are also included (in the new program), of course.<\/p>\n<p>So, get your cards - hey, just a suggestion, not an order!<\/p>","protected":false},"excerpt":{"rendered":"<p>B\u00fclent has had enough. Dictators everywhere! Whether it&#039;s politics, fashion, relationships, or nutrition\u2014someone is always trying to tell you what to do.<\/p>","protected":false},"featured_media":62409,"template":"","meta":{"_acf_changed":false,"inline_featured_image":false},"product_brand":[],"product_cat":[6725,31,344,95,86,35,21,58],"product_tag":[3549,954,5289,941,962,943,944,947,948],"class_list":{"0":"post-36254","1":"product","2":"type-product","3":"status-publish","4":"has-post-thumbnail","6":"product_cat-comedy","7":"product_cat-events","8":"product_cat-haus-auensee","9":"product_cat-humor","10":"product_cat-leipzig","11":"product_cat-orte","12":"product_cat-ticket","13":"product_cat-veranstaltung","14":"product_tag-buelent-ceylan","15":"product_tag-comedy","16":"product_tag-diktatuerk","17":"product_tag-events","18":"product_tag-haus-auensee","19":"product_tag-leipzig","20":"product_tag-orte","21":"product_tag-ticket","22":"product_tag-veranstaltung","23":"product_shipping_class-nur_paketversand","24":"pa_discount-normalpreis","25":"pa_preiskategorie-pk-i","26":"pa_preiskategorie-pk-ii","27":"pa_preiskategorie-pk-iii","28":"pa_preiskategorie-pk-iv","30":"first","31":"outofstock","32":"taxable","33":"shipping-taxable","34":"purchasable","35":"product-type-variable","36":"has-default-attributes"},"group_of_quantity":0,"min_quantity":0,"max_quantity":"","exclude_order_quantity_value_rules":"no","exclude_category_quantity_rules":"no","combine_variations":"no","acf":[],"_links":{"self":[{"href":"https:\/\/arena-ticket.com\/en\/wp-json\/wp\/v2\/product\/36254","targetHints":{"allow":["GET"]}}],"collection":[{"href":"https:\/\/arena-ticket.com\/en\/wp-json\/wp\/v2\/product"}],"about":[{"href":"https:\/\/arena-ticket.com\/en\/wp-json\/wp\/v2\/types\/product"}],"wp:featuredmedia":[{"embeddable":true,"href":"https:\/\/arena-ticket.com\/en\/wp-json\/wp\/v2\/media\/62409"}],"wp:attachment":[{"href":"https:\/\/arena-ticket.com\/en\/wp-json\/wp\/v2\/media?parent=36254"}],"wp:term":[{"taxonomy":"product_brand","embeddable":true,"href":"https:\/\/arena-ticket.com\/en\/wp-json\/wp\/v2\/product_brand?post=36254"},{"taxonomy":"product_cat","embeddable":true,"href":"https:\/\/arena-ticket.com\/en\/wp-json\/wp\/v2\/product_cat?post=36254"},{"taxonomy":"product_tag","embeddable":true,"href":"https:\/\/arena-ticket.com\/en\/wp-json\/wp\/v2\/product_tag?post=36254"}],"curies":[{"name":"wp","href":"https:\/\/api.w.org\/{rel}","templated":true}]}}