{"id":36499,"date":"2025-04-01T18:37:31","date_gmt":"2025-04-01T16:37:31","guid":{"rendered":"https:\/\/arena-ticket.com\/?p=36499&#038;post_type=product&#038;preview_id=36499"},"modified":"2025-04-01T18:44:10","modified_gmt":"2025-04-01T16:44:10","slug":"chefket-dr-dirican-tour-leipzig-werk-2-halle-d-14-11-2025-2000-uhr","status":"publish","type":"product","link":"https:\/\/arena-ticket.com\/en\/product\/chefket-dr-dirican-tour-leipzig-werk-2-halle-d-14-11-2025-2000-uhr\/","title":{"rendered":"Chefket  - Dr. Dirican Tour"},"content":{"rendered":"<p>CHEFKET hat nach jahrelangem Studium seinen Doktor gemacht. \u201eDoktor DiRiCAN\u201c tourt durch Deutschland um alle zu heilen, die in den letzten Jahren durch schlechten Rap gesch\u00e4digt worden sind. Mit Medizin im Gep\u00e4ck, die man nur auf Rezept in Underground-Apotheken bekommt. Der Underground lebt! Und CHEFKET ist der Beweis daf\u00fcr. W\u00e4hrend sich die Industrie-Rapper auf Playlistplatzierungen konzentrieren, ist er der Einzige der Hiphop noch retten kann. DR. DiRiCAN, der heilende Highlander!<\/p>","protected":false},"excerpt":{"rendered":"<p>Get your tickets now!<\/p>","protected":false},"featured_media":36503,"template":"","meta":{"_acf_changed":false,"inline_featured_image":false},"product_brand":[],"product_cat":[31,6737,69,86,35,21,58,513],"product_tag":[5298,5299,941,942,943,947,948,972],"class_list":{"0":"post-36499","1":"product","2":"type-product","3":"status-publish","4":"has-post-thumbnail","6":"product_cat-events","7":"product_cat-hip-hop-rnb","8":"product_cat-konzert","9":"product_cat-leipzig","10":"product_cat-orte","11":"product_cat-ticket","12":"product_cat-veranstaltung","13":"product_cat-werk-zwei","14":"product_tag-chefket","15":"product_tag-dr-dirican-tour","16":"product_tag-events","17":"product_tag-konzert","18":"product_tag-leipzig","19":"product_tag-ticket","20":"product_tag-veranstaltung","21":"product_tag-werk-2","22":"product_shipping_class-nur_paketversand","23":"pa_preiskategorie-stehplatz","25":"first","26":"instock","27":"taxable","28":"shipping-taxable","29":"purchasable","30":"product-type-variable"},"group_of_quantity":0,"min_quantity":0,"max_quantity":"","exclude_order_quantity_value_rules":"no","exclude_category_quantity_rules":"no","combine_variations":"no","acf":[],"_links":{"self":[{"href":"https:\/\/arena-ticket.com\/en\/wp-json\/wp\/v2\/product\/36499","targetHints":{"allow":["GET"]}}],"collection":[{"href":"https:\/\/arena-ticket.com\/en\/wp-json\/wp\/v2\/product"}],"about":[{"href":"https:\/\/arena-ticket.com\/en\/wp-json\/wp\/v2\/types\/product"}],"wp:featuredmedia":[{"embeddable":true,"href":"https:\/\/arena-ticket.com\/en\/wp-json\/wp\/v2\/media\/36503"}],"wp:attachment":[{"href":"https:\/\/arena-ticket.com\/en\/wp-json\/wp\/v2\/media?parent=36499"}],"wp:term":[{"taxonomy":"product_brand","embeddable":true,"href":"https:\/\/arena-ticket.com\/en\/wp-json\/wp\/v2\/product_brand?post=36499"},{"taxonomy":"product_cat","embeddable":true,"href":"https:\/\/arena-ticket.com\/en\/wp-json\/wp\/v2\/product_cat?post=36499"},{"taxonomy":"product_tag","embeddable":true,"href":"https:\/\/arena-ticket.com\/en\/wp-json\/wp\/v2\/product_tag?post=36499"}],"curies":[{"name":"wp","href":"https:\/\/api.w.org\/{rel}","templated":true}]}}