{"id":36509,"date":"2025-04-01T18:42:55","date_gmt":"2025-04-01T16:42:55","guid":{"rendered":"https:\/\/arena-ticket.com\/?p=36509&#038;post_type=product&#038;preview_id=36509"},"modified":"2026-03-12T11:44:21","modified_gmt":"2026-03-12T10:44:21","slug":"mola-liebe-brutal-tour-25-leipzig-werk-2-15-11-2025-2000-uhr","status":"publish","type":"product","link":"https:\/\/arena-ticket.com\/en\/product\/mola-liebe-brutal-tour-25-leipzig-werk-2-15-11-2025-2000-uhr\/","title":{"rendered":"Mola  - Liebe Brutal Tour 25"},"content":{"rendered":"<p>MOLA - das ist Unaussprechlichkeiten \u00e0 la \u00bbMama, ich will keine Mama sein\u00ab freim\u00fctig bis feierlich in die Welt hinausschmettern; das ist die dramatisch aufgeladene letzte Kippe; das ist intoxikiertes Fliegen und intoxikiertes Fallen. MOLA - das sind schmissige Gossenpop-Ohrw\u00fcrmer und herzzerrei\u00dfende Soul Balladen, die nach Punk-Lederjacke riechen; das sind Pathos-getr\u00e4nkte Italo-Schnulzen im Gewitterregen, das sind Bittersweet Symphonies aus dem Indierock-Rumpelkeller. MOLA - das sind die mal knautschig geraunten, mal glorios r\u00f6hrenden Gesangsb\u00f6gen von Isabella Streifeneder; das sind eing\u00e4ngig-barsche Gitarrenriffs, quietschende Synths und staubige Drums; das ist die unverkennbare Handschrift des achtarmigen Multiinstrumentalisten und Produzenten Markus Sebastian Harbauer. MOLA - das sind wahlweise wehm\u00fctige, gn\u00e4dige oder galgenhumorige Hymnen auf br\u00f6ckelnde Tr\u00e4ume, Eskapaden, die Beschissenheit der Dinge und das Leben ohne F\u00fchrerschein; das sind schroffe Punchlines gegen die L\u00fcgen der Erwachsenen, das sind Balgereien mit dem eigenen Herzen, das ist \u00bballes gro\u00df oder alles egal\u00ab. MOLA - das ist ein rote Herzen kotzendes, monsterartiges Wesen mit giftgr\u00fcnen Augen; das ist radikale Reibung, das ist \u00bbSchnee im Sommer\u00ab, das ist \u00bbLiebe Brutal\u00ab.<\/p>","protected":false},"excerpt":{"rendered":"<p>Get your tickets now!<\/p>","protected":false},"featured_media":52971,"template":"","meta":{"_acf_changed":false,"inline_featured_image":false},"product_brand":[],"product_cat":[31,69,86,35,6733,21,58,513],"product_tag":[941,942,943,5301,5300,947,948,972],"class_list":{"0":"post-36509","1":"product","2":"type-product","3":"status-publish","4":"has-post-thumbnail","6":"product_cat-events","7":"product_cat-konzert","8":"product_cat-leipzig","9":"product_cat-orte","10":"product_cat-pop","11":"product_cat-ticket","12":"product_cat-veranstaltung","13":"product_cat-werk-zwei","14":"product_tag-events","15":"product_tag-konzert","16":"product_tag-leipzig","17":"product_tag-liebe-brutal-tour-25","18":"product_tag-mola","19":"product_tag-ticket","20":"product_tag-veranstaltung","21":"product_tag-werk-2","22":"product_shipping_class-nur_paketversand","23":"pa_preiskategorie-stehplatz","25":"first","26":"outofstock","27":"taxable","28":"shipping-taxable","29":"purchasable","30":"product-type-variable"},"group_of_quantity":0,"min_quantity":0,"max_quantity":"","exclude_order_quantity_value_rules":"no","exclude_category_quantity_rules":"no","combine_variations":"no","acf":[],"_links":{"self":[{"href":"https:\/\/arena-ticket.com\/en\/wp-json\/wp\/v2\/product\/36509","targetHints":{"allow":["GET"]}}],"collection":[{"href":"https:\/\/arena-ticket.com\/en\/wp-json\/wp\/v2\/product"}],"about":[{"href":"https:\/\/arena-ticket.com\/en\/wp-json\/wp\/v2\/types\/product"}],"wp:featuredmedia":[{"embeddable":true,"href":"https:\/\/arena-ticket.com\/en\/wp-json\/wp\/v2\/media\/52971"}],"wp:attachment":[{"href":"https:\/\/arena-ticket.com\/en\/wp-json\/wp\/v2\/media?parent=36509"}],"wp:term":[{"taxonomy":"product_brand","embeddable":true,"href":"https:\/\/arena-ticket.com\/en\/wp-json\/wp\/v2\/product_brand?post=36509"},{"taxonomy":"product_cat","embeddable":true,"href":"https:\/\/arena-ticket.com\/en\/wp-json\/wp\/v2\/product_cat?post=36509"},{"taxonomy":"product_tag","embeddable":true,"href":"https:\/\/arena-ticket.com\/en\/wp-json\/wp\/v2\/product_tag?post=36509"}],"curies":[{"name":"wp","href":"https:\/\/api.w.org\/{rel}","templated":true}]}}