{"id":36555,"date":"2025-04-02T13:21:23","date_gmt":"2025-04-02T11:21:23","guid":{"rendered":"https:\/\/arena-ticket.com\/?p=36555&#038;post_type=product&#038;preview_id=36555"},"modified":"2025-11-21T14:01:50","modified_gmt":"2025-11-21T13:01:50","slug":"cindy-aus-marzahn-einmal-prinzessin-und-zurueck-dresden-junge-garde-22-08-2025-19-00","status":"publish","type":"product","link":"https:\/\/arena-ticket.com\/en\/product\/cindy-aus-marzahn-einmal-prinzessin-und-zurueck-dresden-junge-garde-22-08-2025-19-00\/","title":{"rendered":"CINDY AUS MARZAHN  - Einmal Prinzessin und zur\u00fcck!"},"content":{"rendered":"<p>Wegen der \u00fcberw\u00e4ltigenden Nachfrage wird die Jubil\u00e4umstour 2025 fortgesetzt!<\/p>\n<p>Und jetzt wird die ganze Republik in pink getaucht.<\/p>\n<p>Aufgrund der sensationellen Nachfrage geht es im Fru\u0308hjahr 2025 mit Zusatzterminen weiter.<\/p>\n<p>Seit mittlerweile zwei Jahrzehnten ist Cindy aus Marzahn fester Bestandteil der deutschen Comedy- und TV-Landschaft. Die Kultfigur mit dem mehr als direkten Berliner Mundwerk arbeitete mit allen gro\u00dfen Fernsehstars zusammen, hatte unz\u00e4hligen Live-Shows und TV-Sendungen. 2016 verabschiedete sich Cindy von der gro\u00dfen Bu\u0308hne anl\u00e4sslich ihres 20-j\u00e4hrigen Bu\u0308hnenjubil.ums kehrt sie 2024 mit einer gro\u00dfen Jubil\u00e4umstour, die 2025 fortgesetzt wird, wieder zuru\u0308ck.<\/p>\n<p>H\u00e4ppi B\u00f6rsday, Cindy!<\/p>\n<p>Se Prinzess of Plattenbau wird 20 und das muss natu\u0308rlich gefeiert werden!<\/p>\n<p>Wie? Na, mit einer gro\u00dfen Jubil\u00e4umstour, fu\u0308r die Cindy aus Marzahn extra ihre Fru\u0308hrente beendet und sich wieder in ihre pinke Plastikpelle schmei\u00dft.<\/p>\n<p>Getreu dem Motto \u201eEinmal Prinzessin und zuru\u0308ck!\u201c fegt die amtierende Miss Leberwurst auch 2025 quer durchs Land und bringt garantiert auch eine Halle in deiner N\u00e4he zum Kochen.<\/p>\n<p>Look forward to heartfelt stories from the life of a sex symbol trapped in the body of a truck driver and be excited to see whether the meatball Barbie will finally find her Ken.<\/p>\n<p>The pink force of nature also answers the most important questions of our time:<br \/>\nWarum laufen Nasen, wenn Fu\u0308\u00dfe riechen?<br \/>\nSollte man Limonade machen, wenn das Leben einem Zitronen schenkt oder doch\u00a0besser zu Salz und Tequila greifen?<br \/>\nAND: Why aren&#039;t there any politicians who have learned gas-water shit?<\/p>\n<p>20 Jahre Cindy aus Marzahn \u2013 die Jubil\u00e4umstour geht weiter!<\/p>\n<p>Seid bei der gro\u00dfen Jubil\u00e4umstournee dabei und erlebt eine Show voller Herz und\u00a0gro\u00dfen Gefu\u0308hlen. Aber vor allem mit jeder Menge Spa\u00df!<\/p>\n<p>Cindy from Marzahn is back and we want to celebrate until the doctor comes!<\/p>\n<p>PS: No matter how difficult life is, Cindy comes from somewhere!<br \/>\nSee you soon in your city!<\/p>","protected":false},"excerpt":{"rendered":"<p>Einmal Prinzessin und zuru\u0308ck - 20 Jahre Cindy aus Marzahn - Die Jubil\u00e4ums-Tour wird 2025 fortgesetzt!<\/p>","protected":false},"featured_media":36562,"template":"","meta":{"_acf_changed":false,"inline_featured_image":false},"product_brand":[],"product_cat":[31,6725,87,403,95,35,21,58],"product_tag":[4214,954,940,5303,941,996,942,944,947,948],"class_list":{"0":"post-36555","1":"product","2":"type-product","3":"status-publish","4":"has-post-thumbnail","6":"product_cat-events","7":"product_cat-comedy","8":"product_cat-dresden","9":"product_cat-freilichtbuehne-grosser-garten-junge-garde","10":"product_cat-humor","11":"product_cat-orte","12":"product_cat-ticket","13":"product_cat-veranstaltung","14":"product_tag-cindy-aus-marzahn","15":"product_tag-comedy","16":"product_tag-dresden","17":"product_tag-einmal-prinzessin-und-zurueck","18":"product_tag-events","19":"product_tag-freilichtbuehne-grosser-garten-junge-garde","20":"product_tag-konzert","21":"product_tag-orte","22":"product_tag-ticket","23":"product_tag-veranstaltung","24":"product_shipping_class-nur_paketversand","25":"pa_discount-normalpreis","26":"pa_preiskategorie-pk-i","27":"pa_preiskategorie-pk-ii","28":"pa_preiskategorie-pk-iii","29":"pa_preiskategorie-pk-iv","30":"pa_preiskategorie-pk-v","31":"pa_preiskategorie-pk-vi","33":"first","34":"instock","35":"taxable","36":"shipping-taxable","37":"purchasable","38":"product-type-variable","39":"has-default-attributes"},"group_of_quantity":0,"min_quantity":0,"max_quantity":"","exclude_order_quantity_value_rules":"no","exclude_category_quantity_rules":"no","combine_variations":"no","acf":[],"_links":{"self":[{"href":"https:\/\/arena-ticket.com\/en\/wp-json\/wp\/v2\/product\/36555","targetHints":{"allow":["GET"]}}],"collection":[{"href":"https:\/\/arena-ticket.com\/en\/wp-json\/wp\/v2\/product"}],"about":[{"href":"https:\/\/arena-ticket.com\/en\/wp-json\/wp\/v2\/types\/product"}],"wp:featuredmedia":[{"embeddable":true,"href":"https:\/\/arena-ticket.com\/en\/wp-json\/wp\/v2\/media\/36562"}],"wp:attachment":[{"href":"https:\/\/arena-ticket.com\/en\/wp-json\/wp\/v2\/media?parent=36555"}],"wp:term":[{"taxonomy":"product_brand","embeddable":true,"href":"https:\/\/arena-ticket.com\/en\/wp-json\/wp\/v2\/product_brand?post=36555"},{"taxonomy":"product_cat","embeddable":true,"href":"https:\/\/arena-ticket.com\/en\/wp-json\/wp\/v2\/product_cat?post=36555"},{"taxonomy":"product_tag","embeddable":true,"href":"https:\/\/arena-ticket.com\/en\/wp-json\/wp\/v2\/product_tag?post=36555"}],"curies":[{"name":"wp","href":"https:\/\/api.w.org\/{rel}","templated":true}]}}