{"id":36566,"date":"2025-04-02T13:47:59","date_gmt":"2025-04-02T11:47:59","guid":{"rendered":"https:\/\/arena-ticket.com\/?p=36566&#038;post_type=product&#038;preview_id=36566"},"modified":"2025-10-18T06:53:52","modified_gmt":"2025-10-18T04:53:52","slug":"malevolence-where-only-the-truth-is-spoken-tour-leipzig-felsenkeller-31-10-2025-1830-uhr","status":"publish","type":"product","link":"https:\/\/arena-ticket.com\/en\/product\/malevolence-where-only-the-truth-is-spoken-tour-leipzig-felsenkeller-31-10-2025-1830-uhr\/","title":{"rendered":"Malevolence  - Where Only The Truth Is Spoken Tour"},"content":{"rendered":"<div class=\"artwork-image-container\">\n<div class=\"artwork-image\"><\/div>\n<\/div>\n<article class=\"vt:bg-black vt:text-white\">\n<section class=\"mod-purple mt-16 lg:mt-24 vt:mod-orange text-black select-none\">\n<div class=\"bg-[color:var(--primary-color)] py-12 overflow-hidden\">\n<div class=\"panel\">\n<div class=\"swiper-initialized swiper-horizontal swiper-pointer-events swiper-backface-hidden\">\n<div class=\"swiper-wrapper\">\n<div class=\"swiper-slide\">\n<div class=\"text-center\">\n<div class=\" cursor-pointer group rounded-full transition duration-75 uppercase whitespace-nowrap inline-flex items-center justify-center leading-tight font-medium text-xs py-3 px-5 xl:text-sm xl:py-3.5 xl:px-6 bg-[color:var(--secondary-color)] text-[color:var(--primary-color)] hover:text-white \">\n<p>+ SPECIAL GUESTS<\/p>\n<p>Mit ihrem einzigartig groovigen Sound zwischen Metal, Sludge, Beatdown und Metalcore w\u00fchlen Malevolence die internationale Metalwelt seit 2010 m\u00e4chtig auf. Auf bisher drei Alben formte die Band einen Sound, der ihnen sowohl innerhalb der Hardcore- wie auch der Metal-Szene gleicherma\u00dfen Respekt verschaffte und von der internationalen Musikpresse f\u00fcr ihre H\u00e4rte und Brachialit\u00e4t gefeiert wird. Nach internationalen Support-Touren f\u00fcr Bands wie Lamb Of God, Mastodon, Counterparts und vielen mehr sowie ersten Headline-Touren in Gro\u00dfbritannien wagen Malevolencenun den f\u00fcr viele Fans l\u00e4ngst \u00fcberf\u00e4lligen Schritt einer europ\u00e4ischen Headline-Tour. Im Herbst 2025 kommen die Briten dabei f\u00fcr f\u00fcnf Shows nach Deutschland und haben spannende Special Guests im Gep\u00e4ck.<\/p>\n<p>Bereits 2005 freunden sich die Gitarristen Josh Baines und Konan Hall in Sheffield an. Gemeinsam mit Wilkie Robinson (Bassist), Charlie Thorpe (Schlagzeug) und Alex Taylor (Gesang) gr\u00fcnden sie 2010 die Band Malevolence, mit der sie 2011 eine erste Demo ver\u00f6ffentlichten. 2013 unterschrieb die Band bei Siege of Amida Records und ver\u00f6ffentlichte ihr Deb\u00fct-Album \u201eReign of Suffering\u201c. Daraufhin tourten Malevolence als Support von Dying Fetus durch Europa und mit Kublai Khan sowie Jesus Piece durch Amerika. \u201eSelf Supremacy\u201d folgte 2017 als zweites Album via Beatdown Hardwear Records und brachte die Band neben einer Tour mit Despised Icon erstmalig auf das Download Festival. Nach einer Tour mit Darkest Hour und Unearth sowie einer UK-Tour im Vorprogramm von Knocked Loose gr\u00fcndeten Malevolence 2019 ihr eigenes Label MLVLTD und tourten daraufhin im Fr\u00fchjahr 2020 in Australien als Support f\u00fcr Terror. 2020 erschien die EP \u201eThe Other Side\u201c, auf der Knocked Loose S\u00e4nger Bryan Garris beim Song \u201eKeep Your Distance\u201c ein Feature hat. Der Song knackte j\u00fcngst die 10 Mio. Stream Marke auf Spotify und markiert den erfolgreichsten Track, den Malevolence bisher ver\u00f6ffentlicht haben. Anfang 2022 unterschrieb die Band bei Nuclear Blast und k\u00fcndigte mit der Single \u201eOn Broken Glass\u201c ihr drittes Album \u201eMalicious Intent\u201d an, das im Mai 2022 erschien. 2023 folgte mit \u201eThe Agression Sessions\u201c eine Split-EP mit Thy Art Is Murder und Fit For An Autopsy. Nach der Single \u201eTrenches\u201c (2024) stellte \u201eIf It\u2019s All The Same To You\u201c im M\u00e4rz 2025 den vielseitigen Metal-Sound von Malevolence mit treibendem Hardcore-Vibe und harten Riffs in NWOAHM-Manier erneut unter Beweis. Der Song k\u00fcndigte zudem den Release ihres neuen Albums \u201eWhere Only Truth Is Spoken\u201c an, das am 20. Juni erscheint.<\/p>\n<\/div>\n<\/div>\n<\/div>\n<\/div>\n<\/div>\n<\/div>\n<\/div>\n<\/section>\n<\/article>\n<p>&nbsp;<\/p>\n<aside>\n<div><\/div>\n<\/aside>\n<footer class=\"bg-black text-white py-12\">\n<div class=\"panel panel-grid\">\n<div class=\"col-span-full 2md:col-span-4 flex flex-col 2md:justify-between h-full\">\n<div class=\"flex space-x-6\"><\/div>\n<\/div>\n<div class=\"mt-12 2md:mt-0 2md:col-start-7 col-span-full 2md:col-span-6\">\n<div><\/div>\n<\/div>\n<\/div>\n<\/footer>\n","protected":false},"excerpt":{"rendered":"<p>Secure your tickets!<\/p>","protected":false},"featured_media":36568,"template":"","meta":{"_acf_changed":false,"inline_featured_image":false},"product_brand":[],"product_cat":[31,348,69,86,6736,35,21,58],"product_tag":[941,1476,942,943,3201,944,947,948,5304],"class_list":{"0":"post-36566","1":"product","2":"type-product","3":"status-publish","4":"has-post-thumbnail","6":"product_cat-events","7":"product_cat-felsenkeller","8":"product_cat-konzert","9":"product_cat-leipzig","10":"product_cat-metal-metalcore","11":"product_cat-orte","12":"product_cat-ticket","13":"product_cat-veranstaltung","14":"product_tag-events","15":"product_tag-felsenkeller","16":"product_tag-konzert","17":"product_tag-leipzig","18":"product_tag-malevolence","19":"product_tag-orte","20":"product_tag-ticket","21":"product_tag-veranstaltung","22":"product_tag-where-only-the-truth-is-spoken-tour","23":"product_shipping_class-nur_paketversand","24":"pa_discount-normalpreis","25":"pa_preiskategorie-stehplatz","27":"first","28":"instock","29":"taxable","30":"shipping-taxable","31":"purchasable","32":"product-type-variable","33":"has-default-attributes"},"group_of_quantity":0,"min_quantity":0,"max_quantity":"","exclude_order_quantity_value_rules":"no","exclude_category_quantity_rules":"no","combine_variations":"no","acf":[],"_links":{"self":[{"href":"https:\/\/arena-ticket.com\/en\/wp-json\/wp\/v2\/product\/36566","targetHints":{"allow":["GET"]}}],"collection":[{"href":"https:\/\/arena-ticket.com\/en\/wp-json\/wp\/v2\/product"}],"about":[{"href":"https:\/\/arena-ticket.com\/en\/wp-json\/wp\/v2\/types\/product"}],"wp:featuredmedia":[{"embeddable":true,"href":"https:\/\/arena-ticket.com\/en\/wp-json\/wp\/v2\/media\/36568"}],"wp:attachment":[{"href":"https:\/\/arena-ticket.com\/en\/wp-json\/wp\/v2\/media?parent=36566"}],"wp:term":[{"taxonomy":"product_brand","embeddable":true,"href":"https:\/\/arena-ticket.com\/en\/wp-json\/wp\/v2\/product_brand?post=36566"},{"taxonomy":"product_cat","embeddable":true,"href":"https:\/\/arena-ticket.com\/en\/wp-json\/wp\/v2\/product_cat?post=36566"},{"taxonomy":"product_tag","embeddable":true,"href":"https:\/\/arena-ticket.com\/en\/wp-json\/wp\/v2\/product_tag?post=36566"}],"curies":[{"name":"wp","href":"https:\/\/api.w.org\/{rel}","templated":true}]}}