{"id":36667,"date":"2025-04-03T16:28:24","date_gmt":"2025-04-03T14:28:24","guid":{"rendered":"https:\/\/arena-ticket.com\/?p=36667&#038;post_type=product&#038;preview_id=36667"},"modified":"2025-09-18T14:27:28","modified_gmt":"2025-09-18T12:27:28","slug":"one-night-of-dire-straits-tribute-show-halle-steintor-variete-20-02-2026-2000-uhr","status":"publish","type":"product","link":"https:\/\/arena-ticket.com\/en\/product\/one-night-of-dire-straits-tribute-show-halle-steintor-variete-20-02-2026-2000-uhr\/","title":{"rendered":"One Night of Dire Straits - One Night of Dire Straits"},"content":{"rendered":"<section class=\"c-full c-inner c-narrow\" data-c=\"stageteasertext\" data-qa=\"stageteasertext-component\">\n<div class=\"container\">\n<div class=\"external-content no-margin\">\n<div class=\"u-position-relative js-moretext-wrapper\">\n<div class=\"moretext js-moretext expanded\" data-qa=\"readMoreText\">\n<div class=\"moretext-teaser\">\n<div class=\"eventItemProgramm\">\n<p>Die Dire Straits waren eine Band der Superlative. Mit Mark Knopflers markanten Gitarrenspiel und seiner tiefen Stimme sofort erkennbar, gelang ihnen in knapp einem Jahrzehnt der Aufstieg von kleinen Bar-Konzerten bis auf die gr\u00f6\u00dften B\u00fchnen des Planeten.<br \/>\nAls Gegenpol zum damalig popul\u00e4ren Punk-Rock f\u00fchrten die stets klammen (\u00bbDire Straits\u00ab) Musiker mit ihren vielen musikalischen Einfl\u00fcssen nur ein kurzes Nischendasein, bis sie sich in Rekordzeit zu einer der bekanntesten und erfolgreichsten Bands der Musikgeschichte entwickelten und in ihrer Karriere \u00fcber 120 Millionen Platten absetzten.<br \/>\nMit \u00bbSultans of Swing\u00ab gelang ihnen Ende der 70er Jahre der Durchbruch und stellten Mark Knopfler als S\u00e4nger, Komponisten und vor allem als Gitarristen in den Mittelpunkt. Ihren Zenit erreichte die Gruppe Mitte der Achtziger mit dem Song \u00bbMoney For Nothing\u00ab, eine Kooperation mit \u00bbGeordie\u00ab \u2013 Landsmann Sting.<br \/>\nDoch der Erfolg und der gro\u00dfe Erwartungsdruck forderten einen zu hohen Preis von den beteiligten Musikern. Nach dem Erfolg des finalen Albums \u00bbOn Every Street\u00ab (38x Platin weltweit) und der gleichnamigen Welttournee von 1991-1992 mit insgesamt 229 Konzerten, verk\u00fcndete Mark Knopfler 1995, dass die Band fortan inaktiv sei und keine \u00f6ffentlichen Konzerte mehr spielen werde.<\/p>\n<\/div>\n<div class=\"eventItemDescription\">\n<p>Diese finale Phase steht nun 30 Jahre sp\u00e4ter im Mittelpunkt der Tribute Show\u00a0<strong>\u00bbOne Night of Dire Straits\u00ab<\/strong>. Gitarrist und S\u00e4nger\u00a0<strong>Alex Moll<\/strong>\u00a0nimmt zusammen mit seiner exquisit besetzten Band von Live- und Studiomusikern den Zuschauer mit auf eine Reise voll faszinierender und handgemachter Musik.<br \/>\nMoll studierte Knopflers Musik und Gitarrenspiel seit seiner Jugend und versammelt in seiner Band ausschlie\u00dflich Weggef\u00e4hrten, denen die Dire Straits genau so im Blut liegen wie ihm. Moll gelingt es dabei nicht nur, seiner Gitarre die gleichen Laute zu entlocken, f\u00fcr die Mark Knopfler weltber\u00fchmt wurde, sondern auch die Energie und Spielfreude der insgesamt neunk\u00f6pfigen Band auf das Niveau des Originals zu heben.<br \/>\nMit einer Songauswahl, die nichts vermissen l\u00e4sst, garantiert\u00a0<strong>\u00bbOne Night of Dire Straits\u00ab<\/strong>\u00a0einen herausragenden Konzertabend f\u00fcr alle Fans von Mark Knopfler, den Dire Straits und handgemachter Musik, die sofort ins Ohr geht.<\/p>\n<\/div>\n<\/div>\n<\/div>\n<\/div>\n<\/div>\n<\/div>\n<\/section>","protected":false},"excerpt":{"rendered":"<p>Secure your tickets!<\/p>","protected":false},"featured_media":49361,"template":"","meta":{"_acf_changed":false,"inline_featured_image":false},"product_brand":[],"product_cat":[102,35,496,21],"product_tag":[954,941,999,5315,944,958,2788,947,948],"class_list":{"0":"post-36667","1":"product","2":"type-product","3":"status-publish","4":"has-post-thumbnail","6":"product_cat-halle","7":"product_cat-orte","8":"product_cat-steintor-variete","9":"product_cat-ticket","10":"product_tag-comedy","11":"product_tag-events","12":"product_tag-halle","13":"product_tag-one-night-of-dire-straits","14":"product_tag-orte","15":"product_tag-show","16":"product_tag-steintor-variete","17":"product_tag-ticket","18":"product_tag-veranstaltung","19":"product_shipping_class-nur_paketversand","20":"pa_discount-normalpreis","21":"pa_preiskategorie-pk-i","22":"pa_preiskategorie-pk-ii","23":"pa_preiskategorie-pk-iii","24":"pa_preiskategorie-pk-iv","26":"first","27":"instock","28":"taxable","29":"shipping-taxable","30":"purchasable","31":"product-type-variable"},"group_of_quantity":0,"min_quantity":0,"max_quantity":"","exclude_order_quantity_value_rules":"no","exclude_category_quantity_rules":"no","combine_variations":"no","acf":[],"_links":{"self":[{"href":"https:\/\/arena-ticket.com\/en\/wp-json\/wp\/v2\/product\/36667","targetHints":{"allow":["GET"]}}],"collection":[{"href":"https:\/\/arena-ticket.com\/en\/wp-json\/wp\/v2\/product"}],"about":[{"href":"https:\/\/arena-ticket.com\/en\/wp-json\/wp\/v2\/types\/product"}],"wp:featuredmedia":[{"embeddable":true,"href":"https:\/\/arena-ticket.com\/en\/wp-json\/wp\/v2\/media\/49361"}],"wp:attachment":[{"href":"https:\/\/arena-ticket.com\/en\/wp-json\/wp\/v2\/media?parent=36667"}],"wp:term":[{"taxonomy":"product_brand","embeddable":true,"href":"https:\/\/arena-ticket.com\/en\/wp-json\/wp\/v2\/product_brand?post=36667"},{"taxonomy":"product_cat","embeddable":true,"href":"https:\/\/arena-ticket.com\/en\/wp-json\/wp\/v2\/product_cat?post=36667"},{"taxonomy":"product_tag","embeddable":true,"href":"https:\/\/arena-ticket.com\/en\/wp-json\/wp\/v2\/product_tag?post=36667"}],"curies":[{"name":"wp","href":"https:\/\/api.w.org\/{rel}","templated":true}]}}