{"id":36803,"date":"2025-04-05T14:12:47","date_gmt":"2025-04-05T12:12:47","guid":{"rendered":"https:\/\/arena-ticket.com\/?p=36803&#038;post_type=product&#038;preview_id=36803"},"modified":"2025-04-05T14:19:17","modified_gmt":"2025-04-05T12:19:17","slug":"katrin-weber-nicht-zu-fassen-dresden-freilichtbuehne-junge-garde-22-08-2026-1930-uhr","status":"publish","type":"product","link":"https:\/\/arena-ticket.com\/en\/product\/katrin-weber-nicht-zu-fassen-dresden-freilichtbuehne-junge-garde-22-08-2026-1930-uhr\/","title":{"rendered":"Katrin Weber - Nicht zu fassen"},"content":{"rendered":"<p>Nicht zu fassen, da ist das neue Soloprogramm und dazu das Deb\u00fct-Album \"Ich w\u00fcrd Dich gerne wieder siezen\"! Hier bekommt das Publikum wieder all ihre Facetten und ihre wunderbare Wandlungsf\u00e4higkeit geboten, kom\u00f6diantisch, musikalisch und zuweilen auch akrobatisch. Und immer erkennbar: Katrin Weber. Feiner Humor wechselt mit derbem Klamauk, divenhafte Verletzlichkeit mit fast burschikosen Momenten. Katrin Weber r\u00fchrt und verf\u00fchrt, seufzt, s\u00e4uselt und s\u00e4uft, pariert gelassen (die M\u00e4nnerwelten) und parodiert ausgelassen, zuweilen auch sich selbst und bleibt so auf ihre Art einfach nicht zu fassen. Ihr neues Solo wurde lange erwartet. Eher unerwartet dagegen kommt ihre erste Solo-CD \"Ich w\u00fcrd Dich gerne wieder siezen\". Von Tobias K\u00fcnzel, einem der K\u00f6pfe der \"Prinzen\", produziert, entstand feinster Kleinkunst-Pop und vereint all ihre St\u00e4rken mit Seiten, die man bislang von ihr noch nicht kannte. Musikalische Kostproben von der CD gibt es auch im neuen Programm \"Nicht zu fassen\".<br \/>\nFazit: Unterhaltung - ganz oben angesiedelt, Kleinkunst - gro\u00dfformatig verpackt.<\/p>","protected":false},"excerpt":{"rendered":"<div class=\"event__header\" data-v-331ed750=\"\">Don&#039;t miss it!<\/div>","protected":false},"featured_media":36805,"template":"","meta":{"_acf_changed":false,"inline_featured_image":false},"product_brand":[],"product_cat":[6725,87,31,403,95,6726,35,58],"product_tag":[954,940,941,996,3689,951,5318,958,948],"class_list":{"0":"post-36803","1":"product","2":"type-product","3":"status-publish","4":"has-post-thumbnail","6":"product_cat-comedy","7":"product_cat-dresden","8":"product_cat-events","9":"product_cat-freilichtbuehne-grosser-garten-junge-garde","10":"product_cat-humor","11":"product_cat-kabarett","12":"product_cat-orte","13":"product_cat-veranstaltung","14":"product_tag-comedy","15":"product_tag-dresden","16":"product_tag-events","17":"product_tag-freilichtbuehne-grosser-garten-junge-garde","18":"product_tag-katrin-weber","19":"product_tag-kultur","20":"product_tag-nicht-zu-fassen","21":"product_tag-show","22":"product_tag-veranstaltung","23":"product_shipping_class-nur_paketversand","24":"pa_discount-normalpreis","25":"pa_preiskategorie-freie-platzwahl","27":"first","28":"instock","29":"taxable","30":"shipping-taxable","31":"purchasable","32":"product-type-variable"},"group_of_quantity":0,"min_quantity":0,"max_quantity":"","exclude_order_quantity_value_rules":"no","exclude_category_quantity_rules":"no","combine_variations":"no","acf":[],"_links":{"self":[{"href":"https:\/\/arena-ticket.com\/en\/wp-json\/wp\/v2\/product\/36803","targetHints":{"allow":["GET"]}}],"collection":[{"href":"https:\/\/arena-ticket.com\/en\/wp-json\/wp\/v2\/product"}],"about":[{"href":"https:\/\/arena-ticket.com\/en\/wp-json\/wp\/v2\/types\/product"}],"wp:featuredmedia":[{"embeddable":true,"href":"https:\/\/arena-ticket.com\/en\/wp-json\/wp\/v2\/media\/36805"}],"wp:attachment":[{"href":"https:\/\/arena-ticket.com\/en\/wp-json\/wp\/v2\/media?parent=36803"}],"wp:term":[{"taxonomy":"product_brand","embeddable":true,"href":"https:\/\/arena-ticket.com\/en\/wp-json\/wp\/v2\/product_brand?post=36803"},{"taxonomy":"product_cat","embeddable":true,"href":"https:\/\/arena-ticket.com\/en\/wp-json\/wp\/v2\/product_cat?post=36803"},{"taxonomy":"product_tag","embeddable":true,"href":"https:\/\/arena-ticket.com\/en\/wp-json\/wp\/v2\/product_tag?post=36803"}],"curies":[{"name":"wp","href":"https:\/\/api.w.org\/{rel}","templated":true}]}}