{"id":36806,"date":"2025-04-05T14:21:32","date_gmt":"2025-04-05T12:21:32","guid":{"rendered":"https:\/\/arena-ticket.com\/?p=36806&#038;post_type=product&#038;preview_id=36806"},"modified":"2025-12-16T15:33:42","modified_gmt":"2025-12-16T14:33:42","slug":"all-i-want-for-christmas-die-besten-weihnachts-pop-classics-georg-friedrich-haendel-halle-halle-saale-30-12-2025-1930-uhr","status":"publish","type":"product","link":"https:\/\/arena-ticket.com\/en\/product\/all-i-want-for-christmas-die-besten-weihnachts-pop-classics-georg-friedrich-haendel-halle-halle-saale-30-12-2025-1930-uhr\/","title":{"rendered":"All I Want For Christmas  - Die besten Weihnachts-Pop-Classics"},"content":{"rendered":"<p>\u00bbAll I Want For Christmas\u00ab - Die neue Christmas-Show geht auf gro\u00dfe Deutschland-Tour!<\/p>\n<p>Glitzer, Glamour und unvergessliche Weihnachtshits: In diesem Winter bringt eine spektakul\u00e4re Live-Show die festliche Stimmung direkt auf die B\u00fchnen Deutschlands! Zweieinhalb Stunden pure Christmas-Magie mit den gr\u00f6\u00dften Pop- und Rock-Weihnachtssongs sorgen f\u00fcr G\u00e4nsehautmomente und strahlende Augen.<\/p>\n<p>In England und den USA sind Christmas-Shows l\u00e4ngst eine geliebte Tradition - nun erobert dieses besondere Erlebnis auch Deutschland. \u00bbAll I Want For Christmas\u00ab vereint die gr\u00f6\u00dften Weihnachtshits aller Zeiten: Von Queen, Wham, Mariah Carey und Michael Bubl\u00e9 bis hin zu Ariana Grande, Cher, John Legend, Kelly Clarkson, Katy Perry, Robbie Williams und Kylie Minogue - die Show hat sie (fast) alle!<\/p>\n<p>Weihnachten &amp; Popmusik - eine magische Verbindung! Jahr f\u00fcr Jahr versetzen uns legend\u00e4re Weihnachtssongs in festliche Stimmung. Fast alle gro\u00dfen Musikstars haben mindestens einen unvergesslichen Weihnachtshit beigesteuert - und genau diese Songs bringt \u00bbAll I Want For Christmas\u00ab live auf die B\u00fchne. Von zeitlosen Klassikern bis hin zu aktuellen Chartst\u00fcrmern - hier erklingen die gr\u00f6\u00dften modernen Christmas-Hits in einer mitrei\u00dfenden Show.<\/p>\n<p>Statt \u00bbLeise rieselt der Schnee...\u00ab erwartet das Publikum ein Feuerwerk aus Pop- und Rock-Klassikern. Die Show entf\u00fchrt in die romantische Schneeh\u00fctten-Atmosph\u00e4re aus Whams \u00bbLast Christmas\u00ab, liefert den unverwechselbaren Sound von Queens \u00bbThank God It's Christmas\u00ab und begeistert mit modernen Festtags-Ohrw\u00fcrmern wie \u00bbSanta Baby\u00ab, \u00bbUnderneath The Tree\u00ab, \u00bbDo They Know It's Christmas\u00ab oder \u00bbDriving Home For Christmas\u00ab. Und nat\u00fcrlich darf Mariah Careys weltber\u00fchmter Hit \u00bbAll I Want For Christmas Is You\u00ab nicht fehlen!<\/p>\n<p>Herausragende S\u00e4ngerinnen und S\u00e4nger, eine mitrei\u00dfende Dance-Crew, spektakul\u00e4re LED-Effekte und ein opulentes B\u00fchnenbild schaffen eine magische Weihnachtswelt. \u00bbAll I Want For Christmas\u00ab ber\u00fchrt die Seele, rei\u00dft das Publikum mit und l\u00e4sst die Herzen im gleichen Takt schlagen. Hier wird geschwelgt, geswingt und mitgesungen - Romantik, Rock, Besinnlichkeit und Party-Feeling in perfekter Harmonie.<\/p>\n<p>Diese Show macht Weihnachten noch magischer!<\/p>","protected":false},"excerpt":{"rendered":"<p>&nbsp;<\/p>\n<p>\u00bbAll I Want For Christmas\u00ab - Die neue Christmas-Show geht auf gro\u00dfe Deutschland-Tour! Jetzt schon Tickets sichern!<\/p>\n<p>&nbsp;<\/p>","protected":false},"featured_media":55826,"template":"","meta":{"_acf_changed":false,"inline_featured_image":false},"product_brand":[],"product_cat":[31,407,102,69,35,6749,21,58,6581],"product_tag":[5319,5320,941,2712,999,942,944,958,947,948,2048],"class_list":{"0":"post-36806","1":"product","2":"type-product","3":"status-publish","4":"has-post-thumbnail","6":"product_cat-events","7":"product_cat-georg-friedrich-haendel-halle","8":"product_cat-halle","9":"product_cat-konzert","10":"product_cat-orte","11":"product_cat-sonstiges_konzert","12":"product_cat-ticket","13":"product_cat-veranstaltung","14":"product_cat-weihnachten","15":"product_tag-all-i-want-for-christmas","16":"product_tag-die-besten-weihnachts-pop-classics","17":"product_tag-events","18":"product_tag-georg-friedrich-haendel-halle","19":"product_tag-halle","20":"product_tag-konzert","21":"product_tag-orte","22":"product_tag-show","23":"product_tag-ticket","24":"product_tag-veranstaltung","25":"product_tag-weihnachten","26":"product_shipping_class-nur_paketversand","27":"pa_discount-kind","28":"pa_discount-normalpreis","29":"pa_preiskategorie-pk-i","30":"pa_preiskategorie-pk-ii","31":"pa_preiskategorie-pk-iii","32":"pa_preiskategorie-pk-iv","34":"first","35":"instock","36":"taxable","37":"shipping-taxable","38":"purchasable","39":"product-type-variable"},"group_of_quantity":0,"min_quantity":0,"max_quantity":"","exclude_order_quantity_value_rules":"no","exclude_category_quantity_rules":"no","combine_variations":"no","acf":[],"_links":{"self":[{"href":"https:\/\/arena-ticket.com\/en\/wp-json\/wp\/v2\/product\/36806","targetHints":{"allow":["GET"]}}],"collection":[{"href":"https:\/\/arena-ticket.com\/en\/wp-json\/wp\/v2\/product"}],"about":[{"href":"https:\/\/arena-ticket.com\/en\/wp-json\/wp\/v2\/types\/product"}],"wp:featuredmedia":[{"embeddable":true,"href":"https:\/\/arena-ticket.com\/en\/wp-json\/wp\/v2\/media\/55826"}],"wp:attachment":[{"href":"https:\/\/arena-ticket.com\/en\/wp-json\/wp\/v2\/media?parent=36806"}],"wp:term":[{"taxonomy":"product_brand","embeddable":true,"href":"https:\/\/arena-ticket.com\/en\/wp-json\/wp\/v2\/product_brand?post=36806"},{"taxonomy":"product_cat","embeddable":true,"href":"https:\/\/arena-ticket.com\/en\/wp-json\/wp\/v2\/product_cat?post=36806"},{"taxonomy":"product_tag","embeddable":true,"href":"https:\/\/arena-ticket.com\/en\/wp-json\/wp\/v2\/product_tag?post=36806"}],"curies":[{"name":"wp","href":"https:\/\/api.w.org\/{rel}","templated":true}]}}