{"id":36971,"date":"2025-04-07T13:40:26","date_gmt":"2025-04-07T11:40:26","guid":{"rendered":"https:\/\/arena-ticket.com\/?p=36971&#038;post_type=product&#038;preview_id=36971"},"modified":"2025-05-12T13:38:56","modified_gmt":"2025-05-12T11:38:56","slug":"blutengel-daemonensturm-tour-2025-leipzig-felsenkeller-29-11-2025-201830-uhr-kopie","status":"publish","type":"product","link":"https:\/\/arena-ticket.com\/en\/product\/blutengel-daemonensturm-tour-2025-leipzig-felsenkeller-29-11-2025-201830-uhr-kopie\/","title":{"rendered":"Blutengel  - D\u00e4monen:Sturm Tour 2025"},"content":{"rendered":"<div class=\"artwork-image-container\">\n<div class=\"artwork-image\">BLUTENGEL gehen 2025 endlich wieder auf gro\u00dfe Tour!BLUTENGEL gehen 2025 endlich wieder auf gro\u00dfe Tour! Nach der letzten, erfolgreichen Tour im Jahr 2023 haben sich BLUTENGEL 2024 rar gemacht und nur drei Konzerte gespielt. Mit dem neuen Album \u201eD\u00e4monen:Sturm\u201c im Gep\u00e4ck, welches im Februar 2025 erscheint, werden sie auf ihrer Tour wieder die B\u00fchnen unsicher machen. BLUTENGEL sind f\u00fcr ihre optisch beeindruckenden Shows bekannt. Hier wird nicht nur ein Konzert gegeben, hier wird ein audiovisuelles Erlebnis zelebriert. Mit ausgefeilter Show, den vier T\u00e4nzerinnen und Videoproejektionen werden sie auch 2025 wieder die Fans bezaubern. Mit dabei nat\u00fcrlich die neuen Hitsingles \u201eDer Sturm\u201c und \u201eNothing left\u201c, sowie auch alle \u00e4lteren Hits, von denen BLUTENGEL in ihren 25 Jahren, die es sie nun gibt, mehr als genug haben.<\/div>\n<\/div>\n<p>&nbsp;<\/p>\n<aside>\n<div><\/div>\n<\/aside>\n<footer class=\"bg-black text-white py-12\">\n<div class=\"panel panel-grid\">\n<div class=\"col-span-full 2md:col-span-4 flex flex-col 2md:justify-between h-full\">\n<div class=\"flex space-x-6\"><\/div>\n<\/div>\n<div class=\"mt-12 2md:mt-0 2md:col-start-7 col-span-full 2md:col-span-6\">\n<div><\/div>\n<\/div>\n<\/div>\n<\/footer>","protected":false},"excerpt":{"rendered":"<p>BLUTENGEL gehen 2025 endlich wieder auf gro\u00dfe Tour!<\/p>","protected":false},"featured_media":40068,"template":"","meta":{"_acf_changed":false,"inline_featured_image":false},"product_brand":[],"product_cat":[31,348,69,86,35,6732,21,58],"product_tag":[1636,5331,941,1476,942,943,944,947,948],"class_list":{"0":"post-36971","1":"product","2":"type-product","3":"status-publish","4":"has-post-thumbnail","6":"product_cat-events","7":"product_cat-felsenkeller","8":"product_cat-konzert","9":"product_cat-leipzig","10":"product_cat-orte","11":"product_cat-rock-hard-rock","12":"product_cat-ticket","13":"product_cat-veranstaltung","14":"product_tag-blutengel","15":"product_tag-daemonensturm-tour-2025","16":"product_tag-events","17":"product_tag-felsenkeller","18":"product_tag-konzert","19":"product_tag-leipzig","20":"product_tag-orte","21":"product_tag-ticket","22":"product_tag-veranstaltung","23":"product_shipping_class-nur_paketversand","24":"pa_discount-normalpreis","25":"pa_preiskategorie-stehplatz","27":"first","28":"instock","29":"taxable","30":"shipping-taxable","31":"purchasable","32":"product-type-variable","33":"has-default-attributes"},"group_of_quantity":0,"min_quantity":0,"max_quantity":"","exclude_order_quantity_value_rules":"no","exclude_category_quantity_rules":"no","combine_variations":"no","acf":[],"_links":{"self":[{"href":"https:\/\/arena-ticket.com\/en\/wp-json\/wp\/v2\/product\/36971","targetHints":{"allow":["GET"]}}],"collection":[{"href":"https:\/\/arena-ticket.com\/en\/wp-json\/wp\/v2\/product"}],"about":[{"href":"https:\/\/arena-ticket.com\/en\/wp-json\/wp\/v2\/types\/product"}],"wp:featuredmedia":[{"embeddable":true,"href":"https:\/\/arena-ticket.com\/en\/wp-json\/wp\/v2\/media\/40068"}],"wp:attachment":[{"href":"https:\/\/arena-ticket.com\/en\/wp-json\/wp\/v2\/media?parent=36971"}],"wp:term":[{"taxonomy":"product_brand","embeddable":true,"href":"https:\/\/arena-ticket.com\/en\/wp-json\/wp\/v2\/product_brand?post=36971"},{"taxonomy":"product_cat","embeddable":true,"href":"https:\/\/arena-ticket.com\/en\/wp-json\/wp\/v2\/product_cat?post=36971"},{"taxonomy":"product_tag","embeddable":true,"href":"https:\/\/arena-ticket.com\/en\/wp-json\/wp\/v2\/product_tag?post=36971"}],"curies":[{"name":"wp","href":"https:\/\/api.w.org\/{rel}","templated":true}]}}