{"id":36974,"date":"2025-04-07T13:53:19","date_gmt":"2025-04-07T11:53:19","guid":{"rendered":"https:\/\/arena-ticket.com\/?p=36974&#038;post_type=product&#038;preview_id=36974"},"modified":"2026-01-12T14:56:09","modified_gmt":"2026-01-12T13:56:09","slug":"this-is-the-greatest-show-die-groessten-musical-hits-aller-zeiten-live-2026-gewandhaus-zu-leipzig-grosser-saal-01-04-2026-2000-uhr","status":"publish","type":"product","link":"https:\/\/arena-ticket.com\/en\/product\/this-is-the-greatest-show-die-groessten-musical-hits-aller-zeiten-live-2026-gewandhaus-zu-leipzig-grosser-saal-01-04-2026-2000-uhr\/","title":{"rendered":"This is THE GREATEST SHOW! - Tournee 2025"},"content":{"rendered":"<p>Nach dem \u00fcberw\u00e4ltigenden Erfolg der vergangenen Jahre kehrt This is THE GREATEST SHOW! auch 2026 mit einer spektakul\u00e4ren Inszenierung zur\u00fcck auf die B\u00fchne. Die gr\u00f6\u00dften Musical-Hits verschmelzen mit eindrucksvollen Choreografien und einer gro\u00dfartigen B\u00fchnenshow zu einem einzigartigen Erlebnis. Die Reise f\u00fchrt durch die faszinierende Welt des legend\u00e4ren Zirkuspioniers P.T. Barnum, voller Magie, Emotionen und unvergesslicher Momente. Ein Spektakel, das Grenzen sprengt und die Kunst des Entertainments in ihrer sch\u00f6nsten Form zelebriert.<\/p>\n<p>Mit den mitrei\u00dfenden Songs aus \u201eThe Greatest Showman\u201c und Musicalhighlights wie \u201eMoulin Rouge\u201c, \u201eRock Me Amadeus\u201c, \u201eTanz der Vampire\u201c, \u201eWicked\u201c, \u201eMamma Mia\u201c, \u201eElisabeth\u201c, \u201eBack To The Future\u201c, \u201eAbenteuerland\u201c, \u201eMJ \u2013 Das Michael Jackson Musical\u201c oder \u201eMaria Theresia \u2013 Das Musical\u201c, vereint This is THE GREATEST SHOW! den Zauber des Musicals mit der Energie des modernen Showbusiness. Grandiose Solistinnen und Solisten und ein hochkar\u00e4tiges Ensemble entf\u00fchren die Besucherinnen und Besucher in eine Welt voller Glamour, Leidenschaft und Emotionen. Und die Besetzung kann sich sehen lassen! Mit dabei sind Verena Mackenberg, Friedrich Rau, Michaela Schober, Patrick Stanke, Filippo Strocchi, Roberta Valentini und Special Guest Prince Damien, allesamt namhafte Gr\u00f6\u00dfen in der Musicalszene.<\/p>\n<p>This is THE GREATEST SHOW! - das ist frisches, modernes, fesselndes, romantisches und manchmal auch verr\u00fccktes Musical Entertainment in Premium Qualit\u00e4t voller \u00dcberraschungen. Die Botschaft ist klar: \"It's everything you ever want, it's everything you ever need!\"<\/p>","protected":false},"excerpt":{"rendered":"<p>This is THE GREATEST SHOW! - das ist frisches, modernes, fesselndes, romantisches und manchmal auch verr\u00fccktes Musical Entertainment in Premium Qualit\u00e4t voller \u00dcberraschungen. Die Botschaft ist klar: \"It's everything you ever want, it's everything you ever need!\"<\/p>","protected":false},"featured_media":52145,"template":"","meta":{"_acf_changed":false,"inline_featured_image":false},"product_brand":[],"product_cat":[345,936,86,35,21],"product_tag":[941,956,2832,957,943,958,4256,947,4257,948],"class_list":{"0":"post-36974","1":"product","2":"type-product","3":"status-publish","4":"has-post-thumbnail","6":"product_cat-gewandhaus","7":"product_cat-grosser-saal","8":"product_cat-leipzig","9":"product_cat-orte","10":"product_cat-ticket","11":"product_tag-events","12":"product_tag-gewandhaus","13":"product_tag-gewandhaus-grosser-saal","14":"product_tag-grosser-saal","15":"product_tag-leipzig","16":"product_tag-show","17":"product_tag-this-is-the-greatest-show","18":"product_tag-ticket","19":"product_tag-tournee-2025","20":"product_tag-veranstaltung","21":"product_shipping_class-nur_paketversand","22":"pa_discount-ermaessigt","23":"pa_discount-normalpreis","24":"pa_preiskategorie-pk-i","25":"pa_preiskategorie-pk-ii","26":"pa_preiskategorie-pk-iii","27":"pa_preiskategorie-pk-iv","29":"first","30":"outofstock","31":"taxable","32":"shipping-taxable","33":"purchasable","34":"product-type-variable"},"group_of_quantity":0,"min_quantity":0,"max_quantity":"","exclude_order_quantity_value_rules":"no","exclude_category_quantity_rules":"no","combine_variations":"no","acf":[],"_links":{"self":[{"href":"https:\/\/arena-ticket.com\/en\/wp-json\/wp\/v2\/product\/36974","targetHints":{"allow":["GET"]}}],"collection":[{"href":"https:\/\/arena-ticket.com\/en\/wp-json\/wp\/v2\/product"}],"about":[{"href":"https:\/\/arena-ticket.com\/en\/wp-json\/wp\/v2\/types\/product"}],"wp:featuredmedia":[{"embeddable":true,"href":"https:\/\/arena-ticket.com\/en\/wp-json\/wp\/v2\/media\/52145"}],"wp:attachment":[{"href":"https:\/\/arena-ticket.com\/en\/wp-json\/wp\/v2\/media?parent=36974"}],"wp:term":[{"taxonomy":"product_brand","embeddable":true,"href":"https:\/\/arena-ticket.com\/en\/wp-json\/wp\/v2\/product_brand?post=36974"},{"taxonomy":"product_cat","embeddable":true,"href":"https:\/\/arena-ticket.com\/en\/wp-json\/wp\/v2\/product_cat?post=36974"},{"taxonomy":"product_tag","embeddable":true,"href":"https:\/\/arena-ticket.com\/en\/wp-json\/wp\/v2\/product_tag?post=36974"}],"curies":[{"name":"wp","href":"https:\/\/api.w.org\/{rel}","templated":true}]}}