{"id":37007,"date":"2025-04-07T16:43:22","date_gmt":"2025-04-07T14:43:22","guid":{"rendered":"https:\/\/arena-ticket.com\/?p=37007&#038;post_type=product&#038;preview_id=37007"},"modified":"2025-09-12T16:44:46","modified_gmt":"2025-09-12T14:44:46","slug":"sophie-lauenroth-psychologin_sophie-live-central-kabarett-leipzig-10-04-2027-1930-uhr","status":"publish","type":"product","link":"https:\/\/arena-ticket.com\/en\/product\/sophie-lauenroth-psychologin_sophie-live-central-kabarett-leipzig-10-04-2027-1930-uhr\/","title":{"rendered":"Sophie Lauenroth - @psychologin_sophie Live"},"content":{"rendered":"<p>Mentale Gesundheit f\u00fcr alle! Sophie Lauenroth, bekannt als @psychologin_sophie, spricht authentisch, kompetent und unterhaltsam \u00fcber die kleinen und gro\u00dfen Probleme, die uns alle erwischen k\u00f6nnen: Wie schaffe ich es auch mal \u201cNein\u201d zu sagen? Wie erkenne und \u00fcberwinde ich toxische Beziehungen? Wie befreie ich mich von sch\u00e4dlichen Glaubenss\u00e4tzen, die ich seit meiner Kindheit mit mir herumschleppe? Was kann ich gegen meine \u00c4ngste tun?<\/p>","protected":false},"excerpt":{"rendered":"<p>Get your tickets here now!<\/p>","protected":false},"featured_media":48926,"template":"","meta":{"_acf_changed":false,"inline_featured_image":false},"product_brand":[],"product_cat":[379,6725,31,95,86,35,21,58],"product_tag":[5336,965,954,941,943,958,5335,947,948],"class_list":{"0":"post-37007","1":"product","2":"type-product","3":"status-publish","4":"has-post-thumbnail","6":"product_cat-central-kabarett","7":"product_cat-comedy","8":"product_cat-events","9":"product_cat-humor","10":"product_cat-leipzig","11":"product_cat-orte","12":"product_cat-ticket","13":"product_cat-veranstaltung","14":"product_tag-psychologin_sophie-live","15":"product_tag-central-kabarett","16":"product_tag-comedy","17":"product_tag-events","18":"product_tag-leipzig","19":"product_tag-show","20":"product_tag-sophie-lauenroth","21":"product_tag-ticket","22":"product_tag-veranstaltung","23":"product_shipping_class-nur_paketversand","24":"pa_discount-normalpreis","25":"pa_preiskategorie-freie-platzwahl","27":"first","28":"instock","29":"taxable","30":"shipping-taxable","31":"purchasable","32":"product-type-variable"},"group_of_quantity":0,"min_quantity":0,"max_quantity":"","exclude_order_quantity_value_rules":"no","exclude_category_quantity_rules":"no","combine_variations":"no","acf":[],"_links":{"self":[{"href":"https:\/\/arena-ticket.com\/en\/wp-json\/wp\/v2\/product\/37007","targetHints":{"allow":["GET"]}}],"collection":[{"href":"https:\/\/arena-ticket.com\/en\/wp-json\/wp\/v2\/product"}],"about":[{"href":"https:\/\/arena-ticket.com\/en\/wp-json\/wp\/v2\/types\/product"}],"wp:featuredmedia":[{"embeddable":true,"href":"https:\/\/arena-ticket.com\/en\/wp-json\/wp\/v2\/media\/48926"}],"wp:attachment":[{"href":"https:\/\/arena-ticket.com\/en\/wp-json\/wp\/v2\/media?parent=37007"}],"wp:term":[{"taxonomy":"product_brand","embeddable":true,"href":"https:\/\/arena-ticket.com\/en\/wp-json\/wp\/v2\/product_brand?post=37007"},{"taxonomy":"product_cat","embeddable":true,"href":"https:\/\/arena-ticket.com\/en\/wp-json\/wp\/v2\/product_cat?post=37007"},{"taxonomy":"product_tag","embeddable":true,"href":"https:\/\/arena-ticket.com\/en\/wp-json\/wp\/v2\/product_tag?post=37007"}],"curies":[{"name":"wp","href":"https:\/\/api.w.org\/{rel}","templated":true}]}}