{"id":37017,"date":"2025-04-07T17:36:41","date_gmt":"2025-04-07T15:36:41","guid":{"rendered":"https:\/\/arena-ticket.com\/?p=37017&#038;post_type=product&#038;preview_id=37017"},"modified":"2025-05-20T18:56:16","modified_gmt":"2025-05-20T16:56:16","slug":"mirja-boes-live-arschbombe-ole-leipzig-kupfersaal-08-03-2026-1900-uhr","status":"publish","type":"product","link":"https:\/\/arena-ticket.com\/en\/product\/mirja-boes-live-arschbombe-ole-leipzig-kupfersaal-08-03-2026-1900-uhr\/","title":{"rendered":"Mirja Boes Live - Arschbombe Ol\u00e9!"},"content":{"rendered":"<section class=\"c-full c-inner c-narrow\" data-c=\"stageteasertext\" data-qa=\"stageteasertext-component\">\n<div class=\"container\">\n<div class=\"external-content no-margin\">\n<div class=\"u-position-relative js-moretext-wrapper\">\n<div class=\"moretext js-moretext expanded\" data-qa=\"readMoreText\">\n<div class=\"moretext-teaser\">Melk mir nen Biber! Die schon wieder? Mirja Boes is back!\u00a0Gehen sie weg! Kommen sie nicht! H\u00f6ren sie bitte sofort auf, weiterzulesen!\u00a0Das wird die schlimmste Tour aller Zeiten - f\u00fcr alle, die keinen Spa\u00df verstehen!\u00a0Wenn doch, k\u00f6nnte es echt ganz okay werden. Die Queen of Quatsch ist n\u00e4mlich zur\u00fcck und sie ist lustiger als\u2026 ja\u2026 also lustiger als Moos zum Beispiel.\u00a0Und unter uns: Moos kann echt funny sein. Katzen aber auch. Mirja hat jetzt eine. Wobei, sind wir ehrlich: Die Katze hat jetzt eine Mirja. Und wie s\u00fc\u00df diese Mirja immer versucht, die angeschleppten \u201cGeschenke\u201c vor den Kids zu verstecken.<\/p>\n<p>Die Kids sind jetzt \u00fcbrigens so gro\u00df, dass Mirja auch wieder in der Pubert\u00e4t ist. Was nat\u00fcrlich rein generationskommunikativ ein Riesenvorteil ist. So kann sich Mirja als Pubermuttertier 1a in die Gef\u00fchlswelt ihrer hormongeflashten Kids versetzen.<\/p>\n<p>Ach, nee, sie hat ja Jungs. Doof. Aber hey! Daf\u00fcr tut sie alles, um als uncoolste Mutter der Welt in die Geschichte einzugehen.\u00a0Gro\u00dfartige Musik gibt\u00b4s auch wieder. Und die Honkey Donkeys sind auch dabei.\u00a0Hinweis: Bitte seien sie vorsichtig! Im Alter geht der Frau Boes jetzt immer \u00f6fter die Empathie fl\u00f6ten. Sie sagt jetzt so Sachen wie: \u201eWir m\u00fcssen alle weniger m\u00fcssen m\u00fcssen\u201c oder \u201eMan muss auch mal loslassen. Auch bei Engelchen flieg\u201c.\u00a0Und ganz oft winkt sie Leuten zur\u00fcck, obwohl sie gar nicht gemeint war.\u00a0Also kommen sie bitte ins Programm und k\u00fcmmern sich um sie, bevor die Alte komplett durchdreht.<\/p>\n<p>Danke.<\/p><\/div>\n<\/div>\n<div class=\"link moretext-toggle\"><button class=\"btn btn-link moretext-toggle-less\" type=\"button\" data-qa=\"lessTextLink\" aria-label=\"This link contains content intended primarily for visual users. If you are a screen reader user, you may have already accessed this information.\"><span class=\"link-variant\">Show less<\/span><\/button><\/div>\n<\/div>\n<\/div>\n<\/div>\n<\/section>\n<section class=\"c container\" data-c=\"eviwidget\" data-qa=\"evi-widget\">\n<div class=\"js-evi-wrapper theme-element-border evi-wrapper\">\n<div class=\"js-evi-box\">\n<div id=\"evi-widget-rule-11e8fcb5-8a5e-aaee-e6eb-996adb054c48\" class=\"evi-widget  evi-widget evi-widget-type-ticket-alarm-single\"><\/div>\n<\/div>\n<\/div>\n<\/section>","protected":false},"excerpt":{"rendered":"<p>The Queen of Nonsense is back and she&#039;s funnier than ever!<\/p>","protected":false},"featured_media":37019,"template":"","meta":{"_acf_changed":false,"inline_featured_image":false},"product_brand":[],"product_cat":[6725,31,95,430,86,35,21,58],"product_tag":[3465,954,941,951,968,943,5337,944,958,947,948],"class_list":{"0":"post-37017","1":"product","2":"type-product","3":"status-publish","4":"has-post-thumbnail","6":"product_cat-comedy","7":"product_cat-events","8":"product_cat-humor","9":"product_cat-kupfersaal","10":"product_cat-leipzig","11":"product_cat-orte","12":"product_cat-ticket","13":"product_cat-veranstaltung","14":"product_tag-arschbombe-ole","15":"product_tag-comedy","16":"product_tag-events","17":"product_tag-kultur","18":"product_tag-kupfersaal","19":"product_tag-leipzig","20":"product_tag-mirja-boes-live","21":"product_tag-orte","22":"product_tag-show","23":"product_tag-ticket","24":"product_tag-veranstaltung","25":"product_shipping_class-nur_paketversand","26":"pa_discount-ermaessigt","27":"pa_discount-normalpreis","28":"pa_preiskategorie-freie-platzwahl","30":"first","31":"instock","32":"taxable","33":"shipping-taxable","34":"purchasable","35":"product-type-variable"},"group_of_quantity":0,"min_quantity":0,"max_quantity":"","exclude_order_quantity_value_rules":"no","exclude_category_quantity_rules":"no","combine_variations":"no","acf":[],"_links":{"self":[{"href":"https:\/\/arena-ticket.com\/en\/wp-json\/wp\/v2\/product\/37017","targetHints":{"allow":["GET"]}}],"collection":[{"href":"https:\/\/arena-ticket.com\/en\/wp-json\/wp\/v2\/product"}],"about":[{"href":"https:\/\/arena-ticket.com\/en\/wp-json\/wp\/v2\/types\/product"}],"wp:featuredmedia":[{"embeddable":true,"href":"https:\/\/arena-ticket.com\/en\/wp-json\/wp\/v2\/media\/37019"}],"wp:attachment":[{"href":"https:\/\/arena-ticket.com\/en\/wp-json\/wp\/v2\/media?parent=37017"}],"wp:term":[{"taxonomy":"product_brand","embeddable":true,"href":"https:\/\/arena-ticket.com\/en\/wp-json\/wp\/v2\/product_brand?post=37017"},{"taxonomy":"product_cat","embeddable":true,"href":"https:\/\/arena-ticket.com\/en\/wp-json\/wp\/v2\/product_cat?post=37017"},{"taxonomy":"product_tag","embeddable":true,"href":"https:\/\/arena-ticket.com\/en\/wp-json\/wp\/v2\/product_tag?post=37017"}],"curies":[{"name":"wp","href":"https:\/\/api.w.org\/{rel}","templated":true}]}}