{"id":37051,"date":"2025-04-08T13:56:04","date_gmt":"2025-04-08T11:56:04","guid":{"rendered":"https:\/\/arena-ticket.com\/?p=37051&#038;post_type=product&#038;preview_id=37051"},"modified":"2025-06-17T17:49:34","modified_gmt":"2025-06-17T15:49:34","slug":"falling-in-reverse-tour-2025-leipzig-quarterback-immobilien-arena-17-06-2025-2000-uhr","status":"publish","type":"product","link":"https:\/\/arena-ticket.com\/en\/product\/falling-in-reverse-tour-2025-leipzig-quarterback-immobilien-arena-17-06-2025-2000-uhr\/","title":{"rendered":"Falling In Reverse - Tour 2025"},"content":{"rendered":"<p>FALLING IN REVERSE kehrten 2024 mit Popular Monster zur\u00fcck, dem ersten Album seit sieben Jahren. Frontmann Ronnie Radke f\u00fcllt das f\u00fcnfte Album von Falling In Reverse mit unwiderstehlichen Songs, die \u00fcber Generationen und Genres hinweg Anklang finden. Popular Monster wurde gemeinsam mit seinem langj\u00e4hrigen Kollaborateur Tyler Smyth (I Prevail, Skillet, Lights) produziert und ist voller bekennender Angst, Tapferkeit und cleverer Wortspiele.<\/p>\n<p>Radke gr\u00fcndete als Teenager in Las Vegas eine Reihe von Pop-Punk-Bands, die in der Gr\u00fcndung von Escape The Fate gipfelten. Der kometenhafte Aufstieg der Metalcore-Gruppe fiel mit dem Abstieg des S\u00e4ngers in die Sucht zusammen. Als er zu zwei Jahren Gef\u00e4ngnis verurteilt wurde, hatte die von ihm gegr\u00fcndete Band bereits ohne ihn weitergemacht.<\/p>\n<p>Das mit Gold ausgezeichnete Deb\u00fctalbum von Falling In Reverse, The Drug In Me Is You (2011), erschien weniger als zwei Jahre nach Ronnies Entlassung. Dank seiner pr\u00e4genden Faszination f\u00fcr Metal, Punk und Hip-Hop belebte er mit dem ehrgeizigen Fashionably Late (2013) fast im Alleingang den Rap-Rock wieder. Just Like You (2015) deb\u00fctierte in den Top 5 der US-Rock-Charts. Das grungy und atmosph\u00e4rische Coming Home (2017) zeigte eine weitere abenteuerliche Seite von Radkes Selbstdarstellung.<\/p>\n<p>Das aktuelle Album Popular Monster und die ausverkauften Shows in 2024 markieren ein weiteres Kapitel in der fortlaufenden Geschichte eines K\u00fcnstlers, der immer wieder alle Widrigkeiten \u00fcberwindet und Hindernisse sowohl innerhalb als auch au\u00dferhalb \u00fcberwindet.<\/p>\n<p>Support: Crossfaith<\/p>\n<p>\u200dFoto: Nick Fancher<\/p>","protected":false},"excerpt":{"rendered":"<p>Advance ticket sales start on April 11, 2025!<\/p>","protected":false},"featured_media":41492,"template":"","meta":{"_acf_changed":false,"inline_featured_image":false},"product_brand":[],"product_cat":[31,69,86,6736,35,37,21,22,58],"product_tag":[941,5339,942,943,944,945,947,973,2981,948],"class_list":{"0":"post-37051","1":"product","2":"type-product","3":"status-publish","4":"has-post-thumbnail","6":"product_cat-events","7":"product_cat-konzert","8":"product_cat-leipzig","9":"product_cat-metal-metalcore","10":"product_cat-orte","11":"product_cat-quarterback-immobilien-arena","12":"product_cat-ticket","13":"product_cat-ticketupgrades-zusatzleistungen","14":"product_cat-veranstaltung","15":"product_tag-events","16":"product_tag-falling-in-reverse","17":"product_tag-konzert","18":"product_tag-leipzig","19":"product_tag-orte","20":"product_tag-quarterback-immobilien-arena","21":"product_tag-ticket","22":"product_tag-ticketupgrades-zusatzleistungen","23":"product_tag-tour-2025","24":"product_tag-veranstaltung","25":"product_shipping_class-abholung_paketversand","26":"pa_discount-inklusive-begleitperson","27":"pa_discount-normalpreis","28":"pa_preiskategorie-ggv-up","29":"pa_preiskategorie-pgv-up","30":"pa_preiskategorie-pk1-stehplatz","31":"pa_preiskategorie-pk-ii","32":"pa_preiskategorie-rollstuhlfahrer","34":"first","35":"instock","36":"taxable","37":"shipping-taxable","38":"purchasable","39":"product-type-variable"},"group_of_quantity":0,"min_quantity":0,"max_quantity":"","exclude_order_quantity_value_rules":"no","exclude_category_quantity_rules":"no","combine_variations":"no","acf":[],"_links":{"self":[{"href":"https:\/\/arena-ticket.com\/en\/wp-json\/wp\/v2\/product\/37051","targetHints":{"allow":["GET"]}}],"collection":[{"href":"https:\/\/arena-ticket.com\/en\/wp-json\/wp\/v2\/product"}],"about":[{"href":"https:\/\/arena-ticket.com\/en\/wp-json\/wp\/v2\/types\/product"}],"wp:featuredmedia":[{"embeddable":true,"href":"https:\/\/arena-ticket.com\/en\/wp-json\/wp\/v2\/media\/41492"}],"wp:attachment":[{"href":"https:\/\/arena-ticket.com\/en\/wp-json\/wp\/v2\/media?parent=37051"}],"wp:term":[{"taxonomy":"product_brand","embeddable":true,"href":"https:\/\/arena-ticket.com\/en\/wp-json\/wp\/v2\/product_brand?post=37051"},{"taxonomy":"product_cat","embeddable":true,"href":"https:\/\/arena-ticket.com\/en\/wp-json\/wp\/v2\/product_cat?post=37051"},{"taxonomy":"product_tag","embeddable":true,"href":"https:\/\/arena-ticket.com\/en\/wp-json\/wp\/v2\/product_tag?post=37051"}],"curies":[{"name":"wp","href":"https:\/\/api.w.org\/{rel}","templated":true}]}}