{"id":37071,"date":"2025-04-08T16:41:53","date_gmt":"2025-04-08T14:41:53","guid":{"rendered":"https:\/\/arena-ticket.com\/?p=37071&#038;post_type=product&#038;preview_id=37071"},"modified":"2025-04-08T16:51:16","modified_gmt":"2025-04-08T14:51:16","slug":"monet192-aura-tour-25-26-taeubchenthal-leipzig-20-01-2026-2000-uhr","status":"publish","type":"product","link":"https:\/\/arena-ticket.com\/en\/product\/monet192-aura-tour-25-26-taeubchenthal-leipzig-20-01-2026-2000-uhr\/","title":{"rendered":"Monet192  - Aura Tour 25\/26"},"content":{"rendered":"<p>Monet192 geht mit der AURA TOUR an den Start und bringt seinen Sound wieder auf die B\u00fchne. Die Tour ist in zwei Bl\u00f6cke f\u00fcr 2025 und 2026 aufgeteilt - mit 19 Shows genug Gelegenheiten, seine Musik live zu erleben!<\/p>\n<p>Mit Songs wie \u201eH&lt;3tel\u201c \u201eBody\u201c und \u201eNiemalsland\u201c hat sich Monet192 l\u00e4ngst in die Herzen seiner Fans gespielt. Seine Musik ist wie ein offenes Tagebuch - direkt, ungesch\u00f6nt und ehrlich bis zum letzten Beat. Die AURA TOUR bringt seine Texte und Sounds so intensiv wie nie zuvor.<\/p>\n<p>Die Atmosph\u00e4re ist einzigartig, die Beats d\u00fcster und deep und live hebt Monet192 die Energie auf ein ganz neues Level. Monet192 steht in den Startl\u00f6chern. AURA TOUR 2025\/2026 - auf geht\u2019s!<\/p>","protected":false},"excerpt":{"rendered":"<p>Monet192 k\u00fcndigt die AURA TOUR f\u00fcr 2025 und 2026 an<\/p>","protected":false},"featured_media":37073,"template":"","meta":{"_acf_changed":false,"inline_featured_image":false},"product_brand":[],"product_cat":[31,6737,69,86,35,499,21,58],"product_tag":[5346,941,942,943,1593,5345,944,5344,967,947,948],"class_list":{"0":"post-37071","1":"product","2":"type-product","3":"status-publish","4":"has-post-thumbnail","6":"product_cat-events","7":"product_cat-hip-hop-rnb","8":"product_cat-konzert","9":"product_cat-leipzig","10":"product_cat-orte","11":"product_cat-taeubchenthal","12":"product_cat-ticket","13":"product_cat-veranstaltung","14":"product_tag-aura-tour-25-26","15":"product_tag-events","16":"product_tag-konzert","17":"product_tag-leipzig","18":"product_tag-luna","19":"product_tag-monet192","20":"product_tag-orte","21":"product_tag-out-of-home-tour-2026","22":"product_tag-taeubchenthal","23":"product_tag-ticket","24":"product_tag-veranstaltung","25":"product_shipping_class-nur_paketversand","26":"pa_discount-normalpreis","27":"pa_preiskategorie-stehplatz","29":"first","30":"instock","31":"taxable","32":"shipping-taxable","33":"purchasable","34":"product-type-variable"},"group_of_quantity":0,"min_quantity":0,"max_quantity":"","exclude_order_quantity_value_rules":"no","exclude_category_quantity_rules":"no","combine_variations":"no","acf":[],"_links":{"self":[{"href":"https:\/\/arena-ticket.com\/en\/wp-json\/wp\/v2\/product\/37071","targetHints":{"allow":["GET"]}}],"collection":[{"href":"https:\/\/arena-ticket.com\/en\/wp-json\/wp\/v2\/product"}],"about":[{"href":"https:\/\/arena-ticket.com\/en\/wp-json\/wp\/v2\/types\/product"}],"wp:featuredmedia":[{"embeddable":true,"href":"https:\/\/arena-ticket.com\/en\/wp-json\/wp\/v2\/media\/37073"}],"wp:attachment":[{"href":"https:\/\/arena-ticket.com\/en\/wp-json\/wp\/v2\/media?parent=37071"}],"wp:term":[{"taxonomy":"product_brand","embeddable":true,"href":"https:\/\/arena-ticket.com\/en\/wp-json\/wp\/v2\/product_brand?post=37071"},{"taxonomy":"product_cat","embeddable":true,"href":"https:\/\/arena-ticket.com\/en\/wp-json\/wp\/v2\/product_cat?post=37071"},{"taxonomy":"product_tag","embeddable":true,"href":"https:\/\/arena-ticket.com\/en\/wp-json\/wp\/v2\/product_tag?post=37071"}],"curies":[{"name":"wp","href":"https:\/\/api.w.org\/{rel}","templated":true}]}}