{"id":37088,"date":"2025-04-08T18:26:50","date_gmt":"2025-04-08T16:26:50","guid":{"rendered":"https:\/\/arena-ticket.com\/?p=37088&#038;post_type=product&#038;preview_id=37088"},"modified":"2025-05-15T15:00:00","modified_gmt":"2025-05-15T13:00:00","slug":"kuult-fallschirmvertrauen-tour-2025-leipzig-der-anker-04-10-2025-2000-uhr","status":"publish","type":"product","link":"https:\/\/arena-ticket.com\/en\/product\/kuult-fallschirmvertrauen-tour-2025-leipzig-der-anker-04-10-2025-2000-uhr\/","title":{"rendered":"KUULT - Fallschirmvertrauen Tour 2025"},"content":{"rendered":"<p>Kuult kann, weil Kuult will\u2026und das seit \u00fcber 10 Jahren. Unerm\u00fcdlich touren, Songs schreiben sowie Musik nach vorne tragen. Und so k\u00fcndigt das Pop-Trio aus dem Ruhrpott hochmotiviert das f\u00fcnfte Album an. Frontmann Chris Werner entpuppt sich dabei als Grandseigneur der eindringlichen und leisen T\u00f6ne, um dann wieder ungedrosselt in den Partymodus zu wechseln. Hier trifft Energie auf Emotion. Kuult halt\u2026..<\/p>","protected":false},"excerpt":{"rendered":"<p class=\"stage-headline\" data-qa=\"event-headline\">Get your tickets for the concert in Leipzig now!<\/p>","protected":false},"featured_media":37090,"template":"","meta":{"_acf_changed":false,"inline_featured_image":false},"product_brand":[],"product_cat":[388,31,69,86,35,6733,21,58],"product_tag":[971,2859,941,5351,942,5350,943,944,947,948],"class_list":{"0":"post-37088","1":"product","2":"type-product","3":"status-publish","4":"has-post-thumbnail","6":"product_cat-anker","7":"product_cat-events","8":"product_cat-konzert","9":"product_cat-leipzig","10":"product_cat-orte","11":"product_cat-pop","12":"product_cat-ticket","13":"product_cat-veranstaltung","14":"product_tag-anker","15":"product_tag-der-anker","16":"product_tag-events","17":"product_tag-fallschirmvertrauen-tour-2025","18":"product_tag-konzert","19":"product_tag-kuult","20":"product_tag-leipzig","21":"product_tag-orte","22":"product_tag-ticket","23":"product_tag-veranstaltung","24":"product_shipping_class-nur_paketversand","25":"pa_discount-normalpreis","26":"pa_preiskategorie-stehplatz","28":"first","29":"instock","30":"taxable","31":"shipping-taxable","32":"purchasable","33":"product-type-variable"},"group_of_quantity":0,"min_quantity":0,"max_quantity":"","exclude_order_quantity_value_rules":"no","exclude_category_quantity_rules":"no","combine_variations":"no","acf":[],"_links":{"self":[{"href":"https:\/\/arena-ticket.com\/en\/wp-json\/wp\/v2\/product\/37088","targetHints":{"allow":["GET"]}}],"collection":[{"href":"https:\/\/arena-ticket.com\/en\/wp-json\/wp\/v2\/product"}],"about":[{"href":"https:\/\/arena-ticket.com\/en\/wp-json\/wp\/v2\/types\/product"}],"wp:featuredmedia":[{"embeddable":true,"href":"https:\/\/arena-ticket.com\/en\/wp-json\/wp\/v2\/media\/37090"}],"wp:attachment":[{"href":"https:\/\/arena-ticket.com\/en\/wp-json\/wp\/v2\/media?parent=37088"}],"wp:term":[{"taxonomy":"product_brand","embeddable":true,"href":"https:\/\/arena-ticket.com\/en\/wp-json\/wp\/v2\/product_brand?post=37088"},{"taxonomy":"product_cat","embeddable":true,"href":"https:\/\/arena-ticket.com\/en\/wp-json\/wp\/v2\/product_cat?post=37088"},{"taxonomy":"product_tag","embeddable":true,"href":"https:\/\/arena-ticket.com\/en\/wp-json\/wp\/v2\/product_tag?post=37088"}],"curies":[{"name":"wp","href":"https:\/\/api.w.org\/{rel}","templated":true}]}}