{"id":37120,"date":"2025-04-09T14:36:34","date_gmt":"2025-04-09T12:36:34","guid":{"rendered":"https:\/\/arena-ticket.com\/?p=37120&#038;post_type=product&#038;preview_id=37120"},"modified":"2025-04-10T11:23:20","modified_gmt":"2025-04-10T09:23:20","slug":"wincent-weiss-sommertour-2025-iga-parkbuehne-rostock-15-08-2025-1900-uhr","status":"publish","type":"product","link":"https:\/\/arena-ticket.com\/en\/product\/wincent-weiss-sommertour-2025-iga-parkbuehne-rostock-15-08-2025-1900-uhr\/","title":{"rendered":"Wincent Weiss  - Sommertour 2025"},"content":{"rendered":"<section class=\"c-full c-inner c-narrow\" data-c=\"stageteasertext\" data-qa=\"stageteasertext-component\">\n<div class=\"container\">\n<div class=\"external-content no-margin\">\n<div class=\"u-position-relative js-moretext-wrapper\">\n<div class=\"moretext js-moretext expanded\" data-qa=\"readMoreText\">\n<div class=\"moretext-teaser\">\n<p>Wincent Weiss geht 2025 wieder auf Sommertour! Auf zahlreichen Open Airs werden der S\u00e4nger und Songwriter und seine Band mit einer energiegeladenen Show und Hits wie \u201eMusik Sein\u201c, \u201eFeuerwerk\u201c oder \u201eWer wenn nicht wir\u201c wieder f\u00fcr unvergessliche Sommerabende sorgen.<\/p>\n<p>\u201eIrgendwo Ankommen\u201c, sein letztes Album, ist das Resultat einer langen Reise, hin zu sich selbst. Denn in den letzten acht Jahren ist Wincent durch die unterschiedlichsten Phasen gegangen - f\u00fchlbar im Kreis der Konzertbesucher:innen, z\u00e4hlbar in \u00fcber einer Million monatlicher H\u00f6rer:innen bei Spotify, 1.000.000 Follower:innen bei Instagram. In 600 Millionen Audio-Streams, \u00fcber 130 Millionen Video-Views und 340.000 Abonnent:innen des eigenen YouTube-Kanals. Top-10-Platzierungen und zigtausend Plays in den Radio-Airplay-Charts, Top-3-Platzierungen in den offiziellen Verkaufscharts. Greifbar in vielen Platin- und Gold Auszeichnungen f\u00fcr die letzten Singles und Alben. In Form von Awards, wie dem ECHO, einem MTV Music Award, einem Radio Regenbogen Award, der \u201eGoldenen Henne\u201c, dem Audi Generation Award und der \u201eGoldenen Kamera\u201c (Best Music Act). Auch wenn Anfang Dezember 2024 eine Re-Edition seines Weihnachtsalbums \u201eWincents Weisse Weihnachten\u201c erscheint, freut er sich doch gleichzeitig bereits auch auf den kommenden Sommer und die geplanten Open Air Shows:<\/p>\n<p>\u201eKonzerte sind f\u00fcr mich der sch\u00f6nste Ort der Welt. 2 Stunden alles vergessen und loslassen. Das kann nicht nur ich w\u00e4hrend der Konzerte, sondern das sehe ich auch in ganz vielen Gesichtern, wenn ich ins Publikum schaue. Ich liebe diese ausgelassene Stimmung auf Open Air Konzerten. Was gibt\u2019s Sch\u00f6neres als an einem Sommerabend mit den besten Freunden oder der Familie auf einem Open Air zu den Lieblingsliedern zu tanzen und jede Zeile mitzusingen? Das ist f\u00fcr mich das Sch\u00f6nste am Sommer, egal ob vor oder auf der B\u00fchne!<\/p>\n<\/div>\n<\/div>\n<div class=\"link moretext-toggle\"><\/div>\n<\/div>\n<\/div>\n<\/div>\n<\/section>\n<section class=\"c container\" data-c=\"eviwidget\" data-qa=\"evi-widget\">\n<div class=\"js-evi-wrapper theme-element-border evi-wrapper\">\n<div class=\"js-evi-box\">\n<div id=\"evi-widget-rule-11e8fcb5-8a5e-aaee-e6eb-996adb054c48\" class=\"evi-widget evi-widget evi-widget-type-ticket-alarm-single\"><\/div>\n<\/div>\n<\/div>\n<\/section>","protected":false},"excerpt":{"rendered":"<p class=\"stage-headline\" data-qa=\"event-headline\">Jetzt Tickets f\u00fcr das Konzert in Rostock auf der IGA Parkb\u00fchne sichern!<\/p>","protected":false},"featured_media":37122,"template":"","meta":{"_acf_changed":false,"inline_featured_image":false},"product_brand":[],"product_cat":[31,69,35,6733,21,58],"product_tag":[971,2859,941,5351,942,5350,943,944,5352,947,948,3136],"class_list":{"0":"post-37120","1":"product","2":"type-product","3":"status-publish","4":"has-post-thumbnail","6":"product_cat-events","7":"product_cat-konzert","8":"product_cat-orte","9":"product_cat-pop","10":"product_cat-ticket","11":"product_cat-veranstaltung","12":"product_tag-anker","13":"product_tag-der-anker","14":"product_tag-events","15":"product_tag-fallschirmvertrauen-tour-2025","16":"product_tag-konzert","17":"product_tag-kuult","18":"product_tag-leipzig","19":"product_tag-orte","20":"product_tag-sommertour-2025","21":"product_tag-ticket","22":"product_tag-veranstaltung","23":"product_tag-wincent-weiss","24":"product_shipping_class-nur_paketversand","25":"pa_discount-inklusive-begleitperson","26":"pa_discount-normalpreis","27":"pa_preiskategorie-rollstuhlfahrer","28":"pa_preiskategorie-schwerbeschaedigt","29":"pa_preiskategorie-stehplatz","31":"first","32":"instock","33":"taxable","34":"shipping-taxable","35":"purchasable","36":"product-type-variable"},"group_of_quantity":0,"min_quantity":0,"max_quantity":"","exclude_order_quantity_value_rules":"no","exclude_category_quantity_rules":"no","combine_variations":"no","acf":[],"_links":{"self":[{"href":"https:\/\/arena-ticket.com\/en\/wp-json\/wp\/v2\/product\/37120","targetHints":{"allow":["GET"]}}],"collection":[{"href":"https:\/\/arena-ticket.com\/en\/wp-json\/wp\/v2\/product"}],"about":[{"href":"https:\/\/arena-ticket.com\/en\/wp-json\/wp\/v2\/types\/product"}],"wp:featuredmedia":[{"embeddable":true,"href":"https:\/\/arena-ticket.com\/en\/wp-json\/wp\/v2\/media\/37122"}],"wp:attachment":[{"href":"https:\/\/arena-ticket.com\/en\/wp-json\/wp\/v2\/media?parent=37120"}],"wp:term":[{"taxonomy":"product_brand","embeddable":true,"href":"https:\/\/arena-ticket.com\/en\/wp-json\/wp\/v2\/product_brand?post=37120"},{"taxonomy":"product_cat","embeddable":true,"href":"https:\/\/arena-ticket.com\/en\/wp-json\/wp\/v2\/product_cat?post=37120"},{"taxonomy":"product_tag","embeddable":true,"href":"https:\/\/arena-ticket.com\/en\/wp-json\/wp\/v2\/product_tag?post=37120"}],"curies":[{"name":"wp","href":"https:\/\/api.w.org\/{rel}","templated":true}]}}