{"id":37160,"date":"2025-04-10T09:43:53","date_gmt":"2025-04-10T07:43:53","guid":{"rendered":"https:\/\/arena-ticket.com\/?p=37160&#038;post_type=product&#038;preview_id=37160"},"modified":"2026-04-11T16:51:38","modified_gmt":"2026-04-11T14:51:38","slug":"die-schlagernacht-des-jahres-2026-leipzig-quarterback-immobilien-arena-11-04-2026-1800-uhr","status":"publish","type":"product","link":"https:\/\/arena-ticket.com\/en\/product\/die-schlagernacht-des-jahres-2026-leipzig-quarterback-immobilien-arena-11-04-2026-1800-uhr\/","title":{"rendered":"Die Schlagernacht des Jahres - 2026"},"content":{"rendered":"<p>***The event ticket includes travel authorization for all MDV means of transport (tariff zone 110) 4 hours before + after the event***<\/p>\n<p>Es gibt Samstage, auf die wir uns besonders freuen! Ganz vorne mit dabei sind die samst\u00e4glichen SCHLAGERN\u00c4CHTE, die Schlager-Deutschland auch 2026 \u00fcber das Jahr verteilt verzaubern! Gleich 15mal kommen tausende Schlagerfans in den gr\u00f6\u00dften Arenen Deutschlands zusammen, um sechs Stunden lang den ultimativen Schlagerspa\u00df zu erleben!<br \/>\nFreunde, Familien und Vereine verabreden sich zu diesem einzigartigen Erlebnis, um ihre Lieblingsk\u00fcnstler zu feiern und ausgelassen zu zeitlosen Schlager-Evergreens bis hin zu aktuellem Techno-Schlager Hits zu tanzen. Mit einer ausgefallenen Variation der angesagtesten Schlagerk\u00fcnstler aus Kult-, Pop- und Partyschlager l\u00e4sst die Schlagernacht des Jahres 2026 die keine Herzensw\u00fcnsche offen:<br \/>\nVICKY LEANDROS, MATTHIAS REIM, KERSTIN OTT, BEN ZUCKER, MELISSA NASCHENWENG, SEMINO ROSSI, ANDY BORG, MICKIE KRAUSE, OLI.P, ANNA-MARIA ZIMMERMANN, VINCENT GROSS, ROSS ANTONY,\u00a0 FANTASY und TIM PETERS sind nur ein paar der bereits f\u00fcr 2026 angek\u00fcndigten K\u00fcnstler.<br \/>\nDie Stars werden auf der Schlagernachtb\u00fchne, die eine unvergleichbare N\u00e4he zu den Fans zul\u00e4sst, mit perfekt abgestimmten Showelementen und im Glanz der Lichtshow sowie visuellen Effekte des LED-Bildschirms perfekt in Szene gesetzt. Wenn der Countdown runterz\u00e4hlt und der erste K\u00fcnstler das mehrst\u00fcndige Programm im Festivalflair er\u00f6ffnet, gibt es kein Halten mehr! Mit den Idolen abklatschen, ein Selfie abstauben oder zusammen den Refrain einer Schlager-Hymne singen \u2013 bei den Schlagern\u00e4chten ist ALLES m\u00f6glich!<br \/>\nDie Schlagernacht des Jahres \u2013 DAS ORIGINAL garantiert unvergessliche und herzergreifende Momente, die alle Herzen h\u00f6her schlagern lassen!<\/p>","protected":false},"excerpt":{"rendered":"<p>The top stars of the hit industry ensure unforgettable hours in the great halls of Germany!<\/p>","protected":false},"featured_media":49493,"template":"","meta":{"_acf_changed":false,"inline_featured_image":false},"product_brand":[],"product_cat":[31,69,86,35,37,6734,21,22,58],"product_tag":[4206,3189,2927,941,4498,4085,942,943,280,7040,944,945,2568,4758,958,947,973,948,7039],"class_list":{"0":"post-37160","1":"product","2":"type-product","3":"status-publish","4":"has-post-thumbnail","6":"product_cat-events","7":"product_cat-konzert","8":"product_cat-leipzig","9":"product_cat-orte","10":"product_cat-quarterback-immobilien-arena","11":"product_cat-schlager","12":"product_cat-ticket","13":"product_cat-ticketupgrades-zusatzleistungen","14":"product_cat-veranstaltung","15":"product_tag-4206","16":"product_tag-ben-zucker","17":"product_tag-die-schlagernacht-des-jahres","18":"product_tag-events","19":"product_tag-fantasy","20":"product_tag-kerstin-ott","21":"product_tag-konzert","22":"product_tag-leipzig","23":"product_tag-matthias-reim","24":"product_tag-oli-p","25":"product_tag-orte","26":"product_tag-quarterback-immobilien-arena","27":"product_tag-schlager","28":"product_tag-semino-rossi","29":"product_tag-show","30":"product_tag-ticket","31":"product_tag-ticketupgrades-zusatzleistungen","32":"product_tag-veranstaltung","33":"product_tag-vicky-leandros","34":"product_shipping_class-abholung_paketversand","35":"pa_discount-lzig-eds","36":"pa_discount-lzig-ees","37":"pa_discount-vip-golden-circle","38":"pa_discount-inklusive-begleitperson","39":"pa_discount-kind","40":"pa_discount-normalpreis","41":"pa_discount-vip-sitzplatz","42":"pa_preiskategorie-front-of-stage-stehplatz","43":"pa_preiskategorie-ggv-up","44":"pa_preiskategorie-livezig-up","45":"pa_preiskategorie-pgv-up","46":"pa_preiskategorie-pk-i","47":"pa_preiskategorie-pk-ii","48":"pa_preiskategorie-pk-iii","49":"pa_preiskategorie-pk-iv","50":"pa_preiskategorie-pk-v","51":"pa_preiskategorie-pk5-stehplatz","52":"pa_preiskategorie-rollstuhlfahrer","53":"pa_preiskategorie-stehplatz","54":"pa_preiskategorie-vip-package-backstage-club","55":"pa_preiskategorie-vip-package-backstage-club-stehplatz","56":"pa_preiskategorie-vipu-up","58":"first","59":"outofstock","60":"featured","61":"taxable","62":"shipping-taxable","63":"purchasable","64":"product-type-variable"},"group_of_quantity":0,"min_quantity":0,"max_quantity":"","exclude_order_quantity_value_rules":"no","exclude_category_quantity_rules":"no","combine_variations":"no","acf":[],"_links":{"self":[{"href":"https:\/\/arena-ticket.com\/en\/wp-json\/wp\/v2\/product\/37160","targetHints":{"allow":["GET"]}}],"collection":[{"href":"https:\/\/arena-ticket.com\/en\/wp-json\/wp\/v2\/product"}],"about":[{"href":"https:\/\/arena-ticket.com\/en\/wp-json\/wp\/v2\/types\/product"}],"wp:featuredmedia":[{"embeddable":true,"href":"https:\/\/arena-ticket.com\/en\/wp-json\/wp\/v2\/media\/49493"}],"wp:attachment":[{"href":"https:\/\/arena-ticket.com\/en\/wp-json\/wp\/v2\/media?parent=37160"}],"wp:term":[{"taxonomy":"product_brand","embeddable":true,"href":"https:\/\/arena-ticket.com\/en\/wp-json\/wp\/v2\/product_brand?post=37160"},{"taxonomy":"product_cat","embeddable":true,"href":"https:\/\/arena-ticket.com\/en\/wp-json\/wp\/v2\/product_cat?post=37160"},{"taxonomy":"product_tag","embeddable":true,"href":"https:\/\/arena-ticket.com\/en\/wp-json\/wp\/v2\/product_tag?post=37160"}],"curies":[{"name":"wp","href":"https:\/\/api.w.org\/{rel}","templated":true}]}}