{"id":37204,"date":"2025-04-10T13:39:32","date_gmt":"2025-04-10T11:39:32","guid":{"rendered":"https:\/\/arena-ticket.com\/?p=37204&#038;post_type=product&#038;preview_id=37204"},"modified":"2025-04-25T11:50:53","modified_gmt":"2025-04-25T09:50:53","slug":"alice-phoebe-lou-taeubchenthal-leipzig-11-05-2025-2000-uhr","status":"publish","type":"product","link":"https:\/\/arena-ticket.com\/en\/product\/alice-phoebe-lou-taeubchenthal-leipzig-11-05-2025-2000-uhr\/","title":{"rendered":"Alice Phoebe Lou"},"content":{"rendered":"<p>Alice Phoebe Lou<\/p>\n<p>Support: Cordelia<\/p>\n<p>&nbsp;<\/p>\n<div data-v-0d4c50a8=\"\">\n<p>Die weltweit gefeierte Singer-Songwriterin Alice Phoebe Lou stellt ihre neue Single \u201eBetter\u201c vor. Es ist der Nachfolger der Single \u201eThe World Above\u201c, die im Juli erschienen ist.<\/p>\n<p>Vertr\u00e4umte Melodien ebnen auf \u201eBetter\u201c den Weg f\u00fcr Alices honigs\u00fc\u00dfen Gesang, w\u00e4hrend sie das anf\u00e4ngliche, unantastbare Gl\u00fcck einer neuen Liebe beschreibt, die nicht unbedingt den Test der Zeit bestehen wird. Nostalgische Vintage-Keys h\u00fcllen den Song in Gedanken an gesch\u00e4tzte Erinnerungen und vers\u00fc\u00dfen die Illusion intensiver, fl\u00fcchtiger Verbindungen.<\/p>\n<p>Bei dem independent ver\u00f6ffentlichten Track, der w\u00e4hrend der Tour mit Clairo im Cedar Creek Studio in Austin aufgenommen wurde, wird Alice von David Parry an der Gitarre, Dekel Adin am Bass und Schlagzeug sowie Ziv Yamin am Schlagzeug und Klavier unterst\u00fctzt.<\/p>\n<p>\u201eIch habe diesen Song in einem Rutsch am Klavier meiner Kindheit im Haus meiner Mutter geschrieben\u201c, erz\u00e4hlt Alice. \u201eIch habe meine Fantasie und fr\u00fchere Erfahrungen angezapft und dachte daran, wie ich fr\u00fcher jemanden idealisiert habe, wenn ich ihn zum ersten Mal traf. Ich stellte mir eine unrealistische Zukunft vor und war blind f\u00fcr seine Fehler. Wenn man jemanden auf ein Podest stellt, wird der Fall auf den Boden umso schmerzhafter, wenn die Realit\u00e4t einsetzt und man erkennt, dass man seine eigenen Vorstellungen auf diese Person projiziert hat und dass sie dem nie gerecht werden k\u00f6nnte.\u201c<\/p>\n<\/div>","protected":false},"excerpt":{"rendered":"<p>Get your tickets here now!<\/p>","protected":false},"featured_media":37206,"template":"","meta":{"_acf_changed":false,"inline_featured_image":false},"product_brand":[],"product_cat":[31,69,86,35,6733,499,21,58],"product_tag":[5357,941,942,943,944,967,947,948],"class_list":{"0":"post-37204","1":"product","2":"type-product","3":"status-publish","4":"has-post-thumbnail","6":"product_cat-events","7":"product_cat-konzert","8":"product_cat-leipzig","9":"product_cat-orte","10":"product_cat-pop","11":"product_cat-taeubchenthal","12":"product_cat-ticket","13":"product_cat-veranstaltung","14":"product_tag-alice-phoebe-lou","15":"product_tag-events","16":"product_tag-konzert","17":"product_tag-leipzig","18":"product_tag-orte","19":"product_tag-taeubchenthal","20":"product_tag-ticket","21":"product_tag-veranstaltung","22":"product_shipping_class-nur_paketversand","23":"pa_discount-normalpreis","24":"pa_preiskategorie-stehplatz","26":"first","27":"instock","28":"taxable","29":"shipping-taxable","30":"purchasable","31":"product-type-variable"},"group_of_quantity":0,"min_quantity":0,"max_quantity":"","exclude_order_quantity_value_rules":"no","exclude_category_quantity_rules":"no","combine_variations":"no","acf":[],"_links":{"self":[{"href":"https:\/\/arena-ticket.com\/en\/wp-json\/wp\/v2\/product\/37204","targetHints":{"allow":["GET"]}}],"collection":[{"href":"https:\/\/arena-ticket.com\/en\/wp-json\/wp\/v2\/product"}],"about":[{"href":"https:\/\/arena-ticket.com\/en\/wp-json\/wp\/v2\/types\/product"}],"wp:featuredmedia":[{"embeddable":true,"href":"https:\/\/arena-ticket.com\/en\/wp-json\/wp\/v2\/media\/37206"}],"wp:attachment":[{"href":"https:\/\/arena-ticket.com\/en\/wp-json\/wp\/v2\/media?parent=37204"}],"wp:term":[{"taxonomy":"product_brand","embeddable":true,"href":"https:\/\/arena-ticket.com\/en\/wp-json\/wp\/v2\/product_brand?post=37204"},{"taxonomy":"product_cat","embeddable":true,"href":"https:\/\/arena-ticket.com\/en\/wp-json\/wp\/v2\/product_cat?post=37204"},{"taxonomy":"product_tag","embeddable":true,"href":"https:\/\/arena-ticket.com\/en\/wp-json\/wp\/v2\/product_tag?post=37204"}],"curies":[{"name":"wp","href":"https:\/\/api.w.org\/{rel}","templated":true}]}}