{"id":37207,"date":"2025-04-10T13:50:20","date_gmt":"2025-04-10T11:50:20","guid":{"rendered":"https:\/\/arena-ticket.com\/?p=37207&#038;post_type=product&#038;preview_id=37207"},"modified":"2025-10-28T13:05:30","modified_gmt":"2025-10-28T12:05:30","slug":"irish-folk-festival-2025-different-strokes-for-different-folks-gewandhaus-zu-leipzig-grosser-saal-12-11-2025-2000-uhr","status":"publish","type":"product","link":"https:\/\/arena-ticket.com\/en\/product\/irish-folk-festival-2025-different-strokes-for-different-folks-gewandhaus-zu-leipzig-grosser-saal-12-11-2025-2000-uhr\/","title":{"rendered":"Irish Folk Festival 2025 - \u201eDifferent Strokes for Different Folks\u201c"},"content":{"rendered":"<div class=\"event-teaser__short-description | js-event-teaser-short-description\">\n<div class=\"event-teaser__price-info | text-highlight text-highlight--alternative | h-no-margin-bottom-for-last-child | js-event-teaser-details-level-1\">\n<div class=\"event-teaser__short-description | js-event-teaser-short-description\">\n<div class=\"event-teaser__price-info | text-highlight text-highlight--alternative | h-no-margin-bottom-for-last-child | js-event-teaser-details-level-1\">\n<p>&nbsp;<\/p>\n<\/div>\n<\/div>\n<div class=\"event-teaser__full-description | js-event-teaser-full-description js-event-teaser-details-level-2\">\n<p>Irish Folk Festival 2025<\/p>\n<p>\u201eDifferent Strokes for Different Folks\u201c<\/p>\n<p>&nbsp;<\/p>\n<p>Macht euch bereit, von den lebendigen Melodien und Rhythmen Irlands mitgerissen zu werden! Das Irish Folk Festival (IFF) steht 2025 unter dem Motto \u201eDifferent Strokes for Different Folks\u201c. Wir zelebrieren damit einmal mehr die Vielfalt irischer Kultur. Das IFF ist ein Kaleidoskop der Kl\u00e4nge, das die vielen Facetten der gr\u00fcnen Insel abbildet. Wie hei\u00dft es so sch\u00f6n? \u201e\u00dcber Geschmack l\u00e4sst sich streiten.\u201c Doch genau das macht die irische Musik so spannend \u2013 es gibt mindestens so viele Stile wie Vorlieben der Besucher, die das IFF mit einer bunten Auswahl unter einen Hut bringt. Aber eines ist sicher: \u00dcber das handwerkliche K\u00f6nnen, die Virtuosit\u00e4t und die Authentizit\u00e4t der geladenen K\u00fcnstler l\u00e4sst sich nicht streiten.<\/p>\n<p>&nbsp;<\/p>\n<p>Ob gef\u00fchlvolle Balladen, mitrei\u00dfende Jigs &amp; Reels, oder moderne Interpretationen alter Melodien \u2013 f\u00fcr jeden ist etwas dabei. Egal, ob man ein Traditionalist ist oder ein Suchender, der moderne Fusionen erleben m\u00f6chte. Das Line-up verspricht eine musikalische Reise, die so vielf\u00e4ltig ist wie die Gr\u00fcnt\u00f6ne Irlands. Es ist ein Fest, bei dem jede Note, jeder Akkord und jeder Rhythmus eine andere Geschichte erz\u00e4hlt \u2013 genau wie die Menschen, die sich zusammenfinden, um sie zu erz\u00e4hlen und zu erleben.<\/p>\n<p>&nbsp;<\/p>\n<p>Warum sich also mit dem Gew\u00f6hnlichen zufriedengeben, wenn man das Au\u00dfergew\u00f6hnliche erleben kann? Das IFF ist nicht nur eine Veranstaltung \u2013 es ist eine Feier all jener individuellen T\u00f6ne, die jeden von uns zum eigenen Rhythmus tanzen lassen! Vor allem am Ende bei der legend\u00e4ren Session. Da finden sich alle noch so unterschiedlichen Bands und K\u00fcnstler unter einem Unisono zusammen, das allen eine \u00dcberdosis an Gl\u00fcckshormonen beschert.<\/p>\n<\/div>\n<\/div>\n<\/div>","protected":false},"excerpt":{"rendered":"<p>Sichern Sie sich Ihre Tickets f\u00fcr das Irish Folk Festival 2025!<\/p>","protected":false},"featured_media":53169,"template":"","meta":{"_acf_changed":false,"inline_featured_image":false},"product_brand":[],"product_cat":[31,6742,345,936,69,86,35,21,58],"product_tag":[5359,941,956,2832,957,5358,942,943,947,948],"class_list":{"0":"post-37207","1":"product","2":"type-product","3":"status-publish","4":"has-post-thumbnail","6":"product_cat-events","7":"product_cat-festivals-open-air","8":"product_cat-gewandhaus","9":"product_cat-grosser-saal","10":"product_cat-konzert","11":"product_cat-leipzig","12":"product_cat-orte","13":"product_cat-ticket","14":"product_cat-veranstaltung","15":"product_tag-different-strokes-for-different-folks","16":"product_tag-events","17":"product_tag-gewandhaus","18":"product_tag-gewandhaus-grosser-saal","19":"product_tag-grosser-saal","20":"product_tag-irish-folk-festival-2025","21":"product_tag-konzert","22":"product_tag-leipzig","23":"product_tag-ticket","24":"product_tag-veranstaltung","25":"product_shipping_class-nur_paketversand","26":"pa_discount-ermaessigt","27":"pa_discount-normalpreis","28":"pa_preiskategorie-pk-i","29":"pa_preiskategorie-pk-ii","30":"pa_preiskategorie-pk-iii","31":"pa_preiskategorie-pk-iv","32":"pa_preiskategorie-pk-v","33":"pa_preiskategorie-premium","34":"pa_preiskategorie-premium-sitzplatz","36":"first","37":"instock","38":"taxable","39":"shipping-taxable","40":"purchasable","41":"product-type-variable"},"group_of_quantity":0,"min_quantity":0,"max_quantity":"","exclude_order_quantity_value_rules":"no","exclude_category_quantity_rules":"no","combine_variations":"no","acf":[],"_links":{"self":[{"href":"https:\/\/arena-ticket.com\/en\/wp-json\/wp\/v2\/product\/37207","targetHints":{"allow":["GET"]}}],"collection":[{"href":"https:\/\/arena-ticket.com\/en\/wp-json\/wp\/v2\/product"}],"about":[{"href":"https:\/\/arena-ticket.com\/en\/wp-json\/wp\/v2\/types\/product"}],"wp:featuredmedia":[{"embeddable":true,"href":"https:\/\/arena-ticket.com\/en\/wp-json\/wp\/v2\/media\/53169"}],"wp:attachment":[{"href":"https:\/\/arena-ticket.com\/en\/wp-json\/wp\/v2\/media?parent=37207"}],"wp:term":[{"taxonomy":"product_brand","embeddable":true,"href":"https:\/\/arena-ticket.com\/en\/wp-json\/wp\/v2\/product_brand?post=37207"},{"taxonomy":"product_cat","embeddable":true,"href":"https:\/\/arena-ticket.com\/en\/wp-json\/wp\/v2\/product_cat?post=37207"},{"taxonomy":"product_tag","embeddable":true,"href":"https:\/\/arena-ticket.com\/en\/wp-json\/wp\/v2\/product_tag?post=37207"}],"curies":[{"name":"wp","href":"https:\/\/api.w.org\/{rel}","templated":true}]}}