{"id":37221,"date":"2025-04-10T14:22:49","date_gmt":"2025-04-10T12:22:49","guid":{"rendered":"https:\/\/arena-ticket.com\/?p=37221&#038;post_type=product&#038;preview_id=37221"},"modified":"2025-08-04T15:46:37","modified_gmt":"2025-08-04T13:46:37","slug":"the-real-comedian-harmonists-ein-kleines-bisschen-glueck-halle-georg-friedrich-haendel-halle-19-10-2025-1900-uhr","status":"publish","type":"product","link":"https:\/\/arena-ticket.com\/en\/product\/the-real-comedian-harmonists-ein-kleines-bisschen-glueck-halle-georg-friedrich-haendel-halle-19-10-2025-1900-uhr\/","title":{"rendered":"The Real COMEDIAN HARMONISTS  - Ein kleines bisschen Gl\u00fcck"},"content":{"rendered":"<div id=\"main\" align=\"center\">\n<div class=\"centerdiv\">\n<div id=\"canvas\">\n<div id=\"content\">\n<div id=\"calMo_6\">\n<div id=\"calEn_39\">\n<div class=\"fullcontent\">\n<div class=\"halfcontentright\">\n<div align=\"justify\"><span style=\"font-size: medium\">Reisen Sie mit \u201eThe Real Comedian Harmonists\u201c zur\u00fcck in die goldenen 1920er Jahre! Sie waren die erste international erfolgreiche \u201eBoygroup\u201c der Welt: Die Comedian Harmonists! \u201eVeronika, der Lenz ist da!\u201c, \u201eSch\u00f6ne Isabella aus Kastilien\u201c oder \u201eMein kleiner gr\u00fcner Kaktus\u201c sind unvergessene und unvergessliche Evergreens. Der Show-Abend \u201eEin kleines bisschen Gl\u00fcck\u201c mit \u201eThe Real Comedian Harmonists\u201c l\u00e4sst die unbeschwerte Leichtigkeit, den ironischen Humor und den hohen musikalischen wie oftmals auch inhaltlichen Anspruch der legend\u00e4ren Vokalisten-Gruppe neu aufleben. Tickets f\u00fcr die Tournee gibt es ab sofort.<br \/>\nDie \"Comedian Harmonists\" waren mehr als ein au\u00dfergew\u00f6hnlich erfolgreiches Vokalensemble der 1920er und fr\u00fchen 1930er Jahre, sie waren eine kleine Revolution f\u00fcr die deutsche wie auch internationale Musikszene. 1928 in Berlin von sechs Musikern gegr\u00fcndet vereinten sie Elemente der Operette, des Jazz und der popul\u00e4ren Musik zu einem neuartigen, unverwechselbaren Sound.<br \/>\nDie \"Comedian Harmonists\" waren f\u00fcr ihre innovativen Arrangements und virtuosen Vokaltechniken bekannt. Ihr Humor und ihre Leichtigkeit im Umgang mit Musik machten sie zu einer der erfolgreichsten Gruppen der Weimarer Republik. Mit ihrer einzigartigen Mischung aus humorvollen, oft ironischen Liedtexten und anspruchsvollen musikalischen Kompositionen waren sie sowohl f\u00fcr die breite Masse als auch f\u00fcr Musikliebhaber von hohem kulturellem Wert \u2013 und sind es bis heute.<br \/>\n<\/span><\/p>\n<div align=\"justify\"><span style=\"font-size: medium\">Ihre Popularit\u00e4t war nicht nur in Deutschland enorm, sondern auch international. Sie traten in zahlreichen europ\u00e4ischen L\u00e4ndern auf und waren sogar in den USA erfolgreich. Ihr Werdegang nahm mit der Machtergreifung der Nationalsozialisten 1933 eine dramatische Wendung. Die multinationale Besetzung der Gruppe mit einigen j\u00fcdischen Mitgliedern f\u00fchrte zu Konflikten mit dem Regime. Trotz ihrer gro\u00dfen Erfolge und ihrer betr\u00e4chtlichen Popularit\u00e4t wurden die \u201eComedian Harmonists\u201c 1935 unter Anwendung der antisemitischen Rassengesetze aufgel\u00f6st.<\/span><br \/>\n<span style=\"font-size: medium\">Die f\u00fcnf Gesangsartisten von \u201eThe Real Comedian Harmonists\u201c um den Pianisten Florian Fries lassen als perfekte Doubles ihre weltber\u00fchmten Vorbilder wieder auferstehen. Rhythmisch pr\u00e4zise und mit flottem Mundwerk pr\u00e4sentiert das Gesangsensemble Welthits wie \u201eVeronika, der Lenz ist da!\u201c, \u201eSch\u00f6ne Isabella aus Kastilien\u201c, \u201eEin Freund, ein guter Freund\u201c, \u201eMein kleiner gr\u00fcner Kaktus\u201c und viele andere mehr in anspruchsvoller Close Harmony.<\/span><\/div>\n<\/div>\n<div align=\"justify\"><span style=\"font-size: medium\">Das von Medien, Musikkennern und Zuschauern vielgelobte Ensemble besticht dabei gleicherma\u00dfen mit Witz und Charme wie mit erstklassiger musikalischer Qualit\u00e4t. Das Publikum darf nicht weniger als einen musikalischen Hochgenuss f\u00fcr die Ohren sowie am\u00fcsante Choreografien f\u00fcr die Augen erwarten \u2013 eingebettet in die ergreifende Erz\u00e4hlung \u00fcber den schicksalshaften Werdegang der ersten \u201eBoygroup\u201c der Welt!<br \/>\nDabei ist nicht nur die Musik von zeitloser Aktualit\u00e4t. Denn die Bedeutung der \u201eComedian Harmonists\u201c geht weit \u00fcber deren Musik hinaus. Sie symbolisieren die kulturelle Vielfalt und den Geist der 1920er Jahre in Deutschland, bevor die dunklen Jahre des Nationalsozialismus die gesellschaftliche und k\u00fcnstlerische Szene l\u00e4hmten. Der Einfluss der Gruppe ist auch heute noch sp\u00fcrbar \u2013 ihre Musik wird immer wieder neu entdeckt und bleibt ein faszinierendes Zeugnis f\u00fcr die kreative Energie einer turbulenten Zeit in der deutschen Geschichte.<br \/>\nDie Show wird inszeniert, produziert und veranstaltet von Reset Production. Das Unternehmen aus Gera hat mit Shows wie \u201eTina\u201c, \u201eABBA \u2013 The Concert\u201c, \u201eMassachusetts\u201c oder \u201eForever Queen\u201c zahlreiche Erfolge vorzuweisen, die \u00fcber Jahre hinweg in Deutschland auf Tournee gehen. Mit \u201eThe Real Comedian Harmonists \u2013 Ein kleines bisschen Gl\u00fcck\u201c kommt nun eine neue Tribute-Show hinzu, die mitrei\u00dfend einen kulturellen, musikalischen Bogen von rund einhundert Jahren spannt. Ein Musik-Erlebnis, das wie kein zweites Anspruch und Raffinesse mit Leichtigkeit und Vergn\u00fcgen paart.<\/span><\/div>\n<div align=\"justify\"><span style=\"font-size: medium\">\u00a0<\/span><\/div>\n<\/div>\n<\/div>\n<\/div>\n<div class=\"calEn\"><\/div>\n<div id=\"calEn_41\"><\/div>\n<div class=\"calEn\"><\/div>\n<\/div>\n<\/div>\n<\/div>\n<div id=\"socialmedia\"><\/div>\n<\/div>\n<\/div>\n<div id=\"ticker\" align=\"center\">\n<div class=\"centerdiv\">\n<div id=\"tickerleft\"><\/div>\n<\/div>\n<\/div>","protected":false},"excerpt":{"rendered":"<p>Don&#039;t miss it!<\/p>","protected":false},"featured_media":37230,"template":"","meta":{"_acf_changed":false,"inline_featured_image":false},"product_brand":[],"product_cat":[31,69,6749,21,58],"product_tag":[5362,941,2712,999,942,951,5361,947],"class_list":{"0":"post-37221","1":"product","2":"type-product","3":"status-publish","4":"has-post-thumbnail","6":"product_cat-events","7":"product_cat-konzert","8":"product_cat-sonstiges_konzert","9":"product_cat-ticket","10":"product_cat-veranstaltung","11":"product_tag-ein-kleines-bisschen-glueck","12":"product_tag-events","13":"product_tag-georg-friedrich-haendel-halle","14":"product_tag-halle","15":"product_tag-konzert","16":"product_tag-kultur","17":"product_tag-the-real-comedian-harmonists","18":"product_tag-ticket","19":"product_shipping_class-abholung_paketversand","20":"pa_discount-ermaessigt","21":"pa_discount-kind","22":"pa_discount-normalpreis","23":"pa_preiskategorie-pk-i","24":"pa_preiskategorie-pk-ii","25":"pa_preiskategorie-pk-iii","26":"pa_preiskategorie-pk-iv","27":"pa_preiskategorie-pk-v","29":"first","30":"instock","31":"taxable","32":"shipping-taxable","33":"purchasable","34":"product-type-variable"},"group_of_quantity":0,"min_quantity":0,"max_quantity":"","exclude_order_quantity_value_rules":"no","exclude_category_quantity_rules":"no","combine_variations":"no","acf":[],"_links":{"self":[{"href":"https:\/\/arena-ticket.com\/en\/wp-json\/wp\/v2\/product\/37221","targetHints":{"allow":["GET"]}}],"collection":[{"href":"https:\/\/arena-ticket.com\/en\/wp-json\/wp\/v2\/product"}],"about":[{"href":"https:\/\/arena-ticket.com\/en\/wp-json\/wp\/v2\/types\/product"}],"wp:featuredmedia":[{"embeddable":true,"href":"https:\/\/arena-ticket.com\/en\/wp-json\/wp\/v2\/media\/37230"}],"wp:attachment":[{"href":"https:\/\/arena-ticket.com\/en\/wp-json\/wp\/v2\/media?parent=37221"}],"wp:term":[{"taxonomy":"product_brand","embeddable":true,"href":"https:\/\/arena-ticket.com\/en\/wp-json\/wp\/v2\/product_brand?post=37221"},{"taxonomy":"product_cat","embeddable":true,"href":"https:\/\/arena-ticket.com\/en\/wp-json\/wp\/v2\/product_cat?post=37221"},{"taxonomy":"product_tag","embeddable":true,"href":"https:\/\/arena-ticket.com\/en\/wp-json\/wp\/v2\/product_tag?post=37221"}],"curies":[{"name":"wp","href":"https:\/\/api.w.org\/{rel}","templated":true}]}}