{"id":37234,"date":"2025-04-10T14:59:09","date_gmt":"2025-04-10T12:59:09","guid":{"rendered":"https:\/\/arena-ticket.com\/?p=37234&#038;post_type=product&#038;preview_id=37234"},"modified":"2025-10-20T15:16:03","modified_gmt":"2025-10-20T13:16:03","slug":"starfucker-a-tribute-to-the-rolling-stones-leipzig-krystallpalast-variete-16-02-2026-1930-uhr","status":"publish","type":"product","link":"https:\/\/arena-ticket.com\/en\/product\/starfucker-a-tribute-to-the-rolling-stones-leipzig-krystallpalast-variete-16-02-2026-1930-uhr\/","title":{"rendered":"STARFUCKER - A Tribute to The Rolling Stones"},"content":{"rendered":"<section class=\"c-full c-inner c-narrow\" data-c=\"stageteasertext\" data-qa=\"stageteasertext-component\">\n<div class=\"container\">\n<div class=\"external-content no-margin\">\n<div class=\"u-position-relative js-moretext-wrapper\">\n<div class=\"moretext js-moretext expanded\" data-qa=\"readMoreText\">\n<div class=\"moretext-teaser\">\n<section class=\"c-full c-inner c-narrow\" data-c=\"stageteasertext\" data-qa=\"stageteasertext-component\">\n<div class=\"container\">\n<div class=\"external-content no-margin\">\n<div class=\"u-position-relative js-moretext-wrapper\">\n<div class=\"moretext js-moretext expanded\" data-qa=\"readMoreText\">\n<div class=\"moretext-teaser\">\n<p><em>Einlass: ca. 30min vor Beginn<\/em><br \/>\n<em>Reduced: pensioners, pupils, trainees, students and severely disabled people<\/em><\/p>\n<\/div>\n<p>&nbsp;<\/p>\n<div class=\"moretext-teaser\">\n<p>Starfucker \u2013 A Tribute to the Rolling Stones<br \/>\nGastspiel<br \/>\nMit mehr als 800 erfolgreichen Konzerten in Deutschland, der Schweiz, \u00d6sterreich und Belgien ist \u201eStarfucker\u201c die meistgebuchte \u201eRolling Stones\u201c-Tributeband Deutschlands. Die Musiker geh\u00f6ren zweifelsohne schon seit Jahren zu den Hochkar\u00e4tern der deutschen Rocklandschaft, mit langj\u00e4hriger B\u00fchnen- und Tournee-Erfahrung in ganz Europa. Bei den Konzerten von \u201eStarfucker\u201c sp\u00fcrt das Publikum hautnah den Geist von Jagger, Richards und Co. Der charismatische Frontmann Mike Kilian ist selten um einen frechen Spruch verlegen und heizt das Publikum so an, dass die Band stets nur nach Zugaben von der B\u00fchne gelassen wird.<\/p>\n<\/div>\n<\/div>\n<\/div>\n<\/div>\n<\/div>\n<\/section>\n<\/div>\n<\/div>\n<\/div>\n<\/div>\n<\/div>\n<\/section>","protected":false},"excerpt":{"rendered":"<p>Get your tickets now!<\/p>","protected":false},"featured_media":52303,"template":"","meta":{"_acf_changed":false,"inline_featured_image":false},"product_brand":[],"product_cat":[31,427,86,64,35,6730,21,58],"product_tag":[5364,941,942,2740,3023,943,944,5363,947,948,5365],"class_list":{"0":"post-37234","1":"product","2":"type-product","3":"status-publish","4":"has-post-thumbnail","6":"product_cat-events","7":"product_cat-krystallpalast-variete","8":"product_cat-leipzig","9":"product_cat-musical-show","10":"product_cat-orte","11":"product_cat-show","12":"product_cat-ticket","13":"product_cat-veranstaltung","14":"product_tag-a-tribute-to-the-rolling-stones","15":"product_tag-events","16":"product_tag-konzert","17":"product_tag-krystallpalast","18":"product_tag-krystallpalast-variete","19":"product_tag-leipzig","20":"product_tag-orte","21":"product_tag-starfucker","22":"product_tag-ticket","23":"product_tag-veranstaltung","24":"product_tag-volkspark","25":"product_shipping_class-nur_paketversand","26":"pa_discount-ermaessigt","27":"pa_discount-normalpreis","28":"pa_preiskategorie-pk-i","30":"first","31":"outofstock","32":"taxable","33":"shipping-taxable","34":"purchasable","35":"product-type-variable"},"group_of_quantity":0,"min_quantity":0,"max_quantity":"","exclude_order_quantity_value_rules":"no","exclude_category_quantity_rules":"no","combine_variations":"no","acf":[],"_links":{"self":[{"href":"https:\/\/arena-ticket.com\/en\/wp-json\/wp\/v2\/product\/37234","targetHints":{"allow":["GET"]}}],"collection":[{"href":"https:\/\/arena-ticket.com\/en\/wp-json\/wp\/v2\/product"}],"about":[{"href":"https:\/\/arena-ticket.com\/en\/wp-json\/wp\/v2\/types\/product"}],"wp:featuredmedia":[{"embeddable":true,"href":"https:\/\/arena-ticket.com\/en\/wp-json\/wp\/v2\/media\/52303"}],"wp:attachment":[{"href":"https:\/\/arena-ticket.com\/en\/wp-json\/wp\/v2\/media?parent=37234"}],"wp:term":[{"taxonomy":"product_brand","embeddable":true,"href":"https:\/\/arena-ticket.com\/en\/wp-json\/wp\/v2\/product_brand?post=37234"},{"taxonomy":"product_cat","embeddable":true,"href":"https:\/\/arena-ticket.com\/en\/wp-json\/wp\/v2\/product_cat?post=37234"},{"taxonomy":"product_tag","embeddable":true,"href":"https:\/\/arena-ticket.com\/en\/wp-json\/wp\/v2\/product_tag?post=37234"}],"curies":[{"name":"wp","href":"https:\/\/api.w.org\/{rel}","templated":true}]}}