{"id":37247,"date":"2025-04-10T16:27:53","date_gmt":"2025-04-10T14:27:53","guid":{"rendered":"https:\/\/arena-ticket.com\/?p=37247&#038;post_type=product&#038;preview_id=37247"},"modified":"2025-10-16T11:56:12","modified_gmt":"2025-10-16T09:56:12","slug":"ben-becker-todesduell-steintor-variete-halle-14-11-2025-2000","status":"publish","type":"product","link":"https:\/\/arena-ticket.com\/en\/product\/ben-becker-todesduell-steintor-variete-halle-14-11-2025-2000\/","title":{"rendered":"BEN BECKER - \"Todesduell\""},"content":{"rendered":"<p>Todesduell\u201c ist die vielleicht ber\u00fchmteste Predigt der Welt, gehalten von dem wortgewaltigen metaphysischen Dichter John Donne, im Beisein von K\u00f6nig Charles I. im Jahr 1631. Es sind John Donnes letzte \u00f6ffentlich gesprochene Worte vor seinem Tod und ewigen Verstummen. Von schwerer Krankheit gezeichnet, beschreibt er, der Poet und Prediger von St. Paul\u2019s in London, das Leben als Duell mit dem Tod und erreicht dabei eine Tiefe und Eindringlichkeit, die \u00fcber jede Predigt hinausgeht. Sein Text ist eine Explosion. Wahr, ersch\u00fctternd, schonungslos im Blick auf die Verg\u00e4nglichkeit des Lebens und zugleich von einer Kraft und Hoffnung, die den Tod \u00fcbersteigt. In John Donnes \u201eTodesduell\u201c gewinnt das Leben.<\/p>\n<p>Wie in seiner Auseinandersetzung mit \u201eJudas\u201c, die im Berliner Dom ihren Anfang nahm, um in einer beispiellosen Serie von Auff\u00fchrungen \u00fcber eine Viertelmillion Zuschauer zu begeistern, geht es Ben Becker im \u201eTodesduell\u201c um die letzten Fragen. Beckers \u201eJudas\u201c war die Rechtfertigung und Rehabilitation einer zu Unrecht verfemten Figur, gegen alle Vorurteile und Feindseligkeiten.<\/p>\n<p>\u201eTodesduell\u201c geht noch einen Schritt weiter: Es ist der Kampf gegen die Vorurteile \u00fcber den Tod und f\u00fcr einen ver\u00e4nderten Blick auf die Bedeutung des Lebens.<\/p>\n<p>The &quot;death duel&quot; is not only musically embodied and continued by the virtuoso playing of the cathedral organist Andreas Sieling on the large Sauer organ, as well as arrangements made exclusively for the production by Daniel Ott (MEA\/Vienna). Ben Becker also pays tribute to the poet of the great duel with death with another text. &quot;Great Elegy to John Donne&quot; is what Nobel Prize winner Joseph Brodsky called his homage to the master of metaphysical poetry, whose &quot;student&quot; he described himself as throughout his life. There is no other work in which the echo of John Donne resonates so much and is transformed into remembrance and thoughts. With this &quot;Elegy&quot;, Ben Becker gives his death duel a fascinating finale and pays homage to the great poetry of John Donne.<\/p>\n<p>Wie seinerzeit Ben Beckers \u201eJudas\u201c findet die Weltpremiere von \u201eTodesduell\u201c im Berliner Dom statt \u2013der Partnerkirche von St. Paul\u2019s Cathedral in London, der einstigen Wirkungsst\u00e4tte von John Donne, in dem sein Denkmal bis heute steht.<\/p>","protected":false},"excerpt":{"rendered":"<p>Get your tickets now!<\/p>","protected":false},"featured_media":51843,"template":"","meta":{"_acf_changed":false,"inline_featured_image":false},"product_brand":[],"product_cat":[31,345,936,102,69,86,35,6749,496,21,58],"product_tag":[4231,941,957,999,942,944,2788,947,4232,948],"class_list":{"0":"post-37247","1":"product","2":"type-product","3":"status-publish","4":"has-post-thumbnail","6":"product_cat-events","7":"product_cat-gewandhaus","8":"product_cat-grosser-saal","9":"product_cat-halle","10":"product_cat-konzert","11":"product_cat-leipzig","12":"product_cat-orte","13":"product_cat-sonstiges_konzert","14":"product_cat-steintor-variete","15":"product_cat-ticket","16":"product_cat-veranstaltung","17":"product_tag-ben-becker","18":"product_tag-events","19":"product_tag-grosser-saal","20":"product_tag-halle","21":"product_tag-konzert","22":"product_tag-orte","23":"product_tag-steintor-variete","24":"product_tag-ticket","25":"product_tag-todesduell","26":"product_tag-veranstaltung","27":"product_shipping_class-nur_paketversand","28":"pa_discount-normalpreis","29":"pa_preiskategorie-pk-i","30":"pa_preiskategorie-pk-ii","31":"pa_preiskategorie-pk-iii","32":"pa_preiskategorie-pk-iv","34":"first","35":"instock","36":"taxable","37":"shipping-taxable","38":"purchasable","39":"product-type-variable"},"group_of_quantity":0,"min_quantity":0,"max_quantity":"","exclude_order_quantity_value_rules":"no","exclude_category_quantity_rules":"no","combine_variations":"no","acf":[],"_links":{"self":[{"href":"https:\/\/arena-ticket.com\/en\/wp-json\/wp\/v2\/product\/37247","targetHints":{"allow":["GET"]}}],"collection":[{"href":"https:\/\/arena-ticket.com\/en\/wp-json\/wp\/v2\/product"}],"about":[{"href":"https:\/\/arena-ticket.com\/en\/wp-json\/wp\/v2\/types\/product"}],"wp:featuredmedia":[{"embeddable":true,"href":"https:\/\/arena-ticket.com\/en\/wp-json\/wp\/v2\/media\/51843"}],"wp:attachment":[{"href":"https:\/\/arena-ticket.com\/en\/wp-json\/wp\/v2\/media?parent=37247"}],"wp:term":[{"taxonomy":"product_brand","embeddable":true,"href":"https:\/\/arena-ticket.com\/en\/wp-json\/wp\/v2\/product_brand?post=37247"},{"taxonomy":"product_cat","embeddable":true,"href":"https:\/\/arena-ticket.com\/en\/wp-json\/wp\/v2\/product_cat?post=37247"},{"taxonomy":"product_tag","embeddable":true,"href":"https:\/\/arena-ticket.com\/en\/wp-json\/wp\/v2\/product_tag?post=37247"}],"curies":[{"name":"wp","href":"https:\/\/api.w.org\/{rel}","templated":true}]}}