{"id":37255,"date":"2025-04-10T16:40:24","date_gmt":"2025-04-10T14:40:24","guid":{"rendered":"https:\/\/arena-ticket.com\/?p=37255&#038;post_type=product&#038;preview_id=37255"},"modified":"2025-08-22T14:39:30","modified_gmt":"2025-08-22T12:39:30","slug":"paul-potts-friends-halle-konzerthalle-ulrichskirche-20-11-2025-1930-uhr-kopie","status":"publish","type":"product","link":"https:\/\/arena-ticket.com\/en\/product\/paul-potts-friends-halle-konzerthalle-ulrichskirche-20-11-2025-1930-uhr-kopie\/","title":{"rendered":"Paul Potts &amp; Friends"},"content":{"rendered":"<p>Einer der gr\u00f6\u00dften und bekanntesten Klassikstars unserer Zeit kehrt im Winter 2025 nach Deutschland zur\u00fcck. Paul Potts serviert dem Publikum ganz besondere Highlights auf internationalem Niveau. Der heutige Weltstar hat seinen ganz eigenen Traum verwirklicht. Denn das Paul Potts heute auf den gro\u00dfen B\u00fchnen steht, war alles andere als selbstverst\u00e4ndlich. Nachdem er in der Schule gemobbt und verspottet wurde, fand er im \u00f6rtlichen Kirchenchor eine Zuflucht. Als er mit 16 Jahren La Boheme h\u00f6rte, verliebte er sich in die Oper und begann eine leidenschaftliche Romanze, die ihn auf eine turbulente Reise f\u00fchrte. Schlie\u00dflich gewann er im Jahr 2007 die erste Staffel von Britain's Got Talent und das ver\u00e4nderte sein Leben f\u00fcr immer.<\/p>\n<p>F\u00fcr den in Bristol geborenen Paul Potts war die Musik immer eine Quelle des Trostes aus jahrelangem Mobbing, finanzieller Not, medizinischen R\u00fcckschl\u00e4gen und fehlendem Selbstvertrauen. Aus diesem Grund ergriff er die Chance, bei der ersten Episode von Britain's Got Talent aufzutreten. Der Handy-Verk\u00e4ufer ging vor der Jury ans Mikrofon, um seine Interpretation von Nessun Dorma zu pr\u00e4sentieren. Als seine Stimme aufstieg, verliebte sich Gro\u00dfbritannien - und die ganze Welt - in seine Geschichte und sein unglaubliches Talent. Wenig sp\u00e4ter erlebten 12 Millionen Zuschauer, wie Potts zum Gewinner von Britain's Got Talent gek\u00fcrt wurde. Sein Vorsingen von \"Nessun Dorma\" bleibt eines der meistgesehenen Videos in der YouTube-Geschichte, sein Deb\u00fct- und Multi-Platin-Album \"One Chance\" erreichte in 15 L\u00e4ndern die Nummer eins und er wurde zweimal zu einem Auftritt f\u00fcr Queen Elizabeth II. bei der Royal Variety Performance eingeladen.)<\/p>","protected":false},"excerpt":{"rendered":"<p class=\"stage-headline\" data-qa=\"event-headline\">Am Donnerstag, den 20. November 2025 kommen\u00a0Paul Potts &amp; Friends\u00a0zu einem Konzert in die Hallesche Konzerthalle Ulrichskirche - sichern Sie sich Ihre Tickets!<\/p>\n<p>&nbsp;<\/p>\n<p>&nbsp;<\/p>","protected":false},"featured_media":37257,"template":"","meta":{"_acf_changed":false,"inline_featured_image":false},"product_brand":[],"product_cat":[31,102,6741,69,423,35,21,58],"product_tag":[941,999,942,2997,5366,947,948],"class_list":{"0":"post-37255","1":"product","2":"type-product","3":"status-publish","4":"has-post-thumbnail","6":"product_cat-events","7":"product_cat-halle","8":"product_cat-klassik","9":"product_cat-konzert","10":"product_cat-konzerthalle-ulrichskirche","11":"product_cat-orte","12":"product_cat-ticket","13":"product_cat-veranstaltung","14":"product_tag-events","15":"product_tag-halle","16":"product_tag-konzert","17":"product_tag-konzerthalle-ulrichskirche","18":"product_tag-paul-potts-friends","19":"product_tag-ticket","20":"product_tag-veranstaltung","21":"product_shipping_class-nur_paketversand","22":"pa_discount-normalpreis","23":"pa_preiskategorie-pk-i","24":"pa_preiskategorie-pk-ii","25":"pa_preiskategorie-pk-iii","27":"first","28":"outofstock","29":"taxable","30":"shipping-taxable","31":"purchasable","32":"product-type-variable"},"group_of_quantity":0,"min_quantity":0,"max_quantity":"","exclude_order_quantity_value_rules":"no","exclude_category_quantity_rules":"no","combine_variations":"no","acf":[],"_links":{"self":[{"href":"https:\/\/arena-ticket.com\/en\/wp-json\/wp\/v2\/product\/37255","targetHints":{"allow":["GET"]}}],"collection":[{"href":"https:\/\/arena-ticket.com\/en\/wp-json\/wp\/v2\/product"}],"about":[{"href":"https:\/\/arena-ticket.com\/en\/wp-json\/wp\/v2\/types\/product"}],"wp:featuredmedia":[{"embeddable":true,"href":"https:\/\/arena-ticket.com\/en\/wp-json\/wp\/v2\/media\/37257"}],"wp:attachment":[{"href":"https:\/\/arena-ticket.com\/en\/wp-json\/wp\/v2\/media?parent=37255"}],"wp:term":[{"taxonomy":"product_brand","embeddable":true,"href":"https:\/\/arena-ticket.com\/en\/wp-json\/wp\/v2\/product_brand?post=37255"},{"taxonomy":"product_cat","embeddable":true,"href":"https:\/\/arena-ticket.com\/en\/wp-json\/wp\/v2\/product_cat?post=37255"},{"taxonomy":"product_tag","embeddable":true,"href":"https:\/\/arena-ticket.com\/en\/wp-json\/wp\/v2\/product_tag?post=37255"}],"curies":[{"name":"wp","href":"https:\/\/api.w.org\/{rel}","templated":true}]}}