{"id":37260,"date":"2025-04-10T16:55:15","date_gmt":"2025-04-10T14:55:15","guid":{"rendered":"https:\/\/arena-ticket.com\/?p=37260&#038;post_type=product&#038;preview_id=37260"},"modified":"2025-08-22T14:46:57","modified_gmt":"2025-08-22T12:46:57","slug":"johann-koenig-wer-plaene-macht-wird-ausgelacht-halle-saale-steintor-variete-05-02-2026-1930-uhr","status":"publish","type":"product","link":"https:\/\/arena-ticket.com\/en\/product\/johann-koenig-wer-plaene-macht-wird-ausgelacht-halle-saale-steintor-variete-05-02-2026-1930-uhr\/","title":{"rendered":"JOHANN K\u00d6NIG - \u201eWer Pl\u00e4ne macht, wird ausgelacht!\u201c"},"content":{"rendered":"<p>Johann K\u00f6nig was never actually interested in being on stage. He wanted to be a teacher.<\/p>\n<p>Sportlehrer f\u00fcr Biologie und Sachkunde. Das war der Plan. Doch dieser Plan ging nicht auf. Nach 19 Semestern zwangen ihn die Zuschauer mit ihrer Zuneigung und ihrem Geld dazu, sich ganz dem Humor zu widmen. So geriet er geradewegs auf die schiefe Bahn der gepflegten Abendunterhaltung, von der es kein Zur\u00fcck gibt.<\/p>\n<p>Und heute? Heute lacht er dar\u00fcber \u2013 wie das Publikum \u00fcber ihn.<\/p>\n<p>&nbsp;<\/p>\n<p>F\u00fcnfzig Jahre alt ist der Kerl, die depressive Stimmungskanone, nun. Viele sehen mit 50 j\u00fcnger aus, f\u00fchlen sich aber \u00e4lter. Beim K\u00f6nig ist es genau umgekehrt. Viele denken mit 50, sie m\u00fcssten alles \u00e4ndern. Oder alles gendern. Johann macht alles neu UND bleibt sich treu. Viele fangen in diesem Alter an mit Eierlik\u00f6r. Johann hat H\u00fchner.<\/p>\n<p>&nbsp;<\/p>\n<p>In seinem neuen Programm stellt er die dr\u00e4ngenden Fragen der Zeit:<\/p>\n<p>Wird das Haus wirklich kleiner, wenn die Kinder gr\u00f6\u00dfer werden?<\/p>\n<p>Wie gendert man ein herrenloses Damenfahrrad?<\/p>\n<p>Gilt das Limit f\u00fcrs Tempo auch f\u00fcr Taschent\u00fccher?<\/p>\n<p>Und darf man \u201ewas darf man eigentlich noch sagen?\u201c noch sagen?<\/p>","protected":false},"excerpt":{"rendered":"<p>Don&#039;t miss it!<\/p>","protected":false},"featured_media":37268,"template":"","meta":{"_acf_changed":false,"inline_featured_image":false},"product_brand":[],"product_cat":[6725,31,102,95,35,496,21,58],"product_tag":[954,941,999,3046,951,944,2788,947,948,3419,3047,3420],"class_list":{"0":"post-37260","1":"product","2":"type-product","3":"status-publish","4":"has-post-thumbnail","6":"product_cat-comedy","7":"product_cat-events","8":"product_cat-halle","9":"product_cat-humor","10":"product_cat-orte","11":"product_cat-steintor-variete","12":"product_cat-ticket","13":"product_cat-veranstaltung","14":"product_tag-comedy","15":"product_tag-events","16":"product_tag-halle","17":"product_tag-johann-koenig","18":"product_tag-kultur","19":"product_tag-orte","20":"product_tag-steintor-variete","21":"product_tag-ticket","22":"product_tag-veranstaltung","23":"product_tag-wer-plaene-macht","24":"product_tag-wer-plaene-macht-wird-ausgelacht","25":"product_tag-wird-ausgelacht","26":"product_shipping_class-nur_paketversand","27":"pa_discount-normalpreis","28":"pa_preiskategorie-pk-i","29":"pa_preiskategorie-pk-ii","30":"pa_preiskategorie-pk-iii","31":"pa_preiskategorie-pk-iv","33":"first","34":"outofstock","35":"taxable","36":"shipping-taxable","37":"purchasable","38":"product-type-variable","39":"has-default-attributes"},"group_of_quantity":0,"min_quantity":0,"max_quantity":"","exclude_order_quantity_value_rules":"no","exclude_category_quantity_rules":"no","combine_variations":"no","acf":[],"_links":{"self":[{"href":"https:\/\/arena-ticket.com\/en\/wp-json\/wp\/v2\/product\/37260","targetHints":{"allow":["GET"]}}],"collection":[{"href":"https:\/\/arena-ticket.com\/en\/wp-json\/wp\/v2\/product"}],"about":[{"href":"https:\/\/arena-ticket.com\/en\/wp-json\/wp\/v2\/types\/product"}],"wp:featuredmedia":[{"embeddable":true,"href":"https:\/\/arena-ticket.com\/en\/wp-json\/wp\/v2\/media\/37268"}],"wp:attachment":[{"href":"https:\/\/arena-ticket.com\/en\/wp-json\/wp\/v2\/media?parent=37260"}],"wp:term":[{"taxonomy":"product_brand","embeddable":true,"href":"https:\/\/arena-ticket.com\/en\/wp-json\/wp\/v2\/product_brand?post=37260"},{"taxonomy":"product_cat","embeddable":true,"href":"https:\/\/arena-ticket.com\/en\/wp-json\/wp\/v2\/product_cat?post=37260"},{"taxonomy":"product_tag","embeddable":true,"href":"https:\/\/arena-ticket.com\/en\/wp-json\/wp\/v2\/product_tag?post=37260"}],"curies":[{"name":"wp","href":"https:\/\/api.w.org\/{rel}","templated":true}]}}