{"id":37269,"date":"2025-04-10T17:22:46","date_gmt":"2025-04-10T15:22:46","guid":{"rendered":"https:\/\/arena-ticket.com\/?p=37269&#038;post_type=product&#038;preview_id=37269"},"modified":"2026-01-06T12:36:11","modified_gmt":"2026-01-06T11:36:11","slug":"der-koenig-der-loewen-the-music-live-in-concert-halle-georg-friedrich-haendel-halle-13-02-2026-2000-uhr","status":"publish","type":"product","link":"https:\/\/arena-ticket.com\/en\/product\/der-koenig-der-loewen-the-music-live-in-concert-halle-georg-friedrich-haendel-halle-13-02-2026-2000-uhr\/","title":{"rendered":"DER K\u00d6NIG DER L\u00d6WEN  - The Music live in Concert!"},"content":{"rendered":"<div id=\"main\" align=\"center\">\n<div class=\"centerdiv\">\n<div id=\"canvas\">\n<div id=\"content\">\n<div id=\"calMo_6\">\n<div id=\"calEn_39\">\n<div class=\"fullcontent\">\n<div class=\"halfcontentright\">\n<div align=\"justify\"><\/div>\n<div align=\"justify\"><span style=\"font-size: medium\"> Soloists, choir and musicians of the Cinema Festival Symphonics<br \/>\nArtistic Director: Stephen Ellery<\/span><\/div>\n<div align=\"justify\"><span style=\"font-size: medium\"><br \/>\nDie magische Musik von Sir Elton John und Hans Zimmer zusammen in einem einzigartigen Konzerterlebnis, mit Orchester, Solisten, Chor und Leinwand Animationen, das ber\u00fchrt und begeistert! Das ist Der K\u00f6nig der L\u00f6wen \u2013 The Music live in Concert.<\/span><\/div>\n<div align=\"justify\"><span style=\"font-size: medium\"><br \/>\nFilm legend Hans Zimmer and Sir Elton John<br \/>\nThe Oscar-winning soundtrack by film music legend Hans Zimmer has been part of the globally successful animated film \u201cThe Lion King\u201d for 27 years now: African rhythms and sounds paired with monumental, epic melodies. The moving hits by Sir Elton John such as \u201cHakuna Matata\u201d, \u201cCircle of Life\u201d and \u201cCan You Feel the Love Tonight\u201d are timeless and composed for eternity.<br \/>\nDie gro\u00dfartigen Stimmen des Chors begr\u00fc\u00dfen das Publikum zu diesem faszinierenden Abend und begleiten das Ensemble der Cinema Festival Symphonics als sie die orchestrale Version der ikonischen Filmsongs spielen. Die Zuschauer tauchen direkt ein in die Welt von Simba, Nala und Co. als die mitrei\u00dfenden Kl\u00e4nge live auf der B\u00fchne spielen und mit kunstvollen Leinwand-Animationen emotionalisiert werden.<br \/>\nVoller Freude und Leichtigkeit wird es, wenn die Melodie von \u201eIch will jetzt gleich K\u00f6nig sein\u201c den Raum erf\u00fcllt. Die fr\u00f6hlichen Rhythmen von \u201eDer Morgenreport\u201c versetzen einen in gute Laune. Sehr emotional, wenn das Orchester das Publikum in den tragischen Tod von Mufasa mitnimmt und tiefe Gef\u00fchle hervorruft.<br \/>\nSolisten, Chor und Orchester, der Cinema Festival Symphonics unter der Leitung von Stephen Ellery aus London, begeisterten die Zuschauer schon mit den Konzert-Auff\u00fchrungen von \u201eGame of Thrones\u201c, \u201eThe Music of Star Wars\u201c und \u201eThe Music of Harry Potter\u201c.<br \/>\nThe ensemble is known for its emotional, faithful, powerful sound, which allows the audience to immerse themselves directly in the film themes.<\/span><\/div>\n<\/div>\n<\/div>\n<\/div>\n<div class=\"calEn\"><\/div>\n<div id=\"calEn_41\"><\/div>\n<div class=\"calEn\"><\/div>\n<\/div>\n<\/div>\n<\/div>\n<div id=\"socialmedia\"><\/div>\n<\/div>\n<\/div>\n<div id=\"ticker\" align=\"center\">\n<div class=\"centerdiv\">\n<div id=\"tickerleft\"><\/div>\n<\/div>\n<\/div>","protected":false},"excerpt":{"rendered":"<p>Don&#039;t miss it! <span style=\"font-size: medium\">Die magische Musik von Sir Elton John und Hans Zimmer zusammen in einem einzigartigen Konzerterlebnis, mit Orchester, Solisten, Chor und Leinwand Animationen, das ber\u00fchrt und begeistert! Das ist Der K\u00f6nig der L\u00f6wen \u2013 The Music live in Concert.<\/span><\/p>","protected":false},"featured_media":62521,"template":"","meta":{"_acf_changed":false,"inline_featured_image":false},"product_brand":[],"product_cat":[31,6744,69,21,58],"product_tag":[4045,941,2712,999,942,951,4046,947],"class_list":{"0":"post-37269","1":"product","2":"type-product","3":"status-publish","4":"has-post-thumbnail","6":"product_cat-events","7":"product_cat-filmmusik","8":"product_cat-konzert","9":"product_cat-ticket","10":"product_cat-veranstaltung","11":"product_tag-der-koenig-der-loewen","12":"product_tag-events","13":"product_tag-georg-friedrich-haendel-halle","14":"product_tag-halle","15":"product_tag-konzert","16":"product_tag-kultur","17":"product_tag-the-music-live-in-concert","18":"product_tag-ticket","19":"product_shipping_class-abholung_paketversand","20":"pa_discount-ermaessigt","21":"pa_discount-kind","22":"pa_discount-normalpreis","23":"pa_preiskategorie-pk-i","24":"pa_preiskategorie-pk-ii","25":"pa_preiskategorie-pk-iii","26":"pa_preiskategorie-pk-iv","27":"pa_preiskategorie-pk-v","29":"first","30":"outofstock","31":"taxable","32":"shipping-taxable","33":"purchasable","34":"product-type-variable"},"group_of_quantity":0,"min_quantity":0,"max_quantity":"","exclude_order_quantity_value_rules":"no","exclude_category_quantity_rules":"no","combine_variations":"no","acf":[],"_links":{"self":[{"href":"https:\/\/arena-ticket.com\/en\/wp-json\/wp\/v2\/product\/37269","targetHints":{"allow":["GET"]}}],"collection":[{"href":"https:\/\/arena-ticket.com\/en\/wp-json\/wp\/v2\/product"}],"about":[{"href":"https:\/\/arena-ticket.com\/en\/wp-json\/wp\/v2\/types\/product"}],"wp:featuredmedia":[{"embeddable":true,"href":"https:\/\/arena-ticket.com\/en\/wp-json\/wp\/v2\/media\/62521"}],"wp:attachment":[{"href":"https:\/\/arena-ticket.com\/en\/wp-json\/wp\/v2\/media?parent=37269"}],"wp:term":[{"taxonomy":"product_brand","embeddable":true,"href":"https:\/\/arena-ticket.com\/en\/wp-json\/wp\/v2\/product_brand?post=37269"},{"taxonomy":"product_cat","embeddable":true,"href":"https:\/\/arena-ticket.com\/en\/wp-json\/wp\/v2\/product_cat?post=37269"},{"taxonomy":"product_tag","embeddable":true,"href":"https:\/\/arena-ticket.com\/en\/wp-json\/wp\/v2\/product_tag?post=37269"}],"curies":[{"name":"wp","href":"https:\/\/api.w.org\/{rel}","templated":true}]}}