{"id":37360,"date":"2025-04-11T16:49:01","date_gmt":"2025-04-11T14:49:01","guid":{"rendered":"https:\/\/arena-ticket.com\/?p=37360&#038;post_type=product&#038;preview_id=37360"},"modified":"2025-04-11T17:09:28","modified_gmt":"2025-04-11T15:09:28","slug":"der-w-leipzig-haus-auensee-18-03-2026-2000-uhr","status":"publish","type":"product","link":"https:\/\/arena-ticket.com\/en\/product\/der-w-leipzig-haus-auensee-18-03-2026-2000-uhr\/","title":{"rendered":"Der W - Tour 2026"},"content":{"rendered":"<p>Nach ausverkaufter Akustiktour 2024: neues Album &amp; Vollkontakt-Liveshows in Sicht.<\/p>\n<p>Jetzt knallt's wieder richtig: Stephan Weidner kehrt 2026 mit DER W zur\u00fcck in die Clubs des Landes, mit feinen Worten und roher Energie, in jedem Falle mit der klaren Aufforderung zum gemeinsamen emotionalen Vollkontakt-Stelldichein. DER W geht auf Tour und das verspricht besondere Abende in Serie. Denn Weidner liebt die gro\u00dfen Momente, die sich nur im kleineren Rahmen schaffen lassen. Augenkontakt, von Seele zu Seele, getrennt nur durch wenige Meter, vereint im Erleben. DER W live bringt eine andere Art der Einheit, es ist kein Konzert, es ist eine gemeinsame Mission: Zwischen Reflexion und Rausch, zwei Stunden wechselseitiges Ausgeliefertsein.<\/p>\n<p>Denken, f\u00fchlen, loslassen. H\u00f6chste Chartsplatzierungen, ausverkaufte Clubs in Serie und vor allem ein tiefes gegenseitiges Verst\u00e4ndnis sind Zeugnis dessen, was seit dem Gold-Deb\u00fct Schneller, h\u00f6her, Weidner seit 2008 entstanden ist: Ein besonderer Bund, geschmiedet aus den besten Emotionen, erprobt und bew\u00e4hrt in begeisternden Shows.<\/p>\n<p>Nach einer fulminanten, bewegenden und ultraerfolgreichen Akustiktour 2024 dreht DER W 2026 wieder voll auf: Roh und filigran, Hymnen und Balladen, Mitgr\u00f6hlen und Mitf\u00fchlen, ewige Hits und neues Album. Es geht immer weiter und es wird immer intensiver. Denn DER W lebt und w\u00e4chst und atmet. Alles, was DER W ausmacht, verdichtet sich in intensiven Abenden. Ja, 2026 knallt es wieder.<\/p>","protected":false},"excerpt":{"rendered":"<p>DER W kehrt 2026 mit neuer Clubtour zur\u00fcck!<\/p>","protected":false},"featured_media":37364,"template":"","meta":{"_acf_changed":false,"inline_featured_image":false},"product_brand":[],"product_cat":[31,344,69,86,35,6732,21,58],"product_tag":[5367,941,962,942,943,944,947,4188,948],"class_list":{"0":"post-37360","1":"product","2":"type-product","3":"status-publish","4":"has-post-thumbnail","6":"product_cat-events","7":"product_cat-haus-auensee","8":"product_cat-konzert","9":"product_cat-leipzig","10":"product_cat-orte","11":"product_cat-rock-hard-rock","12":"product_cat-ticket","13":"product_cat-veranstaltung","14":"product_tag-der-w","15":"product_tag-events","16":"product_tag-haus-auensee","17":"product_tag-konzert","18":"product_tag-leipzig","19":"product_tag-orte","20":"product_tag-ticket","21":"product_tag-tour-2026","22":"product_tag-veranstaltung","23":"product_shipping_class-nur_paketversand","24":"pa_discount-inklusive-begleitperson","25":"pa_discount-kind","26":"pa_discount-normalpreis","27":"pa_preiskategorie-stehplatz","29":"first","30":"instock","31":"taxable","32":"shipping-taxable","33":"purchasable","34":"product-type-variable","35":"has-default-attributes"},"group_of_quantity":0,"min_quantity":0,"max_quantity":"","exclude_order_quantity_value_rules":"no","exclude_category_quantity_rules":"no","combine_variations":"no","acf":[],"_links":{"self":[{"href":"https:\/\/arena-ticket.com\/en\/wp-json\/wp\/v2\/product\/37360","targetHints":{"allow":["GET"]}}],"collection":[{"href":"https:\/\/arena-ticket.com\/en\/wp-json\/wp\/v2\/product"}],"about":[{"href":"https:\/\/arena-ticket.com\/en\/wp-json\/wp\/v2\/types\/product"}],"wp:featuredmedia":[{"embeddable":true,"href":"https:\/\/arena-ticket.com\/en\/wp-json\/wp\/v2\/media\/37364"}],"wp:attachment":[{"href":"https:\/\/arena-ticket.com\/en\/wp-json\/wp\/v2\/media?parent=37360"}],"wp:term":[{"taxonomy":"product_brand","embeddable":true,"href":"https:\/\/arena-ticket.com\/en\/wp-json\/wp\/v2\/product_brand?post=37360"},{"taxonomy":"product_cat","embeddable":true,"href":"https:\/\/arena-ticket.com\/en\/wp-json\/wp\/v2\/product_cat?post=37360"},{"taxonomy":"product_tag","embeddable":true,"href":"https:\/\/arena-ticket.com\/en\/wp-json\/wp\/v2\/product_tag?post=37360"}],"curies":[{"name":"wp","href":"https:\/\/api.w.org\/{rel}","templated":true}]}}