{"id":37365,"date":"2025-04-11T17:07:30","date_gmt":"2025-04-11T15:07:30","guid":{"rendered":"https:\/\/arena-ticket.com\/?p=37365&#038;post_type=product&#038;preview_id=37365"},"modified":"2025-04-25T14:59:54","modified_gmt":"2025-04-25T12:59:54","slug":"i-prevail-europe-2025-leipzig-haus-auensee-11-08-2025-1900-uhr","status":"publish","type":"product","link":"https:\/\/arena-ticket.com\/en\/product\/i-prevail-europe-2025-leipzig-haus-auensee-11-08-2025-1900-uhr\/","title":{"rendered":"I Prevail  - Europe 2025"},"content":{"rendered":"<p>I Prevail geh\u00f6ren zu den angesagtesten Post-Hardcore Bands der Welt. Ihr R&amp;B- und Pop-beeinflusster Sound lie\u00df die Band aus Michigan seit dem Release ihrer Deb\u00fct-EP \u201eHeart Vs. Mind\u201c in den USA durchbrechen. Ihr Deb\u00fctalbum \u201eLifelines\u201c landete auf Platz 15 der Billboard 200 und tr\u00e4gt in Kanada und den USA Gold-Status. Mit dem 2019 ver\u00f6ffentlichten Album \u201eTRAUMA\u201c gelang I Prevail schlie\u00dflich der weltweite Durchbruch. Das Album beinhaltet mit\u201eGasoline\u201c, \u201eHurricane\u201c und \u201eBow Down\u201c drei ihrer erfolgreichsten Songs. Dabei vereint die Band schmetternde Metalcore-Breakdowns mit eing\u00e4ngigen Pop-Refrains wie kaum eine andere Band. 2019 wurde \u201eBow Down\u201c bei den Grammy Awards f\u00fcr die beste Metal-Performance nominiert, w\u00e4hrend \u201eTRAUMA\u201c eine Nominierung als bestes Rock Album bekam. Nach dem Release ihres aktuellen Albums \u201eTRUE POWER\u201c (2022) und einer ausgiebigen Tour im Mai 2024 sind I Prevail gehypter als je zuvor. Im Sommer 2025 kommen sie f\u00fcr ausgew\u00e4hlte Shows zur\u00fcck nach Europa und spielen am 11. August eine exklusive Headline-Show im Leipziger Haus Auensee.<\/p>\n<p>Nach ihrer Gr\u00fcndung im Jahr 2013 ver\u00f6ffentlichten I Prevail 2014 ihre Coverversion von Taylor Swifts Song \u201eBlank Space\u201c, die mit \u00fcber 161 Mio. Streams heute zu den Toptracks der Band geh\u00f6rt und auf der \u201eHeart Vs. Mind\u201c EP im selben Jahr das erste Ausrufezeichen setzte. Bereits mit diesem Release wird klar, welches Potenzial im Sound der Band aus Michigan liegt. 2016 ver\u00f6ffentlichten I Prevail ihr Deb\u00fctalbum \u201eLifelines\u201c \u00fcber Fearless Records und landeten mit \u201eScars\u201c einen weiteren Hit, der l\u00e4ngst 9-stellige Streamingzahlen z\u00e4hlt. Ihr Musikvideo zur Single \u201eHurricane\u201c vom 2019 ver\u00f6ffentlichten Breakthrough-Album \u201eTRAUMA\u201c thematisiert exemplarisch den raketenhaften Karriereweg der Band vom Traum des Musikerlebens bis hin zum unerwarteten Erfolg mitsamt aller Schattenseiten. Der Song landete auf Platz 1 der US-amerikanischen Mainstream Rock Charts und lie\u00df die Band innerhalb ihrer Szene weltweit bekannt werden. 2019 kamen I Prevail erstmalig nach Deutschland und spielten bei Rock Am Ring und Rock Im Park. 2022 erschien das dritte Album \u201eTRUE POWER\u201c, das den abwechslungsreichen Sound von I Prevail mit hartem Metalcore und d\u00fcsteren Soundscapes (\u201eThere\u2019s Fear In Letting Go\u201c &amp; \u201eBody Bag\u201c), R&amp;B-lastigem Hymnen (\u201eBad Things\u201c), explosivem Alternative Rock (\u201eSelf-Destruction\u201c) und emotionalen Pop-Rock-Balladen (\u201eDeep End\u201c) von der bisher abwechslungsreichsten und ausproduziertesten Seite pr\u00e4sentiert. So wundert es kaum, dass das Album von der Presse das \u201ewahrscheinlich bisher beste Album ihrer Karriere\u201c genannt wird (metal.de) und vor allem f\u00fcr seine moderne Produktion gelobt wird (MoreCore.de).<\/p>","protected":false},"excerpt":{"rendered":"<p>Die Grammy-nominierte Post-Hardcore Band \"I Prevail\" aus den USA kommt im August f\u00fcr eine Show<\/p>","protected":false},"featured_media":37369,"template":"","meta":{"_acf_changed":false,"inline_featured_image":false},"product_brand":[],"product_cat":[31,344,69,86,6736,35,21,58],"product_tag":[5369,941,962,5368,942,943,944,947,948],"class_list":{"0":"post-37365","1":"product","2":"type-product","3":"status-publish","4":"has-post-thumbnail","6":"product_cat-events","7":"product_cat-haus-auensee","8":"product_cat-konzert","9":"product_cat-leipzig","10":"product_cat-metal-metalcore","11":"product_cat-orte","12":"product_cat-ticket","13":"product_cat-veranstaltung","14":"product_tag-europe-2025","15":"product_tag-events","16":"product_tag-haus-auensee","17":"product_tag-i-prevail","18":"product_tag-konzert","19":"product_tag-leipzig","20":"product_tag-orte","21":"product_tag-ticket","22":"product_tag-veranstaltung","23":"product_shipping_class-nur_paketversand","24":"pa_discount-inklusive-begleitperson","25":"pa_discount-kind","26":"pa_discount-normalpreis","27":"pa_preiskategorie-stehplatz","29":"first","30":"instock","31":"taxable","32":"shipping-taxable","33":"purchasable","34":"product-type-variable","35":"has-default-attributes"},"group_of_quantity":0,"min_quantity":0,"max_quantity":"","exclude_order_quantity_value_rules":"no","exclude_category_quantity_rules":"no","combine_variations":"no","acf":[],"_links":{"self":[{"href":"https:\/\/arena-ticket.com\/en\/wp-json\/wp\/v2\/product\/37365","targetHints":{"allow":["GET"]}}],"collection":[{"href":"https:\/\/arena-ticket.com\/en\/wp-json\/wp\/v2\/product"}],"about":[{"href":"https:\/\/arena-ticket.com\/en\/wp-json\/wp\/v2\/types\/product"}],"wp:featuredmedia":[{"embeddable":true,"href":"https:\/\/arena-ticket.com\/en\/wp-json\/wp\/v2\/media\/37369"}],"wp:attachment":[{"href":"https:\/\/arena-ticket.com\/en\/wp-json\/wp\/v2\/media?parent=37365"}],"wp:term":[{"taxonomy":"product_brand","embeddable":true,"href":"https:\/\/arena-ticket.com\/en\/wp-json\/wp\/v2\/product_brand?post=37365"},{"taxonomy":"product_cat","embeddable":true,"href":"https:\/\/arena-ticket.com\/en\/wp-json\/wp\/v2\/product_cat?post=37365"},{"taxonomy":"product_tag","embeddable":true,"href":"https:\/\/arena-ticket.com\/en\/wp-json\/wp\/v2\/product_tag?post=37365"}],"curies":[{"name":"wp","href":"https:\/\/api.w.org\/{rel}","templated":true}]}}