{"id":37836,"date":"2025-04-17T14:04:00","date_gmt":"2025-04-17T12:04:00","guid":{"rendered":"https:\/\/arena-ticket.com\/?p=37836&#038;post_type=product&#038;preview_id=37836"},"modified":"2025-05-12T15:32:58","modified_gmt":"2025-05-12T13:32:58","slug":"rolf-miller-wenn-nicht-wann-dann-jetzt-chemnitz-carlowitz-congresscenter-10-05-2026-2000-uhr","status":"publish","type":"product","link":"https:\/\/arena-ticket.com\/en\/product\/rolf-miller-wenn-nicht-wann-dann-jetzt-chemnitz-carlowitz-congresscenter-10-05-2026-2000-uhr\/","title":{"rendered":"Rolf Miller - Wenn nicht wann, dann jetzt!"},"content":{"rendered":"<p>&nbsp;<\/p>\n<p>Rolf Millers 8. Programm! Sp\u00e4testens mit \u201eKein Grund zur Veranlassung\u201c und \u201eTatsachen\u201c gelingt der endg\u00fcltige Durchbruch \u2013 mit \u201ePrim\u00e4r\u201c und \u201eObacht\u201c kann der brilliante Satiriker nicht nur ankn\u00fcpfen, sondern noch mehr Publi\u00adkum erreichen \u2013<\/p>\n<p>und mit \u201eWenn nicht wann, dann jetzt\u201c wird Rolf Miller ei\u00adnes mit Sicherheit erneut schaffen: elegant stolpernd den Elefanten im Raum zu umgehen. Denn das ist seine Fi\u00adgur: stur wie ein Sack Zement \u2013 was nur dank seines Hu\u00admors erlaubt sein kann. Grandios ignorant, vital dumpf und komplett halbwissend. Wie immer gibt der Comedian stoisch genau den Fels in der Brandung, der mit Zuver\u00adsicht wegschaut, vollmundig zu wichtigen Themen alles und dabei garantiert nichts sagt; und nat\u00fcrlich alles be\u00admerkt, nur nicht das eigene Scheitern. Je mehr um ihn herum alles zusammenbricht, desto mehr k\u00f6nnen wir nicht fassen, wie dieser Gockel nicht merkt, was los ist. \u201eEr merkt\u2019s einfach nicht\u201c, w\u00fcrde man im echten Leben sagen. Zum Gl\u00fcck bleibt dieses gemeingef\u00e4hrliche Vehi\u00adkel auf einer B\u00fchne. \u201eKontr\u00e4rfaszination\u201c sagte einst Ro\u00adger Willemsen dazu: der Betrachter kann herabschauen, wenn er das Dschungelcamp sieht, und sich deshalb er\u00adg\u00f6tzen. Kontr\u00e4r zum T\u00e4ter. Miller gelingt aber der \u201eschmale Spagat\u201c, wie er es falsch nennen w\u00fcrde; das Vorf\u00fchren seiner Figur einerseits, aber auch darin spie\u00adgelnd unser eigenes Versagen andererseits, darzustel\u00adlen; zum Gl\u00fcck mit seinen Registern der kaum \u00fcberh\u00f6h\u00adten Satire, mit eben genau der Leichtigkeit, die wir von ihm kennen \u2013 und deshalb gar nicht gleich bemerken, wie er den Elefanten zumindest bet\u00e4ubt: \u201e\u2026wenn nicht wann, \u00e4h dann \u2026jetzt\u2026also \u00e4h\u2026 vom Ding her\u2026praktisch..\u201c Es gen\u00fcgt nicht sich keine Gedanken zu machen, man muss auch unf\u00e4hig sein sie auszudr\u00fccken Teil 8!!!<\/p>","protected":false},"excerpt":{"rendered":"<p>Get your tickets now!<\/p>","protected":false},"featured_media":37840,"template":"","meta":{"_acf_changed":false,"inline_featured_image":false},"product_brand":[],"product_cat":[377,103,6725,31,95,35,21,58],"product_tag":[3908,992,954,5382,941,951,944,5379,947,948,5381,5384,5383],"class_list":{"0":"post-37836","1":"product","2":"type-product","3":"status-publish","4":"has-post-thumbnail","6":"product_cat-carlowitz-congress-center","7":"product_cat-chemnitz","8":"product_cat-comedy","9":"product_cat-events","10":"product_cat-humor","11":"product_cat-orte","12":"product_cat-ticket","13":"product_cat-veranstaltung","14":"product_tag-carlowitz-congress-center","15":"product_tag-chemnitz","16":"product_tag-comedy","17":"product_tag-dann-jetzt","18":"product_tag-events","19":"product_tag-kultur","20":"product_tag-orte","21":"product_tag-rolf-miller","22":"product_tag-ticket","23":"product_tag-veranstaltung","24":"product_tag-wenn-nicht-wan","25":"product_tag-wenn-nicht-wann","26":"product_tag-wenn-nicht-wann-dann-jetzt","27":"product_shipping_class-nur_paketversand","28":"pa_discount-normalpreis","29":"pa_preiskategorie-freie-platzwahl","31":"first","32":"instock","33":"taxable","34":"shipping-taxable","35":"purchasable","36":"product-type-variable"},"group_of_quantity":0,"min_quantity":0,"max_quantity":"","exclude_order_quantity_value_rules":"no","exclude_category_quantity_rules":"no","combine_variations":"no","acf":[],"_links":{"self":[{"href":"https:\/\/arena-ticket.com\/en\/wp-json\/wp\/v2\/product\/37836","targetHints":{"allow":["GET"]}}],"collection":[{"href":"https:\/\/arena-ticket.com\/en\/wp-json\/wp\/v2\/product"}],"about":[{"href":"https:\/\/arena-ticket.com\/en\/wp-json\/wp\/v2\/types\/product"}],"wp:featuredmedia":[{"embeddable":true,"href":"https:\/\/arena-ticket.com\/en\/wp-json\/wp\/v2\/media\/37840"}],"wp:attachment":[{"href":"https:\/\/arena-ticket.com\/en\/wp-json\/wp\/v2\/media?parent=37836"}],"wp:term":[{"taxonomy":"product_brand","embeddable":true,"href":"https:\/\/arena-ticket.com\/en\/wp-json\/wp\/v2\/product_brand?post=37836"},{"taxonomy":"product_cat","embeddable":true,"href":"https:\/\/arena-ticket.com\/en\/wp-json\/wp\/v2\/product_cat?post=37836"},{"taxonomy":"product_tag","embeddable":true,"href":"https:\/\/arena-ticket.com\/en\/wp-json\/wp\/v2\/product_tag?post=37836"}],"curies":[{"name":"wp","href":"https:\/\/api.w.org\/{rel}","templated":true}]}}