{"id":37841,"date":"2025-04-17T14:33:52","date_gmt":"2025-04-17T12:33:52","guid":{"rendered":"https:\/\/arena-ticket.com\/?p=37841&#038;post_type=product&#038;preview_id=37841"},"modified":"2025-04-17T15:06:35","modified_gmt":"2025-04-17T13:06:35","slug":"metaklapa-the-choir-of-beasts-live-2026-peterskirche-leipzig-31-01-2026-2000-uhr","status":"publish","type":"product","link":"https:\/\/arena-ticket.com\/en\/product\/metaklapa-the-choir-of-beasts-live-2026-peterskirche-leipzig-31-01-2026-2000-uhr\/","title":{"rendered":"METAKLAPA - The Choir of Beasts Live 2026"},"content":{"rendered":"<p>Von Wacken in die Elbphilharmonie auf gro\u00dfe Tour durch S\u00fcdamerika und wieder zur\u00fcck: die Wacken-Sensation begeistert weltweit und kommt im Fr\u00fchjahr 2026 endlich wieder zur\u00fcck nach Deutschland!<\/p>\n<p>Die sechs S\u00e4nger aus Kroatien stehen f\u00fcr hochklassigen polyphonen A-Capella-Gesang mit einzigartig arrangierten Melodien und DEN Texten einer der gr\u00f6\u00dften Metalbands aller Zeiten: IRON MAIDEN. Nie zuvor wurden deren Songs derart innovativ und anspruchsvoll interpretiert.<\/p>\n<p>Der Name METAKLAPA ist Programm: Klapa ist eine Form dalmatinischen A-Capella-Gesangs, die zum UNESCO Weltkulturerbe geh\u00f6rt. Durch die Fusion mit einer echten Weltkultur - dem Heavy Metal von IRON MAIDEN - wird diese Tradition in ein neues, internationales Gewand gekleidet.<\/p>","protected":false},"excerpt":{"rendered":"<p>Secure your tickets!<\/p>","protected":false},"featured_media":37844,"template":"","meta":{"_acf_changed":false,"inline_featured_image":false},"product_brand":[],"product_cat":[31,69,86,35,476,6745,21,58],"product_tag":[941,942,943,5385,944,964,5386,947,948],"class_list":{"0":"post-37841","1":"product","2":"type-product","3":"status-publish","4":"has-post-thumbnail","6":"product_cat-events","7":"product_cat-konzert","8":"product_cat-leipzig","9":"product_cat-orte","10":"product_cat-peterskirche","11":"product_cat-punk-punkrock","12":"product_cat-ticket","13":"product_cat-veranstaltung","14":"product_tag-events","15":"product_tag-konzert","16":"product_tag-leipzig","17":"product_tag-metaklapa","18":"product_tag-orte","19":"product_tag-peterskirche","20":"product_tag-the-choir-of-beasts-live-2026","21":"product_tag-ticket","22":"product_tag-veranstaltung","23":"product_shipping_class-nur_paketversand","24":"pa_discount-kind","25":"pa_discount-normalpreis","26":"pa_preiskategorie-freie-platzwahl","28":"first","29":"instock","30":"taxable","31":"shipping-taxable","32":"purchasable","33":"product-type-variable"},"group_of_quantity":0,"min_quantity":0,"max_quantity":"","exclude_order_quantity_value_rules":"no","exclude_category_quantity_rules":"no","combine_variations":"no","acf":[],"_links":{"self":[{"href":"https:\/\/arena-ticket.com\/en\/wp-json\/wp\/v2\/product\/37841","targetHints":{"allow":["GET"]}}],"collection":[{"href":"https:\/\/arena-ticket.com\/en\/wp-json\/wp\/v2\/product"}],"about":[{"href":"https:\/\/arena-ticket.com\/en\/wp-json\/wp\/v2\/types\/product"}],"wp:featuredmedia":[{"embeddable":true,"href":"https:\/\/arena-ticket.com\/en\/wp-json\/wp\/v2\/media\/37844"}],"wp:attachment":[{"href":"https:\/\/arena-ticket.com\/en\/wp-json\/wp\/v2\/media?parent=37841"}],"wp:term":[{"taxonomy":"product_brand","embeddable":true,"href":"https:\/\/arena-ticket.com\/en\/wp-json\/wp\/v2\/product_brand?post=37841"},{"taxonomy":"product_cat","embeddable":true,"href":"https:\/\/arena-ticket.com\/en\/wp-json\/wp\/v2\/product_cat?post=37841"},{"taxonomy":"product_tag","embeddable":true,"href":"https:\/\/arena-ticket.com\/en\/wp-json\/wp\/v2\/product_tag?post=37841"}],"curies":[{"name":"wp","href":"https:\/\/api.w.org\/{rel}","templated":true}]}}