{"id":38126,"date":"2025-04-23T08:39:50","date_gmt":"2025-04-23T06:39:50","guid":{"rendered":"https:\/\/arena-ticket.com\/?p=38126&#038;post_type=product&#038;preview_id=38126"},"modified":"2026-03-20T13:41:34","modified_gmt":"2026-03-20T12:41:34","slug":"eros-ramazzotti-una-storia-importante-world-tour-berlin-uber-arena-02-03-2026-2000-uhr","status":"publish","type":"product","link":"https:\/\/arena-ticket.com\/en\/product\/eros-ramazzotti-una-storia-importante-world-tour-berlin-uber-arena-02-03-2026-2000-uhr\/","title":{"rendered":"Eros Ramazzotti - Una Storia Importante - World Tour"},"content":{"rendered":"<section class=\"c-full c-inner c-narrow\" data-c=\"stageteasertext\" data-qa=\"stageteasertext-component\">\n<div class=\"container\">\n<div class=\"external-content no-margin\">\n<div class=\"u-position-relative js-moretext-wrapper\">\n<div class=\"moretext js-moretext expanded\" data-qa=\"readMoreText\">\n<div class=\"moretext-teaser\">\n<p><em>Kindern unter 6 Jahren wird zur VA kein Einlass gew\u00e4hrt, auch nicht in Begleitung eines Personenberechtigten.<\/em><\/p>\n<p>______________________________________________________________________________________________________________________<\/p>\n<p>Die Videos, die in den letzten Tagen unerwartet auf den Stra\u00dfen von New York, Madrid und Buenos Aires aufgetaucht sind, haben das Interesse geweckt, jetzt nimmt alles Gestalt an: Eros Ramazzotti k\u00fcndigt heute seine UNA STORIA IMPORTANTE WORLD TOUR an \u2013 seine musikalische Reise, die im Februar 2026 beginnt.<\/p>\n<p>Nach den Terminen am 17. und 18. Oktober 2025 im Amsterdamer Ziggo Dome \u2013 einer exklusiven und einzigartigen World Tour Gala Premiere \u2013 beginnt die neue Welttournee, die von Friends &amp; Partners-Eventim und Radiorama produziert und vertrieben wird, am 14. Februar 2026 in der Accor Arena in Paris. Dies ist der Beginn einer aufregenden Reise durch 30 L\u00e4nder, aufgeteilt in 4 Etappen, die Italien, Europa, Nordamerika und Kanada sowie Lateinamerika umfassen werden. Eine Tournee, die nur ein Ziel hat: sich \u00fcberall auf der ganzen Welt in das Herz des Publikums zu spielen.<\/p>\n<p>Die Tournee markiert auch die mit Spannung erwartete R\u00fcckkehr von Eros Ramazzotti in die italienischen Stadien. Teil dieses neuen Live-Abenteuers im Juni 2026 ist mit dem Turiner Allianz-Stadion auch ein ganz besonderer Spielort: Eros ist der erste K\u00fcnstler, der eine Show im Stadion von Juventus Turin ank\u00fcndigt und damit sein offizielles Deb\u00fct auf der Landkarte der gro\u00dfen Live-Konzerte gibt.<\/p>\n<p>Vor den Konzerten in seinem Heimatland und einer ausf\u00fchrlichen Nord- und Lateinamerika-Tour im Herbst kommt Eros Ramazzotti schon Anfang des kommenden Jahres f\u00fcr mehr als 30 Shows nach Europa und wird im Rahmen dessen im Februar und M\u00e4rz auch sechs Konzerte in Deutschland geben.<\/p>\n<p>UNA STORIA IMPORTANTE ist der Titel dieser Tournee, der von der tiefen Verbundenheit zwischen Eros und seinem Publikum erz\u00e4hlt, einer authentischen und dauerhaften Verbindung, die Zeit, Grenzen und Generationen \u00fcberspannt. Eine Geschichte aus Musik, Emotionen und Austausch, die mit derselben Kraft wie eh und je weitergeschrieben wird, angetrieben von \u00fcber 80 Millionen verkauften Tontr\u00e4gern und mehr als 9,3 Milliarden weltweiten Streams, 16 Studioalben, restlos ausverkauften Europa- und Welttourneen, zahlreichen Preisen, Auszeichnungen und Anerkennungen: Eros Ramazzotti ist mit Abstand einer der erfolgreichsten italienischen K\u00fcnstler, seine Lieder haben die italienische Musikgeschichte gepr\u00e4gt und die ganze Welt bereist. Anfang 2026 ist es auch f\u00fcr das deutsche Publikum wieder soweit und Fans des S\u00e4ngers k\u00f6nnen sich auf Konzerte in M\u00fcnchen, Hamburg, Berlin, Oberhausen, Frankfurt und Stuttgart freuen.<\/p>\n<\/div>\n<\/div>\n<div class=\"link moretext-toggle\"><\/div>\n<\/div>\n<\/div>\n<\/div>\n<\/section>\n<section class=\"c container\" data-c=\"eviwidget\" data-qa=\"evi-widget\">\n<div class=\"js-evi-wrapper theme-element-border evi-wrapper\">\n<div class=\"js-evi-box\">\n<div id=\"evi-widget-rule-11e8fcb5-8a5e-aaee-e6eb-996adb054c48\" class=\"evi-widget evi-widget evi-widget-type-ticket-alarm-single\"><\/div>\n<\/div>\n<\/div>\n<\/section>","protected":false},"excerpt":{"rendered":"<div>Eros Ramazzotti ab Februar auf \u201eUNA STORIA IMPORTANTE\u201c-Tour f\u00fcr sechs Konzerte in Deutschland!<\/div>\n<div>\n<p>&nbsp;<\/p>\n<p style=\"font-weight: 400\">\n<\/div>","protected":false},"featured_media":55722,"template":"","meta":{"_acf_changed":false,"inline_featured_image":false},"product_brand":[],"product_cat":[31,315,69,35,6733,517,58],"product_tag":[1332,5388,941,942,944,3638,5389,948],"class_list":{"0":"post-38126","1":"product","2":"type-product","3":"status-publish","4":"has-post-thumbnail","6":"product_cat-events","7":"product_cat-berlin","8":"product_cat-konzert","9":"product_cat-orte","10":"product_cat-pop","11":"product_cat-uber-arena","12":"product_cat-veranstaltung","13":"product_tag-berlin","14":"product_tag-eros-ramazzotti","15":"product_tag-events","16":"product_tag-konzert","17":"product_tag-orte","18":"product_tag-uber-arena","19":"product_tag-una-storia-importante-world-tour","20":"product_tag-veranstaltung","21":"product_shipping_class-nur_paketversand","22":"pa_discount-inklusive-begleitperson","23":"pa_discount-normalpreis","24":"pa_preiskategorie-golden-circle-i-sitzplatz","25":"pa_preiskategorie-golden-circle-ii-sitzplatz","26":"pa_preiskategorie-pk-i","27":"pa_preiskategorie-pk-ii","28":"pa_preiskategorie-pk-iii","29":"pa_preiskategorie-pk-iv","31":"first","32":"instock","33":"taxable","34":"shipping-taxable","35":"purchasable","36":"product-type-variable","37":"has-default-attributes"},"group_of_quantity":0,"min_quantity":0,"max_quantity":"","exclude_order_quantity_value_rules":"no","exclude_category_quantity_rules":"no","combine_variations":"no","acf":[],"_links":{"self":[{"href":"https:\/\/arena-ticket.com\/en\/wp-json\/wp\/v2\/product\/38126","targetHints":{"allow":["GET"]}}],"collection":[{"href":"https:\/\/arena-ticket.com\/en\/wp-json\/wp\/v2\/product"}],"about":[{"href":"https:\/\/arena-ticket.com\/en\/wp-json\/wp\/v2\/types\/product"}],"wp:featuredmedia":[{"embeddable":true,"href":"https:\/\/arena-ticket.com\/en\/wp-json\/wp\/v2\/media\/55722"}],"wp:attachment":[{"href":"https:\/\/arena-ticket.com\/en\/wp-json\/wp\/v2\/media?parent=38126"}],"wp:term":[{"taxonomy":"product_brand","embeddable":true,"href":"https:\/\/arena-ticket.com\/en\/wp-json\/wp\/v2\/product_brand?post=38126"},{"taxonomy":"product_cat","embeddable":true,"href":"https:\/\/arena-ticket.com\/en\/wp-json\/wp\/v2\/product_cat?post=38126"},{"taxonomy":"product_tag","embeddable":true,"href":"https:\/\/arena-ticket.com\/en\/wp-json\/wp\/v2\/product_tag?post=38126"}],"curies":[{"name":"wp","href":"https:\/\/api.w.org\/{rel}","templated":true}]}}