{"id":38290,"date":"2025-04-23T12:45:44","date_gmt":"2025-04-23T10:45:44","guid":{"rendered":"https:\/\/arena-ticket.com\/?p=38290&#038;post_type=product&#038;preview_id=38290"},"modified":"2025-04-23T14:04:12","modified_gmt":"2025-04-23T12:04:12","slug":"die-laermer-herz-auf-tour-2025-potsdam-lindenparkk-25-10-2025-2000-uhr","status":"publish","type":"product","link":"https:\/\/arena-ticket.com\/en\/product\/die-laermer-herz-auf-tour-2025-potsdam-lindenparkk-25-10-2025-2000-uhr\/","title":{"rendered":"Die L\u00e4rmer  - HERZ AUF TOUR 2025"},"content":{"rendered":"<div class=\"u-position-relative js-moretext-wrapper\">\n<div class=\"moretext js-moretext with-image expanded\" data-qa=\"readMoreText\" aria-expanded=\"true\">\n<div class=\"moretext-teaser\">\n<div class=\"external-content\">\n<section class=\"c-full c-inner c-narrow\" data-c=\"stageteasertext\" data-qa=\"stageteasertext-component\">\n<div class=\"container\">\n<div class=\"external-content no-margin\">\n<div class=\"u-position-relative js-moretext-wrapper\">\n<div class=\"moretext js-moretext expanded\" data-qa=\"readMoreText\" aria-expanded=\"true\">\n<div class=\"moretext-teaser\">\n<p>\u201eLeb deine Tr\u00e4ume\u201c, sang einstmals eine der bekanntesten deutschsprachigen Bands und ja, hiermit erf\u00fcllt sie die Band \u201eDie L\u00e4rmer\u201c (ehemals Luxusl\u00e4rm) wahrlich einen Traum, von dem viele gedacht haben, er w\u00fcrde nicht mehr in Erf\u00fcllung gehen.<\/p>\n<p>Nach Erfolgreicher Reunion-Tournee im Fr\u00fchjahr 2025 gehen Die L\u00e4rmer im Herbst 2025 auf Deutschland-Tour, auf die so viele Fans seit Jahren sehns\u00fcchtig gewartet und geho\ufb00t haben. Die Band rund um die sympathische Ausnahmes\u00e4ngerin Jini Meyer wird im M\u00e4rz 2025 in 10 St\u00e4dten zu sehen sein und in die Nostalgie ihrer bekannten Songs wie \u201e1000 km bis zum Meer\u201c, \u201eLeb deine Tr\u00e4ume\u201c oder auch \u201eUnsterblich\u201c und \u201eLiebt sie dich wie ich\u201c eintauchen.<\/p>\n<p>Eine echonominierte Band, mit \u00fcber 250.000 verkauften Alben, \u00fcber 1000 gespielten Konzerten in Deutschland, \u00d6sterreich und der Schweiz. Eine Band, die immer nahbar war und die sich \u00fcber 10 Jahre hinweg eine unglaublich treue, lautstarke und textsichere Fanbase aufgebaut hat. Ihren Fans bietet die Band im Herbst erneut eine unvergessliche Show, die alle Musiker Herzen h\u00f6her schlagen lassen.<\/p>\n<\/div>\n<\/div>\n<\/div>\n<\/div>\n<\/div>\n<\/section>\n<\/div>\n<\/div>\n<\/div>\n<\/div>","protected":false},"excerpt":{"rendered":"<p>Nach Erfolgreicher Reunion-Tournee im Fr\u00fchjahr 2025 gehen Die L\u00e4rmer im Herbst 2025 auf Deutschland-Tour!<\/p>","protected":false},"featured_media":38304,"template":"","meta":{"_acf_changed":false,"inline_featured_image":false},"product_brand":[],"product_cat":[31,69,4818,35,6733,4817,21,58],"product_tag":[5392,940,941,996,5393,942,4823,944,4822,947,948],"class_list":{"0":"post-38290","1":"product","2":"type-product","3":"status-publish","4":"has-post-thumbnail","6":"product_cat-events","7":"product_cat-konzert","8":"product_cat-lindenpark","9":"product_cat-orte","10":"product_cat-pop","11":"product_cat-potsdam","12":"product_cat-ticket","13":"product_cat-veranstaltung","14":"product_tag-die-laermer","15":"product_tag-dresden","16":"product_tag-events","17":"product_tag-freilichtbuehne-grosser-garten-junge-garde","18":"product_tag-herz-auf-tour-2025","19":"product_tag-konzert","20":"product_tag-lindenpark","21":"product_tag-orte","22":"product_tag-potsdam","23":"product_tag-ticket","24":"product_tag-veranstaltung","25":"product_shipping_class-nur_paketversand","26":"pa_discount-inklusive-begleitperson","27":"pa_discount-normalpreis","28":"pa_preiskategorie-rollstuhlfahrer","29":"pa_preiskategorie-stehplatz","31":"first","32":"instock","33":"taxable","34":"shipping-taxable","35":"purchasable","36":"product-type-variable"},"group_of_quantity":0,"min_quantity":0,"max_quantity":"","exclude_order_quantity_value_rules":"no","exclude_category_quantity_rules":"no","combine_variations":"no","acf":[],"_links":{"self":[{"href":"https:\/\/arena-ticket.com\/en\/wp-json\/wp\/v2\/product\/38290","targetHints":{"allow":["GET"]}}],"collection":[{"href":"https:\/\/arena-ticket.com\/en\/wp-json\/wp\/v2\/product"}],"about":[{"href":"https:\/\/arena-ticket.com\/en\/wp-json\/wp\/v2\/types\/product"}],"wp:featuredmedia":[{"embeddable":true,"href":"https:\/\/arena-ticket.com\/en\/wp-json\/wp\/v2\/media\/38304"}],"wp:attachment":[{"href":"https:\/\/arena-ticket.com\/en\/wp-json\/wp\/v2\/media?parent=38290"}],"wp:term":[{"taxonomy":"product_brand","embeddable":true,"href":"https:\/\/arena-ticket.com\/en\/wp-json\/wp\/v2\/product_brand?post=38290"},{"taxonomy":"product_cat","embeddable":true,"href":"https:\/\/arena-ticket.com\/en\/wp-json\/wp\/v2\/product_cat?post=38290"},{"taxonomy":"product_tag","embeddable":true,"href":"https:\/\/arena-ticket.com\/en\/wp-json\/wp\/v2\/product_tag?post=38290"}],"curies":[{"name":"wp","href":"https:\/\/api.w.org\/{rel}","templated":true}]}}