{"id":38341,"date":"2025-04-23T16:53:14","date_gmt":"2025-04-23T14:53:14","guid":{"rendered":"https:\/\/arena-ticket.com\/?p=38341&#038;post_type=product&#038;preview_id=38341"},"modified":"2025-05-26T14:47:43","modified_gmt":"2025-05-26T12:47:43","slug":"rendezvous-der-besten-show-turnfest-2025-leipzig-quarterback-immobilien-arena-01-06-2025-1100-uhr","status":"publish","type":"product","link":"https:\/\/arena-ticket.com\/en\/product\/rendezvous-der-besten-show-turnfest-2025-leipzig-quarterback-immobilien-arena-01-06-2025-1100-uhr\/","title":{"rendered":"Rendezvous der Besten - Show  - Turnfest 2025"},"content":{"rendered":"<p>Erwachsene: ab 18 Jahren<\/p>\n<p>Erm\u00e4\u00dfigt: Jugendliche 13-17 Jahre sowie Rentner, Studenten und Azubis (gegen Vorlage eines entsprechenden Nachweises)<\/p>\n<p>Kinder: 6-12 Jahren<\/p>\n<p>Kinder bis einschlie\u00dflich 5 Jahre erhalten freien Eintritt ohne Sitzplatzanspruch<\/p>\n<p>&nbsp;<\/p>\n<p>Your ticket includes travel on all MDV means of transport in tariff zone 110 for 4 hours before and after the event.<\/p>\n<p>&nbsp;<\/p>\n<p>Aus der bunten Mischung des Bundesfinales \u201eRendezvous der Besten\u201c treten die 15 \u201cDTB-Showgruppen 2025\u201d sowie die mit dem Pr\u00e4dikat \u201eDas besondere Etwas\u201c ausgezeichneten Gruppen in dieser au\u00dfergew\u00f6hnlichen Show nochmals auf. Die \u201eRendezvous der Besten-Show\u201c ist nicht nur f\u00fcr die Teilnehmenden ein ganz besonderer Moment, sondern auch f\u00fcr das Publikum, das sich auf eine beeindruckende Show mit kreativen, innovativen und spektakul\u00e4ren Vorf\u00fchrungen freuen darf.<\/p>\n<p>From the vibrant mix of the \u201eRendezvous of the Best National Finals\u201c, emerge the 15 \u201eDTB Show Groups 2025,\u201c along with the groups awarded the title \u201ethe special something,\u201c all performing once again<br \/>\nin this extraordinary show. The \u201cRendezvous of the Best\u201c Show is not only a very special moment for the participants, but also for the audience, who can look forward to an impressive display with creative,<br \/>\ninnovative and spectacular performances.<\/p>","protected":false},"excerpt":{"rendered":"<p>Secure your tickets!<\/p>","protected":false},"featured_media":21213,"template":"","meta":{"_acf_changed":false,"inline_featured_image":false},"product_brand":[],"product_cat":[31,86,35,37,32,21,22,6757,58],"product_tag":[941,943,944,945,5399,5642,947,973,4164,948],"class_list":{"0":"post-38341","1":"product","2":"type-product","3":"status-publish","4":"has-post-thumbnail","6":"product_cat-events","7":"product_cat-leipzig","8":"product_cat-orte","9":"product_cat-quarterback-immobilien-arena","10":"product_cat-sport","11":"product_cat-ticket","12":"product_cat-ticketupgrades-zusatzleistungen","13":"product_cat-turnen","14":"product_cat-veranstaltung","15":"product_tag-events","16":"product_tag-leipzig","17":"product_tag-orte","18":"product_tag-quarterback-immobilien-arena","19":"product_tag-rendezvous-der-besten-show","20":"product_tag-sport","21":"product_tag-ticket","22":"product_tag-ticketupgrades-zusatzleistungen","23":"product_tag-turnfest-2025","24":"product_tag-veranstaltung","25":"product_shipping_class-abholung_paketversand","26":"pa_discount-ermaessigt","27":"pa_discount-inklusive-begleitperson","28":"pa_discount-kind","29":"pa_discount-normalpreis","30":"pa_preiskategorie-pk-i","31":"pa_preiskategorie-pk-ii","32":"pa_preiskategorie-pk-iii","33":"pa_preiskategorie-rollstuhlfahrer","35":"first","36":"instock","37":"taxable","38":"shipping-taxable","39":"purchasable","40":"product-type-variable"},"group_of_quantity":0,"min_quantity":0,"max_quantity":"","exclude_order_quantity_value_rules":"no","exclude_category_quantity_rules":"no","combine_variations":"no","acf":[],"_links":{"self":[{"href":"https:\/\/arena-ticket.com\/en\/wp-json\/wp\/v2\/product\/38341","targetHints":{"allow":["GET"]}}],"collection":[{"href":"https:\/\/arena-ticket.com\/en\/wp-json\/wp\/v2\/product"}],"about":[{"href":"https:\/\/arena-ticket.com\/en\/wp-json\/wp\/v2\/types\/product"}],"wp:featuredmedia":[{"embeddable":true,"href":"https:\/\/arena-ticket.com\/en\/wp-json\/wp\/v2\/media\/21213"}],"wp:attachment":[{"href":"https:\/\/arena-ticket.com\/en\/wp-json\/wp\/v2\/media?parent=38341"}],"wp:term":[{"taxonomy":"product_brand","embeddable":true,"href":"https:\/\/arena-ticket.com\/en\/wp-json\/wp\/v2\/product_brand?post=38341"},{"taxonomy":"product_cat","embeddable":true,"href":"https:\/\/arena-ticket.com\/en\/wp-json\/wp\/v2\/product_cat?post=38341"},{"taxonomy":"product_tag","embeddable":true,"href":"https:\/\/arena-ticket.com\/en\/wp-json\/wp\/v2\/product_tag?post=38341"}],"curies":[{"name":"wp","href":"https:\/\/api.w.org\/{rel}","templated":true}]}}