{"id":38461,"date":"2025-04-24T15:29:20","date_gmt":"2025-04-24T13:29:20","guid":{"rendered":"https:\/\/arena-ticket.com\/?p=38461&#038;post_type=product&#038;preview_id=38461"},"modified":"2025-08-12T20:28:51","modified_gmt":"2025-08-12T18:28:51","slug":"gogol-bordello-leipzig-felsenkeller-20-09-2025-2000-uhr","status":"publish","type":"product","link":"https:\/\/arena-ticket.com\/en\/product\/gogol-bordello-leipzig-felsenkeller-20-09-2025-2000-uhr\/","title":{"rendered":"Gogol Bordello"},"content":{"rendered":"<p>Wenn Eugene H\u00fctz auf die B\u00fchne tritt, ist es, als w\u00fcrde ein Orkan durch den Konzertsaal fegen. Seine Band Gogol Bordello entfacht eine Energie, die m\u00fchelos eine Stadt zum Beben bringen k\u00f6nnte. Nachdem die Band k\u00fcrzlich mit Dropkick Murphys getourt ist und f\u00fcr ein begeistertes Publikum gesorgt hat, gilt es nun, diese Live-Dynamik erneut in voller L\u00e4nge auf die deutschen B\u00fchnen zu bringen.<\/p>\n<p>Im September 2025 kommt Gogol Bordello f\u00fcr acht Konzerte nach Deutschland. Als Support wird das Londoner Duo Bob Vylan auf der Tour dabei sein. \u00c4hnlich wie Gogol Bordello vereinen sie Chaos und Ruhe, wobei sie ihren ganz eigenen, sich stets entwickelnden Sound, mit dem sie Fans von Rock, Rap, Punk, Dance und Alternative gleicherma\u00dfen begeistern. Wer sich f\u00fcr ein paar Stunden in Ekstase tanzen will, sollte sich die Tour von Gogol Bordello nicht entgehen lassen.<span class=\"Apple-converted-space\">\u00a0<\/span><\/p>","protected":false},"excerpt":{"rendered":"<p>Get your tickets here now!<\/p>","protected":false},"featured_media":38463,"template":"","meta":{"_acf_changed":false,"inline_featured_image":false},"product_brand":[],"product_cat":[31,348,6748,69,86,35,21,58],"product_tag":[941,1476,5406,942,943,944,947,948],"class_list":{"0":"post-38461","1":"product","2":"type-product","3":"status-publish","4":"has-post-thumbnail","6":"product_cat-events","7":"product_cat-felsenkeller","8":"product_cat-indie","9":"product_cat-konzert","10":"product_cat-leipzig","11":"product_cat-orte","12":"product_cat-ticket","13":"product_cat-veranstaltung","14":"product_tag-events","15":"product_tag-felsenkeller","16":"product_tag-gogol-bordello","17":"product_tag-konzert","18":"product_tag-leipzig","19":"product_tag-orte","20":"product_tag-ticket","21":"product_tag-veranstaltung","22":"product_shipping_class-nur_paketversand","23":"pa_discount-normalpreis","24":"pa_preiskategorie-stehplatz","26":"first","27":"instock","28":"taxable","29":"shipping-taxable","30":"purchasable","31":"product-type-variable","32":"has-default-attributes"},"group_of_quantity":0,"min_quantity":0,"max_quantity":"","exclude_order_quantity_value_rules":"no","exclude_category_quantity_rules":"no","combine_variations":"no","acf":[],"_links":{"self":[{"href":"https:\/\/arena-ticket.com\/en\/wp-json\/wp\/v2\/product\/38461","targetHints":{"allow":["GET"]}}],"collection":[{"href":"https:\/\/arena-ticket.com\/en\/wp-json\/wp\/v2\/product"}],"about":[{"href":"https:\/\/arena-ticket.com\/en\/wp-json\/wp\/v2\/types\/product"}],"wp:featuredmedia":[{"embeddable":true,"href":"https:\/\/arena-ticket.com\/en\/wp-json\/wp\/v2\/media\/38463"}],"wp:attachment":[{"href":"https:\/\/arena-ticket.com\/en\/wp-json\/wp\/v2\/media?parent=38461"}],"wp:term":[{"taxonomy":"product_brand","embeddable":true,"href":"https:\/\/arena-ticket.com\/en\/wp-json\/wp\/v2\/product_brand?post=38461"},{"taxonomy":"product_cat","embeddable":true,"href":"https:\/\/arena-ticket.com\/en\/wp-json\/wp\/v2\/product_cat?post=38461"},{"taxonomy":"product_tag","embeddable":true,"href":"https:\/\/arena-ticket.com\/en\/wp-json\/wp\/v2\/product_tag?post=38461"}],"curies":[{"name":"wp","href":"https:\/\/api.w.org\/{rel}","templated":true}]}}