{"id":38483,"date":"2025-04-24T16:03:09","date_gmt":"2025-04-24T14:03:09","guid":{"rendered":"https:\/\/arena-ticket.com\/?p=38483&#038;post_type=product&#038;preview_id=38483"},"modified":"2026-01-06T13:01:26","modified_gmt":"2026-01-06T12:01:26","slug":"disney-on-ice-heldenhafte-abenteuer-leipzig-messe-halle-eins-08-03-2026-1500-uhr","status":"publish","type":"product","link":"https:\/\/arena-ticket.com\/en\/product\/disney-on-ice-heldenhafte-abenteuer-leipzig-messe-halle-eins-08-03-2026-1500-uhr\/","title":{"rendered":"Disney on Ice  - Heldenhafte Abenteuer"},"content":{"rendered":"<section class=\"c-full c-inner c-narrow\" data-c=\"stageteasertext\" data-qa=\"stageteasertext-component\">\n<div class=\"container\">\n<div class=\"external-content no-margin\">\n<div class=\"u-position-relative js-moretext-wrapper\">\n<div class=\"moretext js-moretext expanded\" data-qa=\"readMoreText\">\n<div class=\"moretext-teaser\">\n<h1><strong>Disney On Ice \u201eHeldenhafte Abenteuer\u201c<\/strong><\/h1>\n<p>Im Fr\u00fchjahr 2026 kommt die neue Show <strong>Disney On Ice \u201eHeldenhafte Abenteuer\u201c<\/strong> nach Deutschland und verzaubert das kleine und gro\u00dfe Publikum mit den sch\u00f6nsten Disney Klassikern und den beliebtesten modernen Geschichten. Die farbenfrohe Eis-Show ist ein magisches Abenteuer f\u00fcr die ganze Familie und zeigt dem Publikum, was es hei\u00dft, eine echte Heldin oder ein echter Held zu sein! <strong>Disney On Ice \u201eHeldenhafte Abenteuer\u201c<\/strong> \u00a0kommt <strong>ab dem 27.02.2026 nach<\/strong> <strong>Oberhausen, Leipzig, Berlin <\/strong>and<strong> Munich<\/strong>.<\/p>\n<p>Micky Maus, Minnie Maus, Donald Duck und Goofy laden alle G\u00e4ste zu einer fantastischen Show \u00a0mit spannenden Heldengeschichten ein, in denen sich alles um die wichtigsten Werte im Leben dreht: Liebe, Zusammenhalt und der Glaube an sich selbst. Mit dabei ist Mirabel aus <strong>Encanto<\/strong>, die sich aufmacht, um die geliebte Casita ihrer Familie zu retten. Auf wunderbare Weise zeigt sich, dass jeder seine eigenen Gaben hat, ob magisch oder nicht, und dass dies jeden einzelnen zu etwas Besonderem macht. Auch <strong>Vaiana<\/strong> wird zur Heldin, wenn sie sich mit dem m\u00e4chtigen Halbgott Maui auf eine actiongeladene Reise begibt, um ihre Insel zu retten und um ihre eigene Identit\u00e4t zu finden. Es gibt ein Wiedersehen mit Anna und Elsa und dem lustigen Schneemann Olaf aus <strong>Die Eisk\u00f6nigin<\/strong>, die ihr K\u00f6nigreich heldenhaft besch\u00fctzen. Mit der kleinen Meerjungfrau <strong>Arielle<\/strong> taucht das Publikum in eine fabelhafte Unterwasserwelt ein und erlebt die Macht der wahren Liebe. <strong>Rapunzel <\/strong>beweist echten Mut, wenn sie sich traut, die Welt au\u00dferhalb ihrer eigenen zu erkunden und ein ganz neues Leben anzufangen. Und Belle z\u00e4hmt das furchterregende Wesen in <strong>Die Sch\u00f6ne und das Biest<\/strong>, weil sie seine innere Sch\u00f6nheit erkennt und sich vom \u00e4u\u00dferen Schein nicht einsch\u00fcchtern l\u00e4sst. Entschlossenheit und Herz machen die Figuren in allen Geschichten zu echten Heldinnen!<\/p>\n<p><strong>Disney On Ice \u201eHeldenhafte Abenteuer\u201c<\/strong> begeistert das Publikum mit erstklassigem Eiskunstlauf, mit \u00fcber 200 farbenpr\u00e4chtigen Kost\u00fcmen, die aus mehr als 350 Meter Stoff gefertigt sind, und mit atemberaubenden B\u00fchnenbildern. Innovatives Lichtdesign, aufregende Spezialeffekte, spektakul\u00e4re Spr\u00fcnge und \u00fcberw\u00e4ltigende Choreografien machen <strong>Disney On Ice \u201eHeldenhafte Abenteuer\u201c<\/strong> zu einem Erlebnis, das die ganze Familie f\u00fcr immer in Erinnerung behalten wird!<\/p>\n<p>---------------------------------------------------------------------------------------------------------------------------<\/p>\n<\/div>\n<\/div>\n<p>Die Show ist f\u00fcr Kinder ab 3 Jahren empfohlen. Kinder unter 3 Jahren ben\u00f6tigen auch ein Ticket, auch wenn sie auf den Scho\u00df genommen werden.<\/p>\n<p>Sitzerh\u00f6hungen f\u00fcr Kinder sind erlaubt.<\/p>\n<div class=\"moretext js-moretext expanded\" data-qa=\"readMoreText\">\n<div class=\"moretext-teaser\">\n<p>&nbsp;<\/p>\n<\/div>\n<\/div>\n<div class=\"link moretext-toggle\"><\/div>\n<\/div>\n<\/div>\n<\/div>\n<\/section>\n<section class=\"c container\" data-c=\"eviwidget\" data-qa=\"evi-widget\">\n<div class=\"js-evi-wrapper theme-element-border evi-wrapper\">\n<div class=\"js-evi-box\">\n<div id=\"evi-widget-rule-11e8fcb5-8a5e-aaee-e6eb-996adb054c48\" class=\"evi-widget evi-widget evi-widget-type-ticket-alarm-single\"><\/div>\n<\/div>\n<\/div>\n<\/section>","protected":false},"excerpt":{"rendered":"<p>Die farbenfrohe Eis-Show ist ein magisches Abenteuer f\u00fcr die ganze Familie und zeigt dem Publikum, was es hei\u00dft, eine echte Heldin oder ein echter Held zu sein!<\/p>","protected":false},"featured_media":62531,"template":"","meta":{"_acf_changed":false,"inline_featured_image":false},"product_brand":[],"product_cat":[432,86,35,21],"product_tag":[5401,941,5404,5402,943,5403,944,958,947,948],"class_list":{"0":"post-38483","1":"product","2":"type-product","3":"status-publish","4":"has-post-thumbnail","6":"product_cat-halle-eins","7":"product_cat-leipzig","8":"product_cat-orte","9":"product_cat-ticket","10":"product_tag-disney-on-ice","11":"product_tag-events","12":"product_tag-halleeins","13":"product_tag-heldenhafte-abenteuer","14":"product_tag-leipzig","15":"product_tag-leipziger-messe-halle-1","16":"product_tag-orte","17":"product_tag-show","18":"product_tag-ticket","19":"product_tag-veranstaltung","20":"product_shipping_class-nur_paketversand","21":"pa_discount-familienticket","22":"pa_discount-kind-bis-14-jahre","23":"pa_discount-normalpreis","24":"pa_preiskategorie-kombiticket","25":"pa_preiskategorie-pk-i","26":"pa_preiskategorie-pk-ii","27":"pa_preiskategorie-pk-iii","28":"pa_preiskategorie-pk-iv","29":"pa_preiskategorie-premium","31":"first","32":"instock","33":"taxable","34":"shipping-taxable","35":"purchasable","36":"product-type-variable"},"group_of_quantity":0,"min_quantity":0,"max_quantity":"","exclude_order_quantity_value_rules":"no","exclude_category_quantity_rules":"no","combine_variations":"no","acf":[],"_links":{"self":[{"href":"https:\/\/arena-ticket.com\/en\/wp-json\/wp\/v2\/product\/38483","targetHints":{"allow":["GET"]}}],"collection":[{"href":"https:\/\/arena-ticket.com\/en\/wp-json\/wp\/v2\/product"}],"about":[{"href":"https:\/\/arena-ticket.com\/en\/wp-json\/wp\/v2\/types\/product"}],"wp:featuredmedia":[{"embeddable":true,"href":"https:\/\/arena-ticket.com\/en\/wp-json\/wp\/v2\/media\/62531"}],"wp:attachment":[{"href":"https:\/\/arena-ticket.com\/en\/wp-json\/wp\/v2\/media?parent=38483"}],"wp:term":[{"taxonomy":"product_brand","embeddable":true,"href":"https:\/\/arena-ticket.com\/en\/wp-json\/wp\/v2\/product_brand?post=38483"},{"taxonomy":"product_cat","embeddable":true,"href":"https:\/\/arena-ticket.com\/en\/wp-json\/wp\/v2\/product_cat?post=38483"},{"taxonomy":"product_tag","embeddable":true,"href":"https:\/\/arena-ticket.com\/en\/wp-json\/wp\/v2\/product_tag?post=38483"}],"curies":[{"name":"wp","href":"https:\/\/api.w.org\/{rel}","templated":true}]}}