{"id":38553,"date":"2025-04-25T11:50:10","date_gmt":"2025-04-25T09:50:10","guid":{"rendered":"https:\/\/arena-ticket.com\/?p=38553&#038;post_type=product&#038;preview_id=38553"},"modified":"2025-05-26T17:07:40","modified_gmt":"2025-05-26T15:07:40","slug":"the-kiffness-taeubchenthal-leipzig-04-11-2025-2000-uhr","status":"publish","type":"product","link":"https:\/\/arena-ticket.com\/en\/product\/the-kiffness-taeubchenthal-leipzig-04-11-2025-2000-uhr\/","title":{"rendered":"The Kiffness"},"content":{"rendered":"<p>Der S\u00fcdafrikanische Musiker The Kiffness kommt im November nach Leipzig - jetzt Tickets f\u00fcr das Konzert im T\u00e4ubchenthal sichern!<\/p>","protected":false},"excerpt":{"rendered":"<p>Der S\u00fcdafrikanische Musiker The Kiffness kommt im November nach Leipzig - jetzt Tickets f\u00fcr das Konzert im T\u00e4ubchenthal sichern!<\/p>","protected":false},"featured_media":38629,"template":"","meta":{"_acf_changed":false,"inline_featured_image":false},"product_brand":[],"product_cat":[31,6748,69,86,35,499,21,58],"product_tag":[941,942,943,944,967,5416,947,948],"class_list":{"0":"post-38553","1":"product","2":"type-product","3":"status-publish","4":"has-post-thumbnail","6":"product_cat-events","7":"product_cat-indie","8":"product_cat-konzert","9":"product_cat-leipzig","10":"product_cat-orte","11":"product_cat-taeubchenthal","12":"product_cat-ticket","13":"product_cat-veranstaltung","14":"product_tag-events","15":"product_tag-konzert","16":"product_tag-leipzig","17":"product_tag-orte","18":"product_tag-taeubchenthal","19":"product_tag-the-kiffness","20":"product_tag-ticket","21":"product_tag-veranstaltung","22":"product_shipping_class-nur_paketversand","23":"pa_discount-normalpreis","24":"pa_preiskategorie-stehplatz","26":"first","27":"instock","28":"taxable","29":"shipping-taxable","30":"purchasable","31":"product-type-variable"},"group_of_quantity":0,"min_quantity":0,"max_quantity":"","exclude_order_quantity_value_rules":"no","exclude_category_quantity_rules":"no","combine_variations":"no","acf":[],"_links":{"self":[{"href":"https:\/\/arena-ticket.com\/en\/wp-json\/wp\/v2\/product\/38553","targetHints":{"allow":["GET"]}}],"collection":[{"href":"https:\/\/arena-ticket.com\/en\/wp-json\/wp\/v2\/product"}],"about":[{"href":"https:\/\/arena-ticket.com\/en\/wp-json\/wp\/v2\/types\/product"}],"wp:featuredmedia":[{"embeddable":true,"href":"https:\/\/arena-ticket.com\/en\/wp-json\/wp\/v2\/media\/38629"}],"wp:attachment":[{"href":"https:\/\/arena-ticket.com\/en\/wp-json\/wp\/v2\/media?parent=38553"}],"wp:term":[{"taxonomy":"product_brand","embeddable":true,"href":"https:\/\/arena-ticket.com\/en\/wp-json\/wp\/v2\/product_brand?post=38553"},{"taxonomy":"product_cat","embeddable":true,"href":"https:\/\/arena-ticket.com\/en\/wp-json\/wp\/v2\/product_cat?post=38553"},{"taxonomy":"product_tag","embeddable":true,"href":"https:\/\/arena-ticket.com\/en\/wp-json\/wp\/v2\/product_tag?post=38553"}],"curies":[{"name":"wp","href":"https:\/\/api.w.org\/{rel}","templated":true}]}}