{"id":38576,"date":"2025-04-25T15:09:08","date_gmt":"2025-04-25T13:09:08","guid":{"rendered":"https:\/\/arena-ticket.com\/?p=38576&#038;post_type=product&#038;preview_id=38576"},"modified":"2025-04-28T11:56:19","modified_gmt":"2025-04-28T09:56:19","slug":"yaenniver-angry-woman-tour-2025-leipzig-haus-auensee-15-11-2025-2015-uhr","status":"publish","type":"product","link":"https:\/\/arena-ticket.com\/en\/product\/yaenniver-angry-woman-tour-2025-leipzig-haus-auensee-15-11-2025-2015-uhr\/","title":{"rendered":"Yaenniver  - Angry Woman Tour 2025"},"content":{"rendered":"<p><b>WUT, KUNST, EKSTASE:<br \/>\nYAENNIVER GEHT MIT NEUEM ALBUM \u201cANGRY WOMAN\u201d AUF TOUR<\/b><\/p>\n<p>YAENNIVERS neues Album \u201cAngry Woman\u201d macht starke, oft als negativ gelabelte Emotionen h\u00f6r- und f\u00fchlbar. Ihre Wut kommt mit einer Wucht, die die Zuh\u00f6rer:innen bald auch live mitrei\u00dfen wird: Denn das musikalische Gef\u00fchlsepos der S\u00e4ngerin gibt es nicht nur auf CD, Vinyl und allen g\u00e4ngigen Streaming-Plattformen, sondern noch in diesem Jahr auf der B\u00fchne zu erleben. Die \u201cAngry Woman\u201d herself wird ab November 2025 auf Tour gehen und ihr neues Album performen.<\/p>\n<p>Man darf sich sicher sein: Das wird laut, radikal und kompromisslos. YAENNIVER zieht alle Register und bietet eine Show, die Grenzen und Erwartungen sprengt. F\u00fcr ihre k\u00fcnstlerische Spielweise bedient sie sich an Provokation und Mut zur Selbstverwirklichung, setzt auf pure Authentizit\u00e4t und Kontrolle \u00fcber ihre Kunst: Von einem B\u00fchnenbild, das f\u00fcr offene M\u00fcnder sorgt, bis hin zu Kost\u00fcmen und Inszenierungen, die \u00fcberraschen, vielleicht mal schockieren, aber vor allem unterhalten. Die Show zieht mit, polarisiert und inspiriert \u2013 genauso, wie es YAENNIVERS Musik tut. Zusammenfassend k\u00f6nnen sich Fans auf die unvergleichbare Stimmgewalt der S\u00e4ngerin, starke, kraftvolle Performances sowie pers\u00f6nliche und politische Ansagen freuen. All das begleitet von Pop-Beats, die K\u00f6rper und Seele bewegen. Wer dabei ist, kann einfach viben oder gleich Teil der Revolution werden.<\/p>\n<p>\"Ich glaube Wut wird oft als eher negative Emotion angesehen, von der man sich befreien sollte, dabei hat sie eine enorme transformative Kraft, die uns dazu erm\u00e4chtigen und mobilisieren kann, gegen bestehende Systeme und Machtstrukturen vorzugehen und somit zu einer gerechteren und wirklich gleichberechtigten Gesellschaft beizutragen.\" (YAENNIVER)<\/p>\n<p>\u201cAngry Woman\u201d ist zugleich eine feministische Auseinandersetzung und Abrechnung. YAENNIVER gibt Gef\u00fchlen Raum, die FLINTA aberkannt, kleingeredet und negativ konnotiert werden. Vorne weg die weibliche Wut, die gesellschaftlich kein einfaches Standing hat. Die S\u00e4ngerin macht aus der Abwertung eine Ansage, reclaimt den Begriff \u201cAngry Woman\u201d und schafft der w\u00fctenden Frau ihren Platz. Dabei verpackt YAENNIVER ihre Kritik am Patriarchat in eing\u00e4ngige Pop-Sounds. Inmitten der musikalischen Gef\u00fchlsexplosion werden YAENNIVERS eindringliche Lyrics zum Appell, sich auszuleben und auszudr\u00fccken, wie FLINTA m\u00f6chte.<\/p>\n<p>In gewohnter Manier wird sich YAENNIVER auf den Konzerten durch ihre Gef\u00fchlswelt zwischen Selbstbestimmung und Systemkritik singen. Dabei wird nichts dem Zufall \u00fcberlassen. Jede Inszenierung und jedes Detail stammen aus ihrer eigenen kreativen Feder und verk\u00f6rpern ihre k\u00fcnstlerische, pers\u00f6nliche und politische Freiheit. Auch mit ihrer zweiten Solo-Tour wird YAENNIVER ihrem Ruf gerecht: Sie ist keine K\u00fcnstlerin, die einfach nur performt \u2013 sie bringt Haltung auf die B\u00fchne.<\/p>","protected":false},"excerpt":{"rendered":"<p>Get your tickets here now!<\/p>","protected":false},"featured_media":38578,"template":"","meta":{"_acf_changed":false,"inline_featured_image":false},"product_brand":[],"product_cat":[31,344,69,86,35,6733,21,58],"product_tag":[5415,941,962,942,943,944,947,948,5414],"class_list":{"0":"post-38576","1":"product","2":"type-product","3":"status-publish","4":"has-post-thumbnail","6":"product_cat-events","7":"product_cat-haus-auensee","8":"product_cat-konzert","9":"product_cat-leipzig","10":"product_cat-orte","11":"product_cat-pop","12":"product_cat-ticket","13":"product_cat-veranstaltung","14":"product_tag-angry-woman-tour-2025","15":"product_tag-events","16":"product_tag-haus-auensee","17":"product_tag-konzert","18":"product_tag-leipzig","19":"product_tag-orte","20":"product_tag-ticket","21":"product_tag-veranstaltung","22":"product_tag-yaenniver","23":"product_shipping_class-nur_paketversand","24":"pa_discount-inklusive-begleitperson","25":"pa_discount-kind","26":"pa_discount-normalpreis","27":"pa_preiskategorie-stehplatz","29":"first","30":"instock","31":"taxable","32":"shipping-taxable","33":"purchasable","34":"product-type-variable","35":"has-default-attributes"},"group_of_quantity":0,"min_quantity":0,"max_quantity":"","exclude_order_quantity_value_rules":"no","exclude_category_quantity_rules":"no","combine_variations":"no","acf":[],"_links":{"self":[{"href":"https:\/\/arena-ticket.com\/en\/wp-json\/wp\/v2\/product\/38576","targetHints":{"allow":["GET"]}}],"collection":[{"href":"https:\/\/arena-ticket.com\/en\/wp-json\/wp\/v2\/product"}],"about":[{"href":"https:\/\/arena-ticket.com\/en\/wp-json\/wp\/v2\/types\/product"}],"wp:featuredmedia":[{"embeddable":true,"href":"https:\/\/arena-ticket.com\/en\/wp-json\/wp\/v2\/media\/38578"}],"wp:attachment":[{"href":"https:\/\/arena-ticket.com\/en\/wp-json\/wp\/v2\/media?parent=38576"}],"wp:term":[{"taxonomy":"product_brand","embeddable":true,"href":"https:\/\/arena-ticket.com\/en\/wp-json\/wp\/v2\/product_brand?post=38576"},{"taxonomy":"product_cat","embeddable":true,"href":"https:\/\/arena-ticket.com\/en\/wp-json\/wp\/v2\/product_cat?post=38576"},{"taxonomy":"product_tag","embeddable":true,"href":"https:\/\/arena-ticket.com\/en\/wp-json\/wp\/v2\/product_tag?post=38576"}],"curies":[{"name":"wp","href":"https:\/\/api.w.org\/{rel}","templated":true}]}}