{"id":38680,"date":"2025-04-28T12:11:59","date_gmt":"2025-04-28T10:11:59","guid":{"rendered":"https:\/\/arena-ticket.com\/?p=38680&#038;post_type=product&#038;preview_id=38680"},"modified":"2025-10-16T12:42:59","modified_gmt":"2025-10-16T10:42:59","slug":"rebellcomedy-rebell-for-live-haus-auensee-leipzig-01-12-2025-2000-uhr","status":"publish","type":"product","link":"https:\/\/arena-ticket.com\/en\/product\/rebellcomedy-rebell-for-live-haus-auensee-leipzig-01-12-2025-2000-uhr\/","title":{"rendered":"RebellComedy  - REBELL FOR LIVE!"},"content":{"rendered":"<p>Das etablierteste Stand-Up Comedy Ensemble Europas kommt in deine N\u00e4he, um gegen alles zu rebellieren:<br \/>\nSchlechte Laune, veraltete Denkweisen und politische Korrektheit!<\/p>\n<p>Seit fast 20 Jahren ziehen die Rebellen durch die gro\u00dfen Hallen in ganz Deutschland, \u00d6sterreich und Schweiz - aber sie kriegen niemals genug, die Zuschauer in Lachkr\u00e4mpfe zu versetzen, denn sie sind REBELL FOR LIVE!<\/p>\n<p>Ein unvergesslicher Abend erwartet dich mit den Comedy-Gr\u00f6\u00dfen Benaissa Lamroubal, Khalid Bounouar, Hany Siam, Salim Samatou, Ususmango und Babak Ghassim.<\/p>\n<p>Freu dich auf eine einzigartige Mischung aus Comedy, tiefgr\u00fcndiger Poetry und bester Musik von einem Live-DJ \u2013 und das alles gew\u00fcrzt mit der Extraportion \u00dcberraschung durch Special Guests!<\/p>\n<p>&nbsp;<\/p>","protected":false},"excerpt":{"rendered":"<p>Ein rebellischer Abend, den du nicht verpassen solltest - also g\u00f6nn dir Tickets!<\/p>","protected":false},"featured_media":51887,"template":"","meta":{"_acf_changed":false,"inline_featured_image":false},"product_brand":[],"product_cat":[6725,31,344,95,86,35,21,58],"product_tag":[954,941,962,951,943,944,5418,5417,958,947,948],"class_list":{"0":"post-38680","1":"product","2":"type-product","3":"status-publish","4":"has-post-thumbnail","6":"product_cat-comedy","7":"product_cat-events","8":"product_cat-haus-auensee","9":"product_cat-humor","10":"product_cat-leipzig","11":"product_cat-orte","12":"product_cat-ticket","13":"product_cat-veranstaltung","14":"product_tag-comedy","15":"product_tag-events","16":"product_tag-haus-auensee","17":"product_tag-kultur","18":"product_tag-leipzig","19":"product_tag-orte","20":"product_tag-rebell-for-live","21":"product_tag-rebellcomedy","22":"product_tag-show","23":"product_tag-ticket","24":"product_tag-veranstaltung","25":"product_shipping_class-nur_paketversand","26":"pa_discount-ermaessigt","27":"pa_discount-inklusive-begleitperson","28":"pa_discount-kind","29":"pa_discount-normalpreis","30":"pa_preiskategorie-pk-i","31":"pa_preiskategorie-pk-ii","32":"pa_preiskategorie-pk-iii","33":"pa_preiskategorie-rollstuhlfahrer","35":"first","36":"outofstock","37":"taxable","38":"shipping-taxable","39":"purchasable","40":"product-type-variable"},"group_of_quantity":0,"min_quantity":0,"max_quantity":"","exclude_order_quantity_value_rules":"no","exclude_category_quantity_rules":"no","combine_variations":"no","acf":[],"_links":{"self":[{"href":"https:\/\/arena-ticket.com\/en\/wp-json\/wp\/v2\/product\/38680","targetHints":{"allow":["GET"]}}],"collection":[{"href":"https:\/\/arena-ticket.com\/en\/wp-json\/wp\/v2\/product"}],"about":[{"href":"https:\/\/arena-ticket.com\/en\/wp-json\/wp\/v2\/types\/product"}],"wp:featuredmedia":[{"embeddable":true,"href":"https:\/\/arena-ticket.com\/en\/wp-json\/wp\/v2\/media\/51887"}],"wp:attachment":[{"href":"https:\/\/arena-ticket.com\/en\/wp-json\/wp\/v2\/media?parent=38680"}],"wp:term":[{"taxonomy":"product_brand","embeddable":true,"href":"https:\/\/arena-ticket.com\/en\/wp-json\/wp\/v2\/product_brand?post=38680"},{"taxonomy":"product_cat","embeddable":true,"href":"https:\/\/arena-ticket.com\/en\/wp-json\/wp\/v2\/product_cat?post=38680"},{"taxonomy":"product_tag","embeddable":true,"href":"https:\/\/arena-ticket.com\/en\/wp-json\/wp\/v2\/product_tag?post=38680"}],"curies":[{"name":"wp","href":"https:\/\/api.w.org\/{rel}","templated":true}]}}