{"id":38696,"date":"2025-04-28T12:34:50","date_gmt":"2025-04-28T10:34:50","guid":{"rendered":"https:\/\/arena-ticket.com\/?p=38696&#038;post_type=product&#038;preview_id=38696"},"modified":"2026-02-21T13:45:15","modified_gmt":"2026-02-21T12:45:15","slug":"die-grosse-heinz-erhardt-show-das-musical-ueber-den-unvergessenen-schelm-haus-auensee-leipzig-19-04-2026-1430-uhr","status":"publish","type":"product","link":"https:\/\/arena-ticket.com\/en\/product\/die-grosse-heinz-erhardt-show-das-musical-ueber-den-unvergessenen-schelm-haus-auensee-leipzig-19-04-2026-1430-uhr\/","title":{"rendered":"Die gro\u00dfe Heinz-Erhardt-Show  - Das Musical \u00fcber den unvergessenen Schelm"},"content":{"rendered":"<p>The musical about the unforgettable rogue on a major German tour<\/p>\n<p>\u201cMake fun of yourself \u2013 then you\u2019ll save others the work!\u201d (Heinz Erhardt)<\/p>\n<p>The humorist, actor, composer, cabaret artist and poet Erhardt once said of himself that he had a &quot;mischievous streak&quot;. He was, and probably still is, the uncrowned king of German humor, the grand master of jokes and entertaining wordplay. Unforgettable and unmatched!<\/p>\n<p>The premiere of the first Heinz Erhardt musical was celebrated in Hamburg in November 2017. Among the guests were the daughters and granddaughter of the clumsy humorist with the horn-rimmed glasses, who complimented the ensemble on the musical. Initially planned as a guest performance, the Erhardt musical was so popular that it has become a permanent fixture in the home theater, the traditional Hamburg Engelsaal. The successful ensemble is now touring Germany for the first time.<\/p>\n<p>In the two-hour program (including a break), the actors Stefan Linker (Heinz Erhardt impersonator), Ralf Steltner and Karin Westfal engage in a veritable exchange of blows and recite one Heinz Erhardt poem after another. They are accompanied by piano, saxophone and drums. Catchy melodies to humorous texts, combined with the life story of the greatest German comedian, promise a good mix of spoken and sung texts. These are sometimes performed individually, sometimes in duets or in threes. The most beautiful poems and ballads of the pun genius, many of which have been set to music for the first time, are skilfully put together and presented in one piece. Whether it&#039;s Knight Fips or King Erl, whether it&#039;s maggots or cows, even the sour lemons and the G sketch are performed.<\/p>\n<p>The audience is treated to a firework display of wordplay, a musical full of comical memories of the exceptional, droll humorist. Let yourself be transported into the world of Heinz Erhardt, you will not stop laughing. Promised!<\/p>\n<p>Press reviews:<br \/>\n\u201eEine vergn\u00fcgliche Hommage an den Komiker und seinen einzigartigen Humor.\u201c (Hamburger Morgenpost)<br \/>\n\u201eEin Abend voller Gedichte, Wortverdrehungen und Bl\u00f6deleien. Die Zuschauer quieken vor Lachen.\u201c (Hamburger Abendblatt)<br \/>\n\u201eHeinz Erhardts Texte mit gro\u00dfer Leidenschaft gesungen und rezitiert \u2013 ein wirklich gelungener Abend.\u201c (NDR 90,3)<\/p>","protected":false},"excerpt":{"rendered":"<p>Das Musical \u00fcber den unvergessenen Schelm auf gro\u00dfer Deutschland-Tour \u201eNehmen Sie sich selbst auf den Arm \u2013 dann ersparen Sie anderen die Arbeit!\u201c (Heinz Erhardt) Er habe \u201eden Schalk im Nacken\u201c, sagte der Humorist, Schauspieler, Komponist, Kabarettist und Dichter Erhardt einst \u00fcber sich selbst. Er war und ist es wohl immer noch, der ungekr\u00f6nte K\u00f6nig [&hellip;]<\/p>\n","protected":false},"featured_media":38700,"template":"","meta":{"_acf_changed":false,"inline_featured_image":false},"product_brand":[],"product_cat":[6725,31,344,95,86,64,35,6730,21,58],"product_tag":[954,5420,3345,941,962,6774,951,943,6773,944,958,947,948],"class_list":{"0":"post-38696","1":"product","2":"type-product","3":"status-publish","4":"has-post-thumbnail","6":"product_cat-comedy","7":"product_cat-events","8":"product_cat-haus-auensee","9":"product_cat-humor","10":"product_cat-leipzig","11":"product_cat-musical-show","12":"product_cat-orte","13":"product_cat-show","14":"product_cat-ticket","15":"product_cat-veranstaltung","16":"product_tag-comedy","17":"product_tag-das-musical-ueber-den-unvergessenen-schelm","18":"product_tag-die-grosse-heinz-erhardt-show","19":"product_tag-events","20":"product_tag-haus-auensee","21":"product_tag-humor","22":"product_tag-kultur","23":"product_tag-leipzig","24":"product_tag-musical-show","25":"product_tag-orte","26":"product_tag-show","27":"product_tag-ticket","28":"product_tag-veranstaltung","29":"product_shipping_class-nur_paketversand","30":"pa_discount-inklusive-begleitperson","31":"pa_discount-normalpreis","32":"pa_preiskategorie-pk-i","33":"pa_preiskategorie-pk-ii","34":"pa_preiskategorie-pk-iii","35":"pa_preiskategorie-pk-iv","36":"pa_preiskategorie-premium-sitzplatz","37":"pa_preiskategorie-rollstuhlfahrer","38":"pa_preiskategorie-schwerbeschaedigt","40":"first","41":"instock","42":"taxable","43":"shipping-taxable","44":"purchasable","45":"product-type-variable"},"group_of_quantity":0,"min_quantity":0,"max_quantity":"","exclude_order_quantity_value_rules":"no","exclude_category_quantity_rules":"no","combine_variations":"no","acf":[],"_links":{"self":[{"href":"https:\/\/arena-ticket.com\/en\/wp-json\/wp\/v2\/product\/38696","targetHints":{"allow":["GET"]}}],"collection":[{"href":"https:\/\/arena-ticket.com\/en\/wp-json\/wp\/v2\/product"}],"about":[{"href":"https:\/\/arena-ticket.com\/en\/wp-json\/wp\/v2\/types\/product"}],"wp:featuredmedia":[{"embeddable":true,"href":"https:\/\/arena-ticket.com\/en\/wp-json\/wp\/v2\/media\/38700"}],"wp:attachment":[{"href":"https:\/\/arena-ticket.com\/en\/wp-json\/wp\/v2\/media?parent=38696"}],"wp:term":[{"taxonomy":"product_brand","embeddable":true,"href":"https:\/\/arena-ticket.com\/en\/wp-json\/wp\/v2\/product_brand?post=38696"},{"taxonomy":"product_cat","embeddable":true,"href":"https:\/\/arena-ticket.com\/en\/wp-json\/wp\/v2\/product_cat?post=38696"},{"taxonomy":"product_tag","embeddable":true,"href":"https:\/\/arena-ticket.com\/en\/wp-json\/wp\/v2\/product_tag?post=38696"}],"curies":[{"name":"wp","href":"https:\/\/api.w.org\/{rel}","templated":true}]}}