{"id":38704,"date":"2025-04-28T12:53:04","date_gmt":"2025-04-28T10:53:04","guid":{"rendered":"https:\/\/arena-ticket.com\/?p=38704&#038;post_type=product&#038;preview_id=38704"},"modified":"2025-06-03T16:52:48","modified_gmt":"2025-06-03T14:52:48","slug":"clueso-weihnachten-zu-hause-erfurt-messehalle-erfurt-28-12-2025-1930-uhr","status":"publish","type":"product","link":"https:\/\/arena-ticket.com\/en\/product\/clueso-weihnachten-zu-hause-erfurt-messehalle-erfurt-28-12-2025-1930-uhr\/","title":{"rendered":"Clueso - Weihnachten zu Hause"},"content":{"rendered":"<div class=\"u-position-relative js-moretext-wrapper\">\n<div class=\"moretext js-moretext with-image collapsed\" data-qa=\"readMoreText\">\n<div class=\"moretext-teaser\">\n<div class=\"external-content\">\n<p>Zahlreiche Auszeichnungen und beachtliche kommerzielle Erfolge machen Clueso zu einem der erfolgreichsten deutschen S\u00e4nger. \u00dcberraschende Kollaborationen mit deutschen Musiklegenden wie Udo Lindenberg und Wolfgang Niedecken pr\u00e4gen das k\u00fcnstlerische Werk des geb\u00fcrtigen Erfurters ebenso wie das Ausloten musikalischer Genre-Grenzen. Cluesos Shows versprechen gro\u00dfes Gef\u00fchl und entspannten Jam-Charakter.<\/p>\n<p>Der Karriereweg des deutschen Chartst\u00fcrmers liest sich wie ein Coming-of-Age-Roman mit m\u00e4rchenhaftem Ausgang. Am 9. April 1980 erblickt Clueso unter seinem b\u00fcrgerlichem Namen Thomas H\u00fcbner das Licht der Welt. Auf die f\u00fcr ihn eher schwierige Schulzeit im Erfurter Umland folgt eine Friseur-Ausbildung ohne Happy End: Clueso \u00fcberl\u00e4sst Kamm und Schere anderen und widmet sich lieber der frisch entflammten Hip-Hop-Passion.<\/p>\n<\/div>\n<\/div>\n<\/div>\n<\/div>","protected":false},"excerpt":{"rendered":"<p>jetzt Tickets hier sichern!<\/p>","protected":false},"featured_media":38707,"template":"","meta":{"_acf_changed":false,"inline_featured_image":false},"product_brand":[],"product_cat":[167,31,69,3126,35,6733,21,58],"product_tag":[4108,3127,941,942,3130,944,947,948,5421],"class_list":{"0":"post-38704","1":"product","2":"type-product","3":"status-publish","4":"has-post-thumbnail","6":"product_cat-erfurt","7":"product_cat-events","8":"product_cat-konzert","9":"product_cat-messehalle-erfurt","10":"product_cat-orte","11":"product_cat-pop","12":"product_cat-ticket","13":"product_cat-veranstaltung","14":"product_tag-clueso","15":"product_tag-erfurt","16":"product_tag-events","17":"product_tag-konzert","18":"product_tag-messehalle-erfurt","19":"product_tag-orte","20":"product_tag-ticket","21":"product_tag-veranstaltung","22":"product_tag-weihnachten-zu-hause","23":"product_shipping_class-nur_paketversand","24":"pa_discount-kind","25":"pa_discount-normalpreis","26":"pa_preiskategorie-stehplatz","28":"first","29":"outofstock","30":"taxable","31":"shipping-taxable","32":"purchasable","33":"product-type-variable"},"group_of_quantity":0,"min_quantity":0,"max_quantity":"","exclude_order_quantity_value_rules":"no","exclude_category_quantity_rules":"no","combine_variations":"no","acf":[],"_links":{"self":[{"href":"https:\/\/arena-ticket.com\/en\/wp-json\/wp\/v2\/product\/38704","targetHints":{"allow":["GET"]}}],"collection":[{"href":"https:\/\/arena-ticket.com\/en\/wp-json\/wp\/v2\/product"}],"about":[{"href":"https:\/\/arena-ticket.com\/en\/wp-json\/wp\/v2\/types\/product"}],"wp:featuredmedia":[{"embeddable":true,"href":"https:\/\/arena-ticket.com\/en\/wp-json\/wp\/v2\/media\/38707"}],"wp:attachment":[{"href":"https:\/\/arena-ticket.com\/en\/wp-json\/wp\/v2\/media?parent=38704"}],"wp:term":[{"taxonomy":"product_brand","embeddable":true,"href":"https:\/\/arena-ticket.com\/en\/wp-json\/wp\/v2\/product_brand?post=38704"},{"taxonomy":"product_cat","embeddable":true,"href":"https:\/\/arena-ticket.com\/en\/wp-json\/wp\/v2\/product_cat?post=38704"},{"taxonomy":"product_tag","embeddable":true,"href":"https:\/\/arena-ticket.com\/en\/wp-json\/wp\/v2\/product_tag?post=38704"}],"curies":[{"name":"wp","href":"https:\/\/api.w.org\/{rel}","templated":true}]}}