{"id":38709,"date":"2025-04-28T13:03:32","date_gmt":"2025-04-28T11:03:32","guid":{"rendered":"https:\/\/arena-ticket.com\/?p=38709&#038;post_type=product&#038;preview_id=38709"},"modified":"2025-04-28T13:12:27","modified_gmt":"2025-04-28T11:12:27","slug":"sarah-bosetti-make-democracy-great-again-leipzig-werk-2-29-10-2025-1930-uhr","status":"publish","type":"product","link":"https:\/\/arena-ticket.com\/en\/product\/sarah-bosetti-make-democracy-great-again-leipzig-werk-2-29-10-2025-1930-uhr\/","title":{"rendered":"Sarah Bosetti - Make Democracy Great Again!"},"content":{"rendered":"<p>Was verbindet einen AfD-W\u00e4hler und eine Klimaaktivistin? Die Angst, dass die Welt, wie sie ist, untergehen wird. Von wegen gespaltene Gesellschaft! Egal, ob rechts oder links, \u00abalter wei\u00dfer Mann\u00bb oder junge \u00abwoke\u00bb Frau, Lastenradfan oder Impfgegner: Wir sind vereint in unserer Angst vor einer d\u00fcsteren Zukunft.<\/p>\n<p>Doch <strong>Sarah Bosetti<\/strong> hat keine Lust auf Angst und Tr\u00fcbsal. Und sie hat eine bessere Idee! Wenn uns die Zukunft, wie sie gezeichnet wird, nicht gef\u00e4llt, dann sollten wir uns eine sch\u00f6nere malen und darauf hinarbeiten. Wenn niemand mehr Bock auf Demokratie hat, sollten wir sie nicht aufgeben, sondern besser machen.<\/p>\n<p>\u00ab<strong>Make Democracy Great Again!<\/strong>\u00bb ist ein lustiges, bissiges und aufr\u00fcttelndes Pl\u00e4doyer f\u00fcr die Rettung der Demokratie. Sarah Bosetti gibt Politiker*innen Kommunikationsnachhilfe, erfindet die sch\u00f6nsten Fake News, schreibt reflektierte Demoplakate und zeigt, wieso es ein Privileg ist, vom Sofa aufstehen zu d\u00fcrfen.<\/p>\n<p><strong>Sarah Bosetti<\/strong> ist Satirikerin, Autorin, Lyrikerin und Feministin wider Willen. Sie wurde bereitsu.a. mit dem Grimmepreis, dem Deutschen Fernsehpreis, dem Deutschen Kleinkunstpreis, dem Joachim-Ringelnatz-Preis f\u00fcr Lyrik und dem Dieter-Hildebrandt-Preis ausgezeichnet. Sie schreibt und moderiert die monatliche Late Night Show \u00abBosetti Late Night\u00bb (3sat), das w\u00f6chentliche Satireformat \u00abBosetti will reden!\u00bb (ZDF) sowie den extra3-Podcast \u00abBosettisWoche\u00bb (NDR) und ist regelm\u00e4\u00dfig auf Live-Tour im gesamten deutschsprachigen Raum.<\/p>\n<p>\u00abAlso wenn die Kacke irgendwann zusammenbricht ... an Sarah Bosetti lag\u2019s nicht.\u00bb \u2013 Marc-Uwe Kling<\/p>\n<p>\u00abSarah Bosetti hat eine noch nie dagewesene Form des Kabaretts und der Satire entwickelt.\u00bb \u2013 Jury Dieter-Hildebrandt-Preis<\/p>","protected":false},"excerpt":{"rendered":"<h2><a href=\"https:\/\/www.werk-2.de\/programm\/2025-10-29_sarah_bosetti-make_democracy_great_again\">Sarah Bosetti - Make Democracy Great Again!<\/a><\/h2>\n<h3>Worte gegen den Weltuntergang<\/h3>\n<h2 class=\"event__title\"><\/h2>","protected":false},"featured_media":38711,"template":"","meta":{"_acf_changed":false,"inline_featured_image":false},"product_brand":[],"product_cat":[31,922,86,6764,35,21,58,513],"product_tag":[954,941,951,943,5422,944,4692,958,947,948,972],"class_list":{"0":"post-38709","1":"product","2":"type-product","3":"status-publish","4":"has-post-thumbnail","6":"product_cat-events","7":"product_cat-kultur","8":"product_cat-leipzig","9":"product_cat-lesung","10":"product_cat-orte","11":"product_cat-ticket","12":"product_cat-veranstaltung","13":"product_cat-werk-zwei","14":"product_tag-comedy","15":"product_tag-events","16":"product_tag-kultur","17":"product_tag-leipzig","18":"product_tag-make-democracy-great-again","19":"product_tag-orte","20":"product_tag-sarah-bosetti","21":"product_tag-show","22":"product_tag-ticket","23":"product_tag-veranstaltung","24":"product_tag-werk-2","25":"product_shipping_class-nur_paketversand","26":"pa_discount-normalpreis","27":"pa_discount-schueler-student","28":"pa_preiskategorie-freie-platzwahl","30":"first","31":"instock","32":"taxable","33":"shipping-taxable","34":"purchasable","35":"product-type-variable"},"group_of_quantity":0,"min_quantity":0,"max_quantity":"","exclude_order_quantity_value_rules":"no","exclude_category_quantity_rules":"no","combine_variations":"no","acf":[],"_links":{"self":[{"href":"https:\/\/arena-ticket.com\/en\/wp-json\/wp\/v2\/product\/38709","targetHints":{"allow":["GET"]}}],"collection":[{"href":"https:\/\/arena-ticket.com\/en\/wp-json\/wp\/v2\/product"}],"about":[{"href":"https:\/\/arena-ticket.com\/en\/wp-json\/wp\/v2\/types\/product"}],"wp:featuredmedia":[{"embeddable":true,"href":"https:\/\/arena-ticket.com\/en\/wp-json\/wp\/v2\/media\/38711"}],"wp:attachment":[{"href":"https:\/\/arena-ticket.com\/en\/wp-json\/wp\/v2\/media?parent=38709"}],"wp:term":[{"taxonomy":"product_brand","embeddable":true,"href":"https:\/\/arena-ticket.com\/en\/wp-json\/wp\/v2\/product_brand?post=38709"},{"taxonomy":"product_cat","embeddable":true,"href":"https:\/\/arena-ticket.com\/en\/wp-json\/wp\/v2\/product_cat?post=38709"},{"taxonomy":"product_tag","embeddable":true,"href":"https:\/\/arena-ticket.com\/en\/wp-json\/wp\/v2\/product_tag?post=38709"}],"curies":[{"name":"wp","href":"https:\/\/api.w.org\/{rel}","templated":true}]}}