{"id":38714,"date":"2025-04-28T13:15:29","date_gmt":"2025-04-28T11:15:29","guid":{"rendered":"https:\/\/arena-ticket.com\/?p=38714&#038;post_type=product&#038;preview_id=38714"},"modified":"2026-01-05T11:25:25","modified_gmt":"2026-01-05T10:25:25","slug":"labrassbanda-polka-party-club-tour-2026-leipzig-felsenkeller-06-03-2026-2000-uhr","status":"publish","type":"product","link":"https:\/\/arena-ticket.com\/en\/product\/labrassbanda-polka-party-club-tour-2026-leipzig-felsenkeller-06-03-2026-2000-uhr\/","title":{"rendered":"LaBrassBanda  - Polka Party Club Tour 2026"},"content":{"rendered":"<p>LaBrassBanda ist eine seit 2007 bestehende Blasmusikgruppe aus \u00dcbersee am Chiemsee, die in bayerischer Mundart singt. Auf der B\u00fchne sind die Bandmitglieder regelm\u00e4\u00dfig in Lederhosen und mit nackten F\u00fc\u00dfen zu sehen. Die Musik von LaBrassBanda geh\u00f6rt zum Genre der Neuen Volksmusik. Die Gruppe selbst beschreibt ihre Songs als Bayerischen Gypsy Brass, Funk Brass oder auch als Alpen-Jazz-Techno.<\/p>\n<p>Der Name LaBrassBanda ist ein Kofferwort aus dem italienischen und dem englischen Begriff f\u00fcr \u201eBlasmusikkappelle\u201c: \u201ela banda\u201c und \u201ebrass band\u201c. Seit 2007 verschmelzen LaBrassBanda moderne und volkst\u00fcmliche Sounds und Texte zu einer charmanten Mischung \u2013 Mittanzen, Mitsingen und Schunkeln ist bei Live-Konzerten Pflicht. Die Band sagt selbst: \u201eF\u00fcr uns ist es einfach die Musik, die aus uns raus will.\u201c<\/p>","protected":false},"excerpt":{"rendered":"<p>Get your tickets here now!<\/p>","protected":false},"featured_media":62052,"template":"","meta":{"_acf_changed":false,"inline_featured_image":false},"product_brand":[],"product_cat":[31,348,69,86,35,6733,21,58],"product_tag":[941,1476,942,5423,943,944,5424,947,948],"class_list":{"0":"post-38714","1":"product","2":"type-product","3":"status-publish","4":"has-post-thumbnail","6":"product_cat-events","7":"product_cat-felsenkeller","8":"product_cat-konzert","9":"product_cat-leipzig","10":"product_cat-orte","11":"product_cat-pop","12":"product_cat-ticket","13":"product_cat-veranstaltung","14":"product_tag-events","15":"product_tag-felsenkeller","16":"product_tag-konzert","17":"product_tag-labrassbanda","18":"product_tag-leipzig","19":"product_tag-orte","20":"product_tag-polka-party-club-tour-2026","21":"product_tag-ticket","22":"product_tag-veranstaltung","23":"product_shipping_class-nur_paketversand","24":"pa_discount-normalpreis","25":"pa_preiskategorie-stehplatz","27":"first","28":"outofstock","29":"taxable","30":"shipping-taxable","31":"purchasable","32":"product-type-variable","33":"has-default-attributes"},"group_of_quantity":0,"min_quantity":0,"max_quantity":"","exclude_order_quantity_value_rules":"no","exclude_category_quantity_rules":"no","combine_variations":"no","acf":[],"_links":{"self":[{"href":"https:\/\/arena-ticket.com\/en\/wp-json\/wp\/v2\/product\/38714","targetHints":{"allow":["GET"]}}],"collection":[{"href":"https:\/\/arena-ticket.com\/en\/wp-json\/wp\/v2\/product"}],"about":[{"href":"https:\/\/arena-ticket.com\/en\/wp-json\/wp\/v2\/types\/product"}],"wp:featuredmedia":[{"embeddable":true,"href":"https:\/\/arena-ticket.com\/en\/wp-json\/wp\/v2\/media\/62052"}],"wp:attachment":[{"href":"https:\/\/arena-ticket.com\/en\/wp-json\/wp\/v2\/media?parent=38714"}],"wp:term":[{"taxonomy":"product_brand","embeddable":true,"href":"https:\/\/arena-ticket.com\/en\/wp-json\/wp\/v2\/product_brand?post=38714"},{"taxonomy":"product_cat","embeddable":true,"href":"https:\/\/arena-ticket.com\/en\/wp-json\/wp\/v2\/product_cat?post=38714"},{"taxonomy":"product_tag","embeddable":true,"href":"https:\/\/arena-ticket.com\/en\/wp-json\/wp\/v2\/product_tag?post=38714"}],"curies":[{"name":"wp","href":"https:\/\/api.w.org\/{rel}","templated":true}]}}