{"id":38811,"date":"2025-04-29T13:09:26","date_gmt":"2025-04-29T11:09:26","guid":{"rendered":"https:\/\/arena-ticket.com\/?p=38811&#038;post_type=product&#038;preview_id=38811"},"modified":"2025-07-31T13:33:15","modified_gmt":"2025-07-31T11:33:15","slug":"amy-macdonald-leipzig-haus-auensee-13-02-2026-2000-uhr","status":"publish","type":"product","link":"https:\/\/arena-ticket.com\/en\/product\/amy-macdonald-leipzig-haus-auensee-13-02-2026-2000-uhr\/","title":{"rendered":"Amy Macdonald"},"content":{"rendered":"<p>Seit \u00fcber 15 Jahren begeistert die schottische Singer-Songwriterin Amy Macdonald mit ihrem au\u00dfergew\u00f6hnlichen Talent f\u00fcrs Geschichtenerz\u00e4hlen und ihrer unverkennbaren Stimme Fans aller Generationen. Geboren 1987 in der N\u00e4he von Glasgow, entdeckte Macdonald ihre Leidenschaft f\u00fcr Musik nach einem Konzert der Rockband Travis. Begeistert kaufte sich im Alter von 13 Jahren ihre erste Gitarre und brachte sich das Spielen selbst bei. Schon bald schrieb sie eigene Songs und trat in den Pubs und Caf\u00e9s ihrer Heimat auf. Mit gerade einmal 18 Jahren verschickte sie Demos an Plattenlabels und unterschrieb 2007 einen Vertrag bei Vertigo. Noch im selben Jahr ver\u00f6ffentlichte sie ihr Deb\u00fctalbum: \u201eThis Is The Life\u201c wurde ein \u00dcberraschungserfolg. \u00dcber drei Millionen verkaufte Exemplare, Top-Platzierungen in den Charts ihrer Heimat und mehrerer europ\u00e4ischer L\u00e4nder, sowie \u00fcber 15-fach Platin sprechen f\u00fcr sich. Besonders ihr charmanter, schottischer Akzent, ihre eindrucksvollen Texte sowie der einzigartige Mix aus Gitarren-Pop und Folkmusik wurden vom Publikum begeistert aufgenommen. \u00dcber Nacht wurde Amy Macdonald zum Star. Doch sie ruhte sich auf ihrem Erfolg nicht aus. Bereits 2010 erschien der Nachfolger \u201eA Curious Thing\u201c, das erneut Spitzenpl\u00e4tze in den Charts erreichte und vielfach mit Platin ausgezeichnet wurde. Auch ihr drittes Werk \u201eLife In A Beautiful Light\u201c konnte nahtlos an diese Erfolge anschlie\u00dfen. Nach einigen privaten Ver\u00e4nderungen zog sich die Musikerin vor\u00fcbergehend in ihr Heimatdorf zur\u00fcck, um sich dort neu zu orientieren und in Ruhe neue Musik zu schreiben. Aus dieser Phase entstand 2017 ihr viertes Album \u201eUnder Stars\u201c, das ebenfalls gro\u00dfe Erfolge feierte. Im Oktober 2020 folgte mit \u201eThe Human Demands\u201c ihr f\u00fcnftes Album, das w\u00e4hrend des ersten Lockdowns der Covid-19-Pandemie entstanden war.<\/p>\n<p>Jetzt meldet sie sich mit ihrem sechsten Werk zur\u00fcck: \u201eIs This What You\u2019ve Been Waiting For?\u201c erscheint am 11. Juli 2025 und offenbart eine mutige Sammlung neuer Songs, in denen sie sich mit toxischen Freundschaften, dem Gef\u00fchl der Enge in romantischen Beziehungen und dem Ausbrechen aus gesellschaftlichen Zw\u00e4ngen auseinandersetzt. Der rote Faden des Albums ist ihr unersch\u00fctterlicher Wille, immer weiterzumachen \u2013 eine Botschaft, die sie auch ihrem Publikum auf den Weg geben m\u00f6chte. Um dieses neue Kapitel geb\u00fchrend zu feiern, geht Amy Macdonald im Fr\u00fchjahr 2026 auf gro\u00dfe Europa-Tournee und wird erneut unter Beweis stellen, warum sie als eine der emotionalsten und dynamischsten Live-Performerinnen gilt. Auch in Deutschland wird sie f\u00fcr insgesamt sechs Konzerte Halt machen, die man nicht verpassen sollte!<\/p>","protected":false},"excerpt":{"rendered":"<p>Amy Macdonald kommt Anfang 2026 f\u00fcr sechs Konzerte nach Deutschland!<\/p>","protected":false},"featured_media":38815,"template":"","meta":{"_acf_changed":false,"inline_featured_image":false},"product_brand":[],"product_cat":[31,344,69,86,35,6733,21,58],"product_tag":[5429,941,962,942,943,944,947,948],"class_list":{"0":"post-38811","1":"product","2":"type-product","3":"status-publish","4":"has-post-thumbnail","6":"product_cat-events","7":"product_cat-haus-auensee","8":"product_cat-konzert","9":"product_cat-leipzig","10":"product_cat-orte","11":"product_cat-pop","12":"product_cat-ticket","13":"product_cat-veranstaltung","14":"product_tag-amy-macdonald","15":"product_tag-events","16":"product_tag-haus-auensee","17":"product_tag-konzert","18":"product_tag-leipzig","19":"product_tag-orte","20":"product_tag-ticket","21":"product_tag-veranstaltung","22":"product_shipping_class-nur_paketversand","23":"pa_discount-inklusive-begleitperson","24":"pa_discount-kind","25":"pa_discount-normalpreis","26":"pa_preiskategorie-rollstuhlfahrer","27":"pa_preiskategorie-stehplatz","29":"first","30":"outofstock","31":"taxable","32":"shipping-taxable","33":"purchasable","34":"product-type-variable","35":"has-default-attributes"},"group_of_quantity":0,"min_quantity":0,"max_quantity":"","exclude_order_quantity_value_rules":"no","exclude_category_quantity_rules":"no","combine_variations":"no","acf":[],"_links":{"self":[{"href":"https:\/\/arena-ticket.com\/en\/wp-json\/wp\/v2\/product\/38811","targetHints":{"allow":["GET"]}}],"collection":[{"href":"https:\/\/arena-ticket.com\/en\/wp-json\/wp\/v2\/product"}],"about":[{"href":"https:\/\/arena-ticket.com\/en\/wp-json\/wp\/v2\/types\/product"}],"wp:featuredmedia":[{"embeddable":true,"href":"https:\/\/arena-ticket.com\/en\/wp-json\/wp\/v2\/media\/38815"}],"wp:attachment":[{"href":"https:\/\/arena-ticket.com\/en\/wp-json\/wp\/v2\/media?parent=38811"}],"wp:term":[{"taxonomy":"product_brand","embeddable":true,"href":"https:\/\/arena-ticket.com\/en\/wp-json\/wp\/v2\/product_brand?post=38811"},{"taxonomy":"product_cat","embeddable":true,"href":"https:\/\/arena-ticket.com\/en\/wp-json\/wp\/v2\/product_cat?post=38811"},{"taxonomy":"product_tag","embeddable":true,"href":"https:\/\/arena-ticket.com\/en\/wp-json\/wp\/v2\/product_tag?post=38811"}],"curies":[{"name":"wp","href":"https:\/\/api.w.org\/{rel}","templated":true}]}}