{"id":38816,"date":"2025-04-29T13:22:50","date_gmt":"2025-04-29T11:22:50","guid":{"rendered":"https:\/\/arena-ticket.com\/?p=38816&#038;post_type=product&#038;preview_id=38816"},"modified":"2025-06-14T12:44:54","modified_gmt":"2025-06-14T10:44:54","slug":"van-holzen-solang-die-erde-sich-dreht-tour-2025-leipzig-naumanns-im-felsenkeller-06-11-2025-2000-uhr","status":"publish","type":"product","link":"https:\/\/arena-ticket.com\/en\/product\/van-holzen-solang-die-erde-sich-dreht-tour-2025-leipzig-naumanns-im-felsenkeller-06-11-2025-2000-uhr\/","title":{"rendered":"VAN HOLZEN - \"SOLANG DIE ERDE SICH DREHT\" Tour 2025"},"content":{"rendered":"<p>Mit Mitte Zwanzig auf eine zehnj\u00e4hrige Bandgeschichte zur\u00fcckzublicken setzt vor allem eines voraus: Vertrauen ineinander. Flo Kiesling, Daniel Kotitschke und Jonas Schramm, gemeinsam VAN HOLZEN, verlauten auf ihrem vierten Studioalbum \"<a href=\"https:\/\/www.vanholzen.com\/preorder\" rel=\"nofollow noopener\" target=\"_blank\">SOLANG DIE ERDE SICH DREHT<\/a>\" (V\u00d6: 12.09.25) mit einem Augenzwinkern \"Ich will f\u00fcr immer jung und dumm sein\" und widmen dem gemeinsamen Erwachsenwerden oder Nicht-Erwachsenwerden-Wollen ein Album \u00fcber\u2019s Weitermachen inmitten des Chaos. \u00dcber das Sich-fallen-Lassen und Aufgefangen werden. So sind sie sich, nach drei Alben, zahlreichen Tourneen und dem \u00c4lterwerden im Konstrukt Rock-Band in eben jenem Chaos ihrer Sache sicher geworden.<\/p>\n<p>Nach \"<a href=\"https:\/\/open.spotify.com\/intl-de\/album\/1WMRLVZRosu6WcNu3twfU6?si=7yeRelbnTkqyeqCPL_2wkw\" rel=\"nofollow noopener\" target=\"_blank\">Aus der Ferne<\/a>\", dem zuletzt 2021 erschienen Album, haben sie sich erstmalig in Singles probiert, die nicht an ein Gesamtwerk gekettet sind. In Features mit\u00a0<a href=\"https:\/\/youtu.be\/JfIR6O64Aq8?si=9utgFjpObEaHsOGO\" rel=\"nofollow noopener\" target=\"_blank\">Mia Morgan<\/a>\u00a0and\u00a0<a href=\"https:\/\/youtu.be\/s0yfNTWFi90?si=gjnAbo14amgHEtO8\" rel=\"nofollow noopener\" target=\"_blank\">Dissy<\/a>\u00a0haben VAN HOLZEN ihr K\u00f6nnen an eing\u00e4ngigen Hooks und weniger vagen Texten geschli\ufb00en. So konnte man die Band 2023 erstmalig \u00fcber die Grenzen des eigenen Genres hinaus klingen h\u00f6ren. In der mit Alternative-Rock assoziierten D\u00fcsternis ist ein Licht entflammt, das bald den Weg zu ihrem vierten Album leuchtete.<\/p>\n<p>\"SOLANG DIE ERDE SICH DREHT\" ist ein ehrliches, therapeutisches Album, aus dessen nun nicht mehr allzu vagen Texten man die Bilanz ziehen kann, dass alle Dunkelheit heller und jeder R\u00fcckschlag weniger l\u00e4hmend ist, solange man gemeinschaftlich durchs Leben geht. Dieses Gef\u00fchl von Verbundenheit scheint auch auf das Publikum und macht die energiegeladenen Konzerte des Trios zu einer Besonderheit.<\/p>\n<p>Ab dem 06.11.25 geht es auf die n\u00e4chste\u00a0<a href=\"https:\/\/shop.vanholzen.com\/\" rel=\"nofollow noopener\" target=\"_blank\">trip<\/a>, die 16 Termine umfasst. Und auf der B\u00fchne und im Saal wei\u00df man: ohne einander k\u00f6nne man nicht hier sein. \"SOLANG DIE ERDE SICH DREHT\" streckt so, in Worten und Klang, die H\u00e4nde aus: Nach dem Publikum, nach den besten Freunden, nach oben, nach dem Licht.<\/p>\n<p>&nbsp;<\/p>","protected":false},"excerpt":{"rendered":"<p>Don&#039;t miss it!<\/p>","protected":false},"featured_media":38818,"template":"","meta":{"_acf_changed":false,"inline_featured_image":false},"product_brand":[],"product_cat":[31,69,86,451,35,6733,21,58],"product_tag":[5431,941,942,943,990,944,947,5430,948],"class_list":{"0":"post-38816","1":"product","2":"type-product","3":"status-publish","4":"has-post-thumbnail","6":"product_cat-events","7":"product_cat-konzert","8":"product_cat-leipzig","9":"product_cat-naumanns-im-felsenkeller","10":"product_cat-orte","11":"product_cat-pop","12":"product_cat-ticket","13":"product_cat-veranstaltung","14":"product_tag-solang-die-erde-sich-dreht-tour-2025","15":"product_tag-events","16":"product_tag-konzert","17":"product_tag-leipzig","18":"product_tag-naumanns-im-felsenkeller","19":"product_tag-orte","20":"product_tag-ticket","21":"product_tag-van-holzen","22":"product_tag-veranstaltung","23":"product_shipping_class-nur_paketversand","24":"pa_discount-normalpreis","25":"pa_preiskategorie-stehplatz","27":"first","28":"instock","29":"taxable","30":"shipping-taxable","31":"purchasable","32":"product-type-variable","33":"has-default-attributes"},"group_of_quantity":0,"min_quantity":0,"max_quantity":"","exclude_order_quantity_value_rules":"no","exclude_category_quantity_rules":"no","combine_variations":"no","acf":[],"_links":{"self":[{"href":"https:\/\/arena-ticket.com\/en\/wp-json\/wp\/v2\/product\/38816","targetHints":{"allow":["GET"]}}],"collection":[{"href":"https:\/\/arena-ticket.com\/en\/wp-json\/wp\/v2\/product"}],"about":[{"href":"https:\/\/arena-ticket.com\/en\/wp-json\/wp\/v2\/types\/product"}],"wp:featuredmedia":[{"embeddable":true,"href":"https:\/\/arena-ticket.com\/en\/wp-json\/wp\/v2\/media\/38818"}],"wp:attachment":[{"href":"https:\/\/arena-ticket.com\/en\/wp-json\/wp\/v2\/media?parent=38816"}],"wp:term":[{"taxonomy":"product_brand","embeddable":true,"href":"https:\/\/arena-ticket.com\/en\/wp-json\/wp\/v2\/product_brand?post=38816"},{"taxonomy":"product_cat","embeddable":true,"href":"https:\/\/arena-ticket.com\/en\/wp-json\/wp\/v2\/product_cat?post=38816"},{"taxonomy":"product_tag","embeddable":true,"href":"https:\/\/arena-ticket.com\/en\/wp-json\/wp\/v2\/product_tag?post=38816"}],"curies":[{"name":"wp","href":"https:\/\/api.w.org\/{rel}","templated":true}]}}