{"id":38835,"date":"2025-04-29T15:23:41","date_gmt":"2025-04-29T13:23:41","guid":{"rendered":"https:\/\/arena-ticket.com\/?p=38835&#038;post_type=product&#038;preview_id=38835"},"modified":"2025-08-01T14:00:14","modified_gmt":"2025-08-01T12:00:14","slug":"dr-mark-benecke-serienmord-halle-saale-steintor-variete-25-09-2026-1930-uhr","status":"publish","type":"product","link":"https:\/\/arena-ticket.com\/en\/product\/dr-mark-benecke-serienmord-halle-saale-steintor-variete-25-09-2026-1930-uhr\/","title":{"rendered":"Dr. Mark Benecke  - Serienmord"},"content":{"rendered":"<p>Mord ist sein Metier \u2013 seine Arbeit f\u00e4ngt dort an, wo andere sich angewidert abwenden: Leichen, F\u00e4ulnis und vor allem Insekten geh\u00f6ren zum Alltag von Dr. Mark Benecke. Der 51-j\u00e4hrige Kriminalbiologe tr\u00e4gt mit seinem Wissen zur Aufkl\u00e4rung so manches Falls bei. Die Auftritte des Wissenschaftlers, bei denen er aus dem N\u00e4hk\u00e4stchen plaudert, sind nichts f\u00fcr schwache Nerven \u2013 aber f\u00fcr alle Neugierigen vor allem spannend und informativ.<\/p>\n<p>&nbsp;<\/p>\n<p>Dr. Mark Benecke ist international gefragter Fachmann in der forensischen Entomologie, wie sein Fachgebiet innerhalb der Kriminalbiologie hei\u00dft \u2013 also der Insektenkunde, die bei der Aufkl\u00e4rung von Todesf\u00e4llen und Verbrechen mitunter eine wichtige Rolle spielt. Mehr noch: Er bringt diesen Bereich der Ermittlungen erst so richtig ins Licht der \u00d6ffentlichkeit.<\/p>","protected":false},"excerpt":{"rendered":"<p>Don&#039;t miss it!<\/p>","protected":false},"featured_media":2955,"template":"","meta":{"_acf_changed":false,"inline_featured_image":false},"product_brand":[],"product_cat":[31,102,922,6764,35,496,21,58],"product_tag":[954,3030,941,999,951,944,5432,2788,947,948],"class_list":{"0":"post-38835","1":"product","2":"type-product","3":"status-publish","4":"has-post-thumbnail","6":"product_cat-events","7":"product_cat-halle","8":"product_cat-kultur","9":"product_cat-lesung","10":"product_cat-orte","11":"product_cat-steintor-variete","12":"product_cat-ticket","13":"product_cat-veranstaltung","14":"product_tag-comedy","15":"product_tag-dr-mark-benecke","16":"product_tag-events","17":"product_tag-halle","18":"product_tag-kultur","19":"product_tag-orte","20":"product_tag-serienmord","21":"product_tag-steintor-variete","22":"product_tag-ticket","23":"product_tag-veranstaltung","24":"product_shipping_class-nur_paketversand","25":"pa_discount-ermaessigt","26":"pa_discount-normalpreis","27":"pa_preiskategorie-pk-i","29":"first","30":"outofstock","31":"taxable","32":"shipping-taxable","33":"purchasable","34":"product-type-variable","35":"has-default-attributes"},"group_of_quantity":0,"min_quantity":0,"max_quantity":"","exclude_order_quantity_value_rules":"no","exclude_category_quantity_rules":"no","combine_variations":"no","acf":[],"_links":{"self":[{"href":"https:\/\/arena-ticket.com\/en\/wp-json\/wp\/v2\/product\/38835","targetHints":{"allow":["GET"]}}],"collection":[{"href":"https:\/\/arena-ticket.com\/en\/wp-json\/wp\/v2\/product"}],"about":[{"href":"https:\/\/arena-ticket.com\/en\/wp-json\/wp\/v2\/types\/product"}],"wp:featuredmedia":[{"embeddable":true,"href":"https:\/\/arena-ticket.com\/en\/wp-json\/wp\/v2\/media\/2955"}],"wp:attachment":[{"href":"https:\/\/arena-ticket.com\/en\/wp-json\/wp\/v2\/media?parent=38835"}],"wp:term":[{"taxonomy":"product_brand","embeddable":true,"href":"https:\/\/arena-ticket.com\/en\/wp-json\/wp\/v2\/product_brand?post=38835"},{"taxonomy":"product_cat","embeddable":true,"href":"https:\/\/arena-ticket.com\/en\/wp-json\/wp\/v2\/product_cat?post=38835"},{"taxonomy":"product_tag","embeddable":true,"href":"https:\/\/arena-ticket.com\/en\/wp-json\/wp\/v2\/product_tag?post=38835"}],"curies":[{"name":"wp","href":"https:\/\/api.w.org\/{rel}","templated":true}]}}