{"id":38857,"date":"2025-04-29T17:28:49","date_gmt":"2025-04-29T15:28:49","guid":{"rendered":"https:\/\/arena-ticket.com\/?p=38857&#038;post_type=product&#038;preview_id=38857"},"modified":"2025-05-26T13:01:54","modified_gmt":"2025-05-26T11:01:54","slug":"the-firebirds-burlesque-show-2026-halle-steintor-variete-26-03-2026-1930-uhr","status":"publish","type":"product","link":"https:\/\/arena-ticket.com\/en\/product\/the-firebirds-burlesque-show-2026-halle-steintor-variete-26-03-2026-1930-uhr\/","title":{"rendered":"The Firebirds Burlesque Show - 2026"},"content":{"rendered":"<p>Auch 2026 pr\u00e4sentiert diese Show mit neuem internationalen Cast ausgesuchte K\u00fcnstlerinnen aus verschiedenen L\u00e4ndern und verbindet Sinnlichkeit mit Anspruch und artistischen H\u00f6chstleistungen.<\/p>\n<p>Deutschlands erfolgreichste Burlesque-Revue \u201eThe Firebirds Burlesque Show\u201c, mit dem exklusiven Burlesquestar \u201eATHENA BEAVUOIR\u201c aus Gro\u00dfbritanien, der bezaubernden \u201eMISS CANDICE\u201c aus den USA und die italienische Stil-Ikone \u201eRita Lynch\u201c aus Italien. Verst\u00e4rkt werden die Burlesquedamen durch die artistischen H\u00f6chstleistungen von \u201eVIVIAN SPIRAL\u201c aus den USA und \u201eKATRINA ASFARDI\u201c aus Lettand.<\/p>\n<p>Diese wahrhaft reizenden, s\u00fcndigen Damen treffen auf Deutschlands hei\u00dfeste Rock\u2019n\u2019Roll-Formation \u201eTHE FIREBIRDS\u201c. Zusammen mit der australischen Ausnahmes\u00e4ngerin und Publikumsliebling \u201eKIKI De VILLE\u201c bieten sie musikalisch zeitlos gutes Entertainment aus Klassikern der 50s &amp; 60s, charmanten A-Cappella-Einlagen und jazzigen Momenten.<\/p>\n<p>\u201eTHE FIREBIRDS BURLESQUE SHOW\u201c f\u00fchrt auch im Jahr 2026 fort, was in der Vergangenheit nicht nur mit gro\u00dfer Begeisterung aufgenommen wurde, sondern das Event in \u00fcber 200 Auff\u00fchrungen zum gr\u00f6\u00dften und erfolgreichsten seiner Art in Deutschland gemacht hat!<\/p>\n<p>\u2026 das SHOW HIGHLIGHT\u2026 auf Tour 2026!<\/p>","protected":false},"excerpt":{"rendered":"<p>Get your tickets here now!<\/p>","protected":false},"featured_media":38861,"template":"","meta":{"_acf_changed":false,"inline_featured_image":false},"product_brand":[],"product_cat":[31,102,64,35,6730,496,21,58],"product_tag":[4206,941,999,942,951,944,958,2788,3101,947,948],"class_list":{"0":"post-38857","1":"product","2":"type-product","3":"status-publish","4":"has-post-thumbnail","6":"product_cat-events","7":"product_cat-halle","8":"product_cat-musical-show","9":"product_cat-orte","10":"product_cat-show","11":"product_cat-steintor-variete","12":"product_cat-ticket","13":"product_cat-veranstaltung","14":"product_tag-4206","15":"product_tag-events","16":"product_tag-halle","17":"product_tag-konzert","18":"product_tag-kultur","19":"product_tag-orte","20":"product_tag-show","21":"product_tag-steintor-variete","22":"product_tag-the-firebirds-burlesque-show","23":"product_tag-ticket","24":"product_tag-veranstaltung","25":"product_shipping_class-nur_paketversand","26":"pa_discount-normalpreis","27":"pa_preiskategorie-pk-i","28":"pa_preiskategorie-pk-ii","29":"pa_preiskategorie-pk-iii","31":"first","32":"instock","33":"taxable","34":"shipping-taxable","35":"purchasable","36":"product-type-variable"},"group_of_quantity":0,"min_quantity":0,"max_quantity":"","exclude_order_quantity_value_rules":"no","exclude_category_quantity_rules":"no","combine_variations":"no","acf":[],"_links":{"self":[{"href":"https:\/\/arena-ticket.com\/en\/wp-json\/wp\/v2\/product\/38857","targetHints":{"allow":["GET"]}}],"collection":[{"href":"https:\/\/arena-ticket.com\/en\/wp-json\/wp\/v2\/product"}],"about":[{"href":"https:\/\/arena-ticket.com\/en\/wp-json\/wp\/v2\/types\/product"}],"wp:featuredmedia":[{"embeddable":true,"href":"https:\/\/arena-ticket.com\/en\/wp-json\/wp\/v2\/media\/38861"}],"wp:attachment":[{"href":"https:\/\/arena-ticket.com\/en\/wp-json\/wp\/v2\/media?parent=38857"}],"wp:term":[{"taxonomy":"product_brand","embeddable":true,"href":"https:\/\/arena-ticket.com\/en\/wp-json\/wp\/v2\/product_brand?post=38857"},{"taxonomy":"product_cat","embeddable":true,"href":"https:\/\/arena-ticket.com\/en\/wp-json\/wp\/v2\/product_cat?post=38857"},{"taxonomy":"product_tag","embeddable":true,"href":"https:\/\/arena-ticket.com\/en\/wp-json\/wp\/v2\/product_tag?post=38857"}],"curies":[{"name":"wp","href":"https:\/\/api.w.org\/{rel}","templated":true}]}}